{"id":712,"date":"2022-03-29T09:14:11","date_gmt":"2022-03-29T07:14:11","guid":{"rendered":"https:\/\/jardinescostaflorecida.com\/?page_id=712"},"modified":"2022-04-23T16:03:49","modified_gmt":"2022-04-23T14:03:49","slug":"blog","status":"publish","type":"page","link":"https:\/\/jardinescostaflorecida.com\/en\/blog\/","title":{"rendered":"Blog"},"content":{"rendered":"<div  class='av-alb-blogposts template-blog  '  itemscope=\"itemscope\" itemtype=\"https:\/\/schema.org\/Blog\" ><article class=\"post-entry post-entry-type-standard post-entry-5742 post-loop-1 post-parity-odd single-big with-slider post-5742 post type-post status-publish format-standard has-post-thumbnail hentry category-sin-categoria\"  itemscope=\"itemscope\" itemtype=\"https:\/\/schema.org\/BlogPosting\" ><div class=\"big-preview single-big\"  itemprop=\"image\" itemscope=\"itemscope\" itemtype=\"https:\/\/schema.org\/ImageObject\" ><a href=\"https:\/\/jardinescostaflorecida.com\/en\/empresa-profesional-de-jardineria-en-mallorca\/\"  title=\"dise\u00f1o de jardines en mallorca\" ><img loading=\"lazy\" loading=\"lazy\" decoding=\"async\" loading=\"lazy\" width=\"1024\" height=\"423\" src=\"https:\/\/jardinescostaflorecida.com\/wp-content\/uploads\/2025\/01\/guia-diseno-jardines-mallorca-1024x423.webp\" class=\"wp-image-3756 avia-img-lazy-loading-3756 attachment-entry_without_sidebar size-entry_without_sidebar wp-post-image\" alt=\"Guia dise\u00f1o jardines mallorca, empresa profesional de jardiner\u00eda Mallorca\" \/><\/a><\/div><div class=\"blog-meta\"><\/div><div class='entry-content-wrapper clearfix standard-content'><header class=\"entry-content-header\" aria-label=\"Post: Empresa profesional de jardiner\u00eda en Mallorca Transforma tus espacios verdes con expertos\"><h2 class='post-title entry-title '  itemprop=\"headline\" ><a href=\"https:\/\/jardinescostaflorecida.com\/en\/empresa-profesional-de-jardineria-en-mallorca\/\" rel=\"bookmark\" title=\"Permanent Link: Empresa profesional de jardiner\u00eda en Mallorca Transforma tus espacios verdes con expertos\">Empresa profesional de jardiner\u00eda en Mallorca Transforma tus espacios verdes con expertos<span class=\"post-format-icon minor-meta\"><\/span><\/a><\/h2><span class=\"post-meta-infos\"><time class=\"date-container minor-meta updated\"  itemprop=\"datePublished\" datetime=\"2025-10-05T16:56:13+02:00\" >5 October, 2025<\/time><span class=\"text-sep\">\/<\/span><span class=\"blog-categories minor-meta\">in <a href=\"https:\/\/jardinescostaflorecida.com\/en\/category\/uncategorized\/\" rel=\"tag\">Sin categor\u00eda<\/a><\/span><span class=\"text-sep\">\/<\/span><span class=\"blog-author minor-meta\">by <span class=\"entry-author-link\"  itemprop=\"author\" ><span class=\"author\"><span class=\"fn\"><a href=\"https:\/\/jardinescostaflorecida.com\/en\/author\/bbb9adb8f2\/\" title=\"Posts by Jardines Costa Florecida\" rel=\"author\">Jardines Costa Florecida<\/a><\/span><\/span><\/span><\/span><\/span><\/header><div class=\"entry-content\"  itemprop=\"text\" ><p>Los jardines son mucho m\u00e1s que un espacio exterior: son lugares de descanso, convivencia y conexi\u00f3n con la naturaleza. Sin embargo, mantenerlos en buen estado requiere tiempo, conocimiento y dedicaci\u00f3n. Por eso, contar con una empresa profesional de jardiner\u00eda en Mallorca es la mejor forma de garantizar que tu jard\u00edn luzca siempre cuidado, saludable y [&hellip;]<\/p>\n<div class=\"read-more-link\"><a href=\"https:\/\/jardinescostaflorecida.com\/en\/empresa-profesional-de-jardineria-en-mallorca\/\" class=\"more-link\">Read more<span class=\"more-link-arrow\"><\/span><\/a><\/div>\n<\/div><footer class=\"entry-footer\"><\/footer><div class='post_delimiter'><\/div><\/div><div class=\"post_author_timeline\"><\/div><span class='hidden'>\n\t\t\t\t<span class='av-structured-data'  itemprop=\"image\" itemscope=\"itemscope\" itemtype=\"https:\/\/schema.org\/ImageObject\" >\n\t\t\t\t\t\t<span itemprop='url'>https:\/\/jardinescostaflorecida.com\/wp-content\/uploads\/2025\/01\/guia-diseno-jardines-mallorca.webp<\/span>\n\t\t\t\t\t\t<span itemprop='height'>1024<\/span>\n\t\t\t\t\t\t<span itemprop='width'>1024<\/span>\n\t\t\t\t<\/span>\n\t\t\t\t<span class='av-structured-data'  itemprop=\"publisher\" itemtype=\"https:\/\/schema.org\/Organization\" itemscope=\"itemscope\" >\n\t\t\t\t\t\t<span itemprop='name'>Jardines Costa Florecida<\/span>\n\t\t\t\t\t\t<span itemprop='logo' itemscope itemtype='https:\/\/schema.org\/ImageObject'>\n\t\t\t\t\t\t\t<span itemprop='url'>https:\/\/jardinescostaflorecida.com\/wp-content\/uploads\/2019\/04\/logo-nuevo.jpg<\/span>\n\t\t\t\t\t\t<\/span>\n\t\t\t\t<\/span><span class='av-structured-data'  itemprop=\"author\" itemscope=\"itemscope\" itemtype=\"https:\/\/schema.org\/Person\" ><span itemprop='name'>Jardines Costa Florecida<\/span><\/span><span class='av-structured-data'  itemprop=\"datePublished\" datetime=\"2025-10-05T16:56:13+02:00\" >2025-10-05 16:56:13<\/span><span class='av-structured-data'  itemprop=\"dateModified\" itemtype=\"https:\/\/schema.org\/dateModified\" >2025-10-01 16:57:57<\/span><span class='av-structured-data'  itemprop=\"mainEntityOfPage\" itemtype=\"https:\/\/schema.org\/mainEntityOfPage\" ><span itemprop='name'>Empresa profesional de jardiner\u00eda en Mallorca Transforma tus espacios verdes con expertos<\/span><\/span><\/span><\/article><article class=\"post-entry post-entry-type-standard post-entry-5592 post-loop-2 post-parity-even single-big  post-5592 post type-post status-publish format-standard hentry category-sin-categoria\"  itemscope=\"itemscope\" itemtype=\"https:\/\/schema.org\/BlogPosting\" ><div class=\"blog-meta\"><\/div><div class='entry-content-wrapper clearfix standard-content'><header class=\"entry-content-header\" aria-label=\"Post: C\u00f3mo elegir la mejor empresa de jardiner\u00eda en Mallorca para tu hogar o negocio\"><h2 class='post-title entry-title '  itemprop=\"headline\" ><a href=\"https:\/\/jardinescostaflorecida.com\/en\/como-elegir-la-mejor-empresa-de-jardineria-en-mallorca\/\" rel=\"bookmark\" title=\"Permanent Link: C\u00f3mo elegir la mejor empresa de jardiner\u00eda en Mallorca para tu hogar o negocio\">C\u00f3mo elegir la mejor empresa de jardiner\u00eda en Mallorca para tu hogar o negocio<span class=\"post-format-icon minor-meta\"><\/span><\/a><\/h2><span class=\"post-meta-infos\"><time class=\"date-container minor-meta updated\"  itemprop=\"datePublished\" datetime=\"2025-09-10T16:49:08+02:00\" >10 September, 2025<\/time><span class=\"text-sep\">\/<\/span><span class=\"blog-categories minor-meta\">in <a href=\"https:\/\/jardinescostaflorecida.com\/en\/category\/uncategorized\/\" rel=\"tag\">Sin categor\u00eda<\/a><\/span><span class=\"text-sep\">\/<\/span><span class=\"blog-author minor-meta\">by <span class=\"entry-author-link\"  itemprop=\"author\" ><span class=\"author\"><span class=\"fn\"><a href=\"https:\/\/jardinescostaflorecida.com\/en\/author\/bbb9adb8f2\/\" title=\"Posts by Jardines Costa Florecida\" rel=\"author\">Jardines Costa Florecida<\/a><\/span><\/span><\/span><\/span><\/span><\/header><div class=\"entry-content\"  itemprop=\"text\" ><p>Los jardines son mucho m\u00e1s que un espacio verde: transmiten bienestar, aportan frescura y se convierten en un punto de encuentro para disfrutar del tiempo libre. En una isla como Mallorca, donde el clima mediterr\u00e1neo invita a pasar horas al aire libre, cada vez m\u00e1s personas valoran contar con un jard\u00edn bien cuidado, ya sea [&hellip;]<\/p>\n<div class=\"read-more-link\"><a href=\"https:\/\/jardinescostaflorecida.com\/en\/como-elegir-la-mejor-empresa-de-jardineria-en-mallorca\/\" class=\"more-link\">Read more<span class=\"more-link-arrow\"><\/span><\/a><\/div>\n<\/div><footer class=\"entry-footer\"><\/footer><div class='post_delimiter'><\/div><\/div><div class=\"post_author_timeline\"><\/div><span class='hidden'>\n\t\t\t\t<span class='av-structured-data'  itemprop=\"image\" itemscope=\"itemscope\" itemtype=\"https:\/\/schema.org\/ImageObject\" >\n\t\t\t\t\t\t<span itemprop='url'>https:\/\/jardinescostaflorecida.com\/wp-content\/uploads\/2019\/04\/logo-nuevo.jpg<\/span>\n\t\t\t\t\t\t<span itemprop='height'>0<\/span>\n\t\t\t\t\t\t<span itemprop='width'>0<\/span>\n\t\t\t\t<\/span>\n\t\t\t\t<span class='av-structured-data'  itemprop=\"publisher\" itemtype=\"https:\/\/schema.org\/Organization\" itemscope=\"itemscope\" >\n\t\t\t\t\t\t<span itemprop='name'>Jardines Costa Florecida<\/span>\n\t\t\t\t\t\t<span itemprop='logo' itemscope itemtype='https:\/\/schema.org\/ImageObject'>\n\t\t\t\t\t\t\t<span itemprop='url'>https:\/\/jardinescostaflorecida.com\/wp-content\/uploads\/2019\/04\/logo-nuevo.jpg<\/span>\n\t\t\t\t\t\t<\/span>\n\t\t\t\t<\/span><span class='av-structured-data'  itemprop=\"author\" itemscope=\"itemscope\" itemtype=\"https:\/\/schema.org\/Person\" ><span itemprop='name'>Jardines Costa Florecida<\/span><\/span><span class='av-structured-data'  itemprop=\"datePublished\" datetime=\"2025-09-10T16:49:08+02:00\" >2025-09-10 16:49:08<\/span><span class='av-structured-data'  itemprop=\"dateModified\" itemtype=\"https:\/\/schema.org\/dateModified\" >2025-09-10 16:49:08<\/span><span class='av-structured-data'  itemprop=\"mainEntityOfPage\" itemtype=\"https:\/\/schema.org\/mainEntityOfPage\" ><span itemprop='name'>C\u00f3mo elegir la mejor empresa de jardiner\u00eda en Mallorca para tu hogar o negocio<\/span><\/span><\/span><\/article><article class=\"post-entry post-entry-type-standard post-entry-5144 post-loop-3 post-parity-odd post-entry-last single-big with-slider post-5144 post type-post status-publish format-standard has-post-thumbnail hentry category-sin-categoria\"  itemscope=\"itemscope\" itemtype=\"https:\/\/schema.org\/BlogPosting\" ><div class=\"big-preview single-big\"  itemprop=\"image\" itemscope=\"itemscope\" itemtype=\"https:\/\/schema.org\/ImageObject\" ><a href=\"https:\/\/jardinescostaflorecida.com\/en\/gartenbauunternehmen-mallorca\/\"  title=\"tratamientos-fitosanitarios-mallorca\" ><img loading=\"lazy\" loading=\"lazy\" decoding=\"async\" loading=\"lazy\" width=\"1210\" height=\"423\" src=\"https:\/\/jardinescostaflorecida.com\/wp-content\/uploads\/2022\/07\/tratamientos-fitosanitarios-mallorca-1-1210x423.jpg\" class=\"wp-image-1294 avia-img-lazy-loading-1294 attachment-entry_without_sidebar size-entry_without_sidebar wp-post-image\" alt=\"tratamiento fitosanitario en arboles y plantas\" \/><\/a><\/div><div class=\"blog-meta\"><\/div><div class='entry-content-wrapper clearfix standard-content'><header class=\"entry-content-header\" aria-label=\"Post: Gartenbauunternehmen auf Mallorca: Der komplette Ratgeber + Tipps zur Containervermietung\"><h2 class='post-title entry-title '  itemprop=\"headline\" ><a href=\"https:\/\/jardinescostaflorecida.com\/en\/gartenbauunternehmen-mallorca\/\" rel=\"bookmark\" title=\"Permanent Link: Gartenbauunternehmen auf Mallorca: Der komplette Ratgeber + Tipps zur Containervermietung\">Gartenbauunternehmen auf Mallorca: Der komplette Ratgeber + Tipps zur Containervermietung<span class=\"post-format-icon minor-meta\"><\/span><\/a><\/h2><span class=\"post-meta-infos\"><time class=\"date-container minor-meta updated\"  itemprop=\"datePublished\" datetime=\"2025-08-03T18:21:32+02:00\" >3 August, 2025<\/time><span class=\"text-sep\">\/<\/span><span class=\"blog-categories minor-meta\">in <a href=\"https:\/\/jardinescostaflorecida.com\/en\/category\/uncategorized\/\" rel=\"tag\">Sin categor\u00eda<\/a><\/span><span class=\"text-sep\">\/<\/span><span class=\"blog-author minor-meta\">by <span class=\"entry-author-link\"  itemprop=\"author\" ><span class=\"author\"><span class=\"fn\"><a href=\"https:\/\/jardinescostaflorecida.com\/en\/author\/bbb9adb8f2\/\" title=\"Posts by Jardines Costa Florecida\" rel=\"author\">Jardines Costa Florecida<\/a><\/span><\/span><\/span><\/span><\/span><\/header><div class=\"entry-content\"  itemprop=\"text\" ><p>M\u00f6chten Sie Ihren Au\u00dfenbereich professionell gestalten lassen? Jardines Costa Florecida, ein renommiertes Gartenbauunternehmen auf Mallorca, ist Ihr kompetenter Partner f\u00fcr Gartenplanung, Installation und dauerhafte Pflege. Egal, ob Sie Eigent\u00fcmer einer Privatimmobilie oder Verwalter einer Wohnanlage sind \u2013 dieser Ratgeber erkl\u00e4rt, worauf Sie bei der Auswahl eines Gartenservices achten sollten. Au\u00dferdem zeigen wir Ihnen, wie Containervermietung [&hellip;]<\/p>\n<div class=\"read-more-link\"><a href=\"https:\/\/jardinescostaflorecida.com\/en\/gartenbauunternehmen-mallorca\/\" class=\"more-link\">Read more<span class=\"more-link-arrow\"><\/span><\/a><\/div>\n<\/div><footer class=\"entry-footer\"><\/footer><div class='post_delimiter'><\/div><\/div><div class=\"post_author_timeline\"><\/div><span class='hidden'>\n\t\t\t\t<span class='av-structured-data'  itemprop=\"image\" itemscope=\"itemscope\" itemtype=\"https:\/\/schema.org\/ImageObject\" >\n\t\t\t\t\t\t<span itemprop='url'>https:\/\/jardinescostaflorecida.com\/wp-content\/uploads\/2022\/07\/tratamientos-fitosanitarios-mallorca-1-scaled.jpg<\/span>\n\t\t\t\t\t\t<span itemprop='height'>1707<\/span>\n\t\t\t\t\t\t<span itemprop='width'>2560<\/span>\n\t\t\t\t<\/span>\n\t\t\t\t<span class='av-structured-data'  itemprop=\"publisher\" itemtype=\"https:\/\/schema.org\/Organization\" itemscope=\"itemscope\" >\n\t\t\t\t\t\t<span itemprop='name'>Jardines Costa Florecida<\/span>\n\t\t\t\t\t\t<span itemprop='logo' itemscope itemtype='https:\/\/schema.org\/ImageObject'>\n\t\t\t\t\t\t\t<span itemprop='url'>https:\/\/jardinescostaflorecida.com\/wp-content\/uploads\/2019\/04\/logo-nuevo.jpg<\/span>\n\t\t\t\t\t\t<\/span>\n\t\t\t\t<\/span><span class='av-structured-data'  itemprop=\"author\" itemscope=\"itemscope\" itemtype=\"https:\/\/schema.org\/Person\" ><span itemprop='name'>Jardines Costa Florecida<\/span><\/span><span class='av-structured-data'  itemprop=\"datePublished\" datetime=\"2025-08-03T18:21:32+02:00\" >2025-08-03 18:21:32<\/span><span class='av-structured-data'  itemprop=\"dateModified\" itemtype=\"https:\/\/schema.org\/dateModified\" >2025-08-03 18:21:32<\/span><span class='av-structured-data'  itemprop=\"mainEntityOfPage\" itemtype=\"https:\/\/schema.org\/mainEntityOfPage\" ><span itemprop='name'>Gartenbauunternehmen auf Mallorca: Der komplette Ratgeber + Tipps zur Containervermietung<\/span><\/span><\/span><\/article><div class='single-big'><nav class='pagination'><span class='pagination-meta'>Page 1 of 5<\/span><span class='current'>1<\/span><a href='https:\/\/jardinescostaflorecida.com\/en\/wp-json\/wp\/v2\/pages\/712\/page\/2\/' class='inactive next_page' >2<\/a><a href='https:\/\/jardinescostaflorecida.com\/en\/wp-json\/wp\/v2\/pages\/712\/page\/3\/' class='inactive' >3<\/a><a href='https:\/\/jardinescostaflorecida.com\/en\/wp-json\/wp\/v2\/pages\/712\/page\/4\/' class='inactive' >4<\/a><a href='https:\/\/jardinescostaflorecida.com\/en\/wp-json\/wp\/v2\/pages\/712\/page\/5\/' class='inactive' >5<\/a><\/nav>\n<\/div><\/div>\n","protected":false},"excerpt":{"rendered":"","protected":false},"author":10,"featured_media":833,"parent":0,"menu_order":0,"comment_status":"closed","ping_status":"closed","template":"","meta":{"_joinchat":[],"footnotes":""},"class_list":["post-712","page","type-page","status-publish","has-post-thumbnail","hentry"],"yoast_head":"<!-- This site is optimized with the Yoast SEO plugin v25.6 - https:\/\/yoast.com\/wordpress\/plugins\/seo\/ -->\n<title>Jardines Costa Florecida - Blog<\/title>\n<meta name=\"description\" content=\"Informate sobre temas relacionados con la jardineria, aqu\u00ed publicamos temas relacionados con la jardineria que te pueden interesar.\" \/>\n<meta name=\"robots\" content=\"index, follow, max-snippet:-1, max-image-preview:large, max-video-preview:-1\" \/>\n<link rel=\"canonical\" href=\"https:\/\/jardinescostaflorecida.com\/en\/blog\/\" \/>\n<meta property=\"og:locale\" content=\"en_US\" \/>\n<meta property=\"og:type\" content=\"article\" \/>\n<meta property=\"og:title\" content=\"Jardines Costa Florecida - Blog\" \/>\n<meta property=\"og:description\" content=\"Informate sobre temas relacionados con la jardineria, aqu\u00ed publicamos temas relacionados con la jardineria que te pueden interesar.\" \/>\n<meta property=\"og:url\" content=\"https:\/\/jardinescostaflorecida.com\/en\/blog\/\" \/>\n<meta property=\"og:site_name\" content=\"Jardines Costa Florecida, empresa de jardiner\u00eda en Mallorca. Jardineros en Mallorca para el dise\u00f1o y mantenimiento de jardines, desbroces de fincas, podas y talas de palmeras, etc. en Mallorca.\" \/>\n<meta property=\"article:modified_time\" content=\"2022-04-23T14:03:49+00:00\" \/>\n<meta property=\"og:image\" content=\"https:\/\/jardinescostaflorecida.com\/wp-content\/uploads\/2022\/04\/jardineria-mallorca.jpg\" \/>\n\t<meta property=\"og:image:width\" content=\"640\" \/>\n\t<meta property=\"og:image:height\" content=\"427\" \/>\n\t<meta property=\"og:image:type\" content=\"image\/jpeg\" \/>\n<meta name=\"twitter:card\" content=\"summary_large_image\" \/>\n<meta name=\"twitter:label1\" content=\"Est. reading time\" \/>\n\t<meta name=\"twitter:data1\" content=\"1 minute\" \/>\n<script type=\"application\/ld+json\" class=\"yoast-schema-graph\">{\"@context\":\"https:\/\/schema.org\",\"@graph\":[{\"@type\":\"WebPage\",\"@id\":\"https:\/\/jardinescostaflorecida.com\/blog\/\",\"url\":\"https:\/\/jardinescostaflorecida.com\/blog\/\",\"name\":\"Jardines Costa Florecida - Blog\",\"isPartOf\":{\"@id\":\"https:\/\/jardinescostaflorecida.com\/#website\"},\"primaryImageOfPage\":{\"@id\":\"https:\/\/jardinescostaflorecida.com\/blog\/#primaryimage\"},\"image\":{\"@id\":\"https:\/\/jardinescostaflorecida.com\/blog\/#primaryimage\"},\"thumbnailUrl\":\"https:\/\/jardinescostaflorecida.com\/wp-content\/uploads\/2022\/04\/jardineria-mallorca.jpg\",\"datePublished\":\"2022-03-29T07:14:11+00:00\",\"dateModified\":\"2022-04-23T14:03:49+00:00\",\"description\":\"Informate sobre temas relacionados con la jardineria, aqu\u00ed publicamos temas relacionados con la jardineria que te pueden interesar.\",\"breadcrumb\":{\"@id\":\"https:\/\/jardinescostaflorecida.com\/blog\/#breadcrumb\"},\"inLanguage\":\"en-US\",\"potentialAction\":[{\"@type\":\"ReadAction\",\"target\":[\"https:\/\/jardinescostaflorecida.com\/blog\/\"]}]},{\"@type\":\"ImageObject\",\"inLanguage\":\"en-US\",\"@id\":\"https:\/\/jardinescostaflorecida.com\/blog\/#primaryimage\",\"url\":\"https:\/\/jardinescostaflorecida.com\/wp-content\/uploads\/2022\/04\/jardineria-mallorca.jpg\",\"contentUrl\":\"https:\/\/jardinescostaflorecida.com\/wp-content\/uploads\/2022\/04\/jardineria-mallorca.jpg\",\"width\":640,\"height\":427,\"caption\":\"Empresa de jardineria mallorca\"},{\"@type\":\"BreadcrumbList\",\"@id\":\"https:\/\/jardinescostaflorecida.com\/blog\/#breadcrumb\",\"itemListElement\":[{\"@type\":\"ListItem\",\"position\":1,\"name\":\"Portada\",\"item\":\"https:\/\/jardinescostaflorecida.com\/inicio\/\"},{\"@type\":\"ListItem\",\"position\":2,\"name\":\"Blog\"}]},{\"@type\":\"WebSite\",\"@id\":\"https:\/\/jardinescostaflorecida.com\/#website\",\"url\":\"https:\/\/jardinescostaflorecida.com\/\",\"name\":\"Jardines Costa Florecida, empresa de jardiner\u00eda en Mallorca. Jardineros en Mallorca para el dise\u00f1o y mantenimiento de jardines, desbroces de fincas, podas y talas de palmeras, etc. en Mallorca.\",\"description\":\"Jardines Costa Florecida - Empresa de jardiner\u00eda en Mallorca\",\"publisher\":{\"@id\":\"https:\/\/jardinescostaflorecida.com\/#organization\"},\"potentialAction\":[{\"@type\":\"SearchAction\",\"target\":{\"@type\":\"EntryPoint\",\"urlTemplate\":\"https:\/\/jardinescostaflorecida.com\/?s={search_term_string}\"},\"query-input\":{\"@type\":\"PropertyValueSpecification\",\"valueRequired\":true,\"valueName\":\"search_term_string\"}}],\"inLanguage\":\"en-US\"},{\"@type\":\"Organization\",\"@id\":\"https:\/\/jardinescostaflorecida.com\/#organization\",\"name\":\"Jardines Costa Florecida\",\"url\":\"https:\/\/jardinescostaflorecida.com\/\",\"logo\":{\"@type\":\"ImageObject\",\"inLanguage\":\"en-US\",\"@id\":\"https:\/\/jardinescostaflorecida.com\/#\/schema\/logo\/image\/\",\"url\":\"https:\/\/jardinescostaflorecida.com\/wp-content\/uploads\/2022\/03\/Costa-Florecida-Logo.jpg\",\"contentUrl\":\"https:\/\/jardinescostaflorecida.com\/wp-content\/uploads\/2022\/03\/Costa-Florecida-Logo.jpg\",\"width\":800,\"height\":600,\"caption\":\"Jardines Costa Florecida\"},\"image\":{\"@id\":\"https:\/\/jardinescostaflorecida.com\/#\/schema\/logo\/image\/\"}}]}<\/script>\n<!-- \/ Yoast SEO plugin. -->","yoast_head_json":{"title":"Costa Florecida Gardens - Blog","description":"Find out about gardening-related topics. Here we publish gardening-related topics that may interest you.","robots":{"index":"index","follow":"follow","max-snippet":"max-snippet:-1","max-image-preview":"max-image-preview:large","max-video-preview":"max-video-preview:-1"},"canonical":"https:\/\/jardinescostaflorecida.com\/en\/blog\/","og_locale":"en_US","og_type":"article","og_title":"Jardines Costa Florecida - Blog","og_description":"Informate sobre temas relacionados con la jardineria, aqu\u00ed publicamos temas relacionados con la jardineria que te pueden interesar.","og_url":"https:\/\/jardinescostaflorecida.com\/en\/blog\/","og_site_name":"Jardines Costa Florecida, empresa de jardiner\u00eda en Mallorca. Jardineros en Mallorca para el dise\u00f1o y mantenimiento de jardines, desbroces de fincas, podas y talas de palmeras, etc. en Mallorca.","article_modified_time":"2022-04-23T14:03:49+00:00","og_image":[{"width":640,"height":427,"url":"https:\/\/jardinescostaflorecida.com\/wp-content\/uploads\/2022\/04\/jardineria-mallorca.jpg","type":"image\/jpeg"}],"twitter_card":"summary_large_image","twitter_misc":{"Est. reading time":"1 minute"},"schema":{"@context":"https:\/\/schema.org","@graph":[{"@type":"WebPage","@id":"https:\/\/jardinescostaflorecida.com\/blog\/","url":"https:\/\/jardinescostaflorecida.com\/blog\/","name":"Costa Florecida Gardens - Blog","isPartOf":{"@id":"https:\/\/jardinescostaflorecida.com\/#website"},"primaryImageOfPage":{"@id":"https:\/\/jardinescostaflorecida.com\/blog\/#primaryimage"},"image":{"@id":"https:\/\/jardinescostaflorecida.com\/blog\/#primaryimage"},"thumbnailUrl":"https:\/\/jardinescostaflorecida.com\/wp-content\/uploads\/2022\/04\/jardineria-mallorca.jpg","datePublished":"2022-03-29T07:14:11+00:00","dateModified":"2022-04-23T14:03:49+00:00","description":"Find out about gardening-related topics. Here we publish gardening-related topics that may interest you.","breadcrumb":{"@id":"https:\/\/jardinescostaflorecida.com\/blog\/#breadcrumb"},"inLanguage":"en-US","potentialAction":[{"@type":"ReadAction","target":["https:\/\/jardinescostaflorecida.com\/blog\/"]}]},{"@type":"ImageObject","inLanguage":"en-US","@id":"https:\/\/jardinescostaflorecida.com\/blog\/#primaryimage","url":"https:\/\/jardinescostaflorecida.com\/wp-content\/uploads\/2022\/04\/jardineria-mallorca.jpg","contentUrl":"https:\/\/jardinescostaflorecida.com\/wp-content\/uploads\/2022\/04\/jardineria-mallorca.jpg","width":640,"height":427,"caption":"Empresa de jardineria mallorca"},{"@type":"BreadcrumbList","@id":"https:\/\/jardinescostaflorecida.com\/blog\/#breadcrumb","itemListElement":[{"@type":"ListItem","position":1,"name":"Portada","item":"https:\/\/jardinescostaflorecida.com\/inicio\/"},{"@type":"ListItem","position":2,"name":"Blog"}]},{"@type":"WebSite","@id":"https:\/\/jardinescostaflorecida.com\/#website","url":"https:\/\/jardinescostaflorecida.com\/","name":"Jardines Costa Florecida, a gardening company in Mallorca. Gardeners in Mallorca for the design and maintenance of gardens, clearing of land, pruning and felling of palm trees, etc. in Mallorca.","description":"Costa Florecida Gardens - Gardening company in Mallorca","publisher":{"@id":"https:\/\/jardinescostaflorecida.com\/#organization"},"potentialAction":[{"@type":"SearchAction","target":{"@type":"EntryPoint","urlTemplate":"https:\/\/jardinescostaflorecida.com\/?s={search_term_string}"},"query-input":{"@type":"PropertyValueSpecification","valueRequired":true,"valueName":"search_term_string"}}],"inLanguage":"en-US"},{"@type":"Organization","@id":"https:\/\/jardinescostaflorecida.com\/#organization","name":"Costa Florecida Gardens","url":"https:\/\/jardinescostaflorecida.com\/","logo":{"@type":"ImageObject","inLanguage":"en-US","@id":"https:\/\/jardinescostaflorecida.com\/#\/schema\/logo\/image\/","url":"https:\/\/jardinescostaflorecida.com\/wp-content\/uploads\/2022\/03\/Costa-Florecida-Logo.jpg","contentUrl":"https:\/\/jardinescostaflorecida.com\/wp-content\/uploads\/2022\/03\/Costa-Florecida-Logo.jpg","width":800,"height":600,"caption":"Jardines Costa Florecida"},"image":{"@id":"https:\/\/jardinescostaflorecida.com\/#\/schema\/logo\/image\/"}}]}},"_links":{"self":[{"href":"https:\/\/jardinescostaflorecida.com\/en\/wp-json\/wp\/v2\/pages\/712"}],"collection":[{"href":"https:\/\/jardinescostaflorecida.com\/en\/wp-json\/wp\/v2\/pages"}],"about":[{"href":"https:\/\/jardinescostaflorecida.com\/en\/wp-json\/wp\/v2\/types\/page"}],"author":[{"embeddable":true,"href":"https:\/\/jardinescostaflorecida.com\/en\/wp-json\/wp\/v2\/users\/10"}],"replies":[{"embeddable":true,"href":"https:\/\/jardinescostaflorecida.com\/en\/wp-json\/wp\/v2\/comments?post=712"}],"version-history":[{"count":2,"href":"https:\/\/jardinescostaflorecida.com\/en\/wp-json\/wp\/v2\/pages\/712\/revisions"}],"predecessor-version":[{"id":1127,"href":"https:\/\/jardinescostaflorecida.com\/en\/wp-json\/wp\/v2\/pages\/712\/revisions\/1127"}],"wp:featuredmedia":[{"embeddable":true,"href":"https:\/\/jardinescostaflorecida.com\/en\/wp-json\/wp\/v2\/media\/833"}],"wp:attachment":[{"href":"https:\/\/jardinescostaflorecida.com\/en\/wp-json\/wp\/v2\/media?parent=712"}],"curies":[{"name":"wp","href":"https:\/\/api.w.org\/{rel}","templated":true}]}}