{"id":3,"date":"2019-03-13T11:04:09","date_gmt":"2019-03-13T10:04:09","guid":{"rendered":"http:\/\/volcadodewebs.com\/?page_id=3"},"modified":"2022-06-07T21:43:16","modified_gmt":"2022-06-07T19:43:16","slug":"politica-privacidad","status":"publish","type":"page","link":"https:\/\/jardinescostaflorecida.com\/en\/privacy-policy\/","title":{"rendered":"Privacy Policy"},"content":{"rendered":"<p><strong>INFORMATION TO THE USER<\/strong><\/p>\r\n<p>ANTONIO AGUILERA FITZTATRICK, as Data Controller, informs you that, in accordance with the provisions of Regulation (EU) 2016\/679 of 27 April 2016 on the protection of personal data (GDPR), we will process your data as reflected in this Privacy Policy.<\/p>\r\n<p>In this Privacy Policy we describe how we collect your personal data and why we collect it, what we do with it, who we share it with, how we protect it, and your choices regarding the processing of your personal data.<\/p>\r\n<p>This Policy applies to the processing of your personal data collected by the Company for the provision of its services. If you agree to the measures of this Policy, you agree to our processing of your personal data as defined in this Policy.<\/p>\r\n<p><strong>CONTACT<\/strong><\/p>\r\n<p>Trade name: ANTONIO AGUILERA FITZTATRICK<br \/>CIF: 43096890L<br \/>Registered office: Calle Sanadona 125, 07183, Costa de la Calma, Balearic Islands<br \/>Phone: 654 186 935<br \/>e-mail: jard.costaflorecida@hotmail.com<\/p>\r\n<p><strong>KEY PRINCIPLES<\/strong><br \/>We have always been committed to providing our services with the highest degree of quality, which includes treating your data safely and transparently. Our principles are:<\/p>\r\n<ul>\r\n<li><strong>Legality<\/strong>: We will only collect your Personal Data for specific, explicit and legitimate purposes.<\/li>\r\n<\/ul>\r\n<ul>\r\n<li><strong>Data minimization<\/strong>: We limit the collection of personal data to what is strictly relevant and necessary for the purposes for which it has been collected.<\/li>\r\n<\/ul>\r\n<ul>\r\n<li><strong>Limitation of Purpose<\/strong>: We will only collect your personal data for the stated purposes and only according to your wishes.<\/li>\r\n<\/ul>\r\n<ul>\r\n<li><strong>Precision<\/strong>: We will keep your personal data accurate and up to date.<\/li>\r\n<\/ul>\r\n<ul>\r\n<li><strong>Data Security<\/strong>: We apply appropriate technical and organisational measures proportionate to the risks to ensure that your data is not damaged, such as unauthorised disclosure or access, accidental or unlawful destruction or accidental loss or alteration and any other form of unlawful processing.<\/li>\r\n<\/ul>\r\n<ul>\r\n<li><strong>Access and Rectification<\/strong>: We have the means for you to access or rectify your data whenever you consider it appropriate.<\/li>\r\n<\/ul>\r\n<ul>\r\n<li><strong>Conservation<\/strong>: We retain your personal data lawfully and appropriately and only for as long as it is necessary for the purposes for which it was collected.<\/li>\r\n<\/ul>\r\n<ul>\r\n<li><strong>International transfers<\/strong>: When your data is to be transferred outside the EU\/EEA, it will be adequately protected.<\/li>\r\n<\/ul>\r\n<ul>\r\n<li><strong>Third parties<\/strong>: Access to and transfer of personal data to third parties is carried out in accordance with applicable laws and regulations and with appropriate contractual guarantees.<\/li>\r\n<\/ul>\r\n<ul>\r\n<li><strong>Direct Marketing and Cookies<\/strong>: We comply with applicable legislation regarding advertising and cookies.<\/li>\r\n<\/ul>\r\n<p><strong>COLLECTION AND PROCESSING OF YOUR PERSONAL DATA<\/strong><br \/>The types of data that are requested and processed are:<\/p>\r\n<ul>\r\n<li>Data of an identifying nature, personal characteristics and social circumstances.<\/li>\r\n<li>Economic data, if applicable.<\/li>\r\n<\/ul>\r\n<p>We also automatically collect data about your visit to our website as described in the \u201cUse of Cookies\u201d section below.<\/p>\r\n<p>Whenever we ask for your Personal Data, we will clearly inform you what Personal Data we collect and for what purpose. In general, we collect and process your Personal Data for the purposes of:<\/p>\r\n<ul>\r\n<li>Provide information about our products and services.<\/li>\r\n<li>Provide our services.<\/li>\r\n<li>Respond to your queries and requests.<\/li>\r\n<\/ul>\r\n<p><strong>LEGITIMACY<\/strong><\/p>\r\n<p>In accordance with applicable data protection regulations, your personal data may be processed if:<\/p>\r\n<ul>\r\n<li>You have given us your consent for the purposes of processing. You may of course withdraw your consent at any time.<\/li>\r\n<\/ul>\r\n<ul>\r\n<li>It is necessary for the provision of some of our services through a contractual relationship between you and us.<\/li>\r\n<\/ul>\r\n<ul>\r\n<li>In pursuing such processing, we pursue a legitimate interest that is not overridden by your privacy rights. Such legitimate interest will be duly communicated to you in the privacy notice relating to that particular processing.<\/li>\r\n<li>It is required by law<\/li>\r\n<\/ul>\r\n<p><strong>YOUR RIGHTS<\/strong><\/p>\r\n<p>In relation to the collection and processing of your personal data, you can contact us at any time to:<\/p>\r\n<ul>\r\n<li>Find out if we process your personal data.<\/li>\r\n<li>Access your personal data and any other information indicated in Article 15.1 of the GDPR.<\/li>\r\n<li>Rectify your personal data that is inaccurate or incomplete in accordance with Article 16 of the GDPR.<\/li>\r\n<li>Delete your personal data in accordance with Article 17 of the GDPR.<\/li>\r\n<li>Restrict the processing of your personal data in accordance with Article 18 of the GDPR.<\/li>\r\n<li>Request the portability of your data in accordance with Article 20 of the GDPR.<\/li>\r\n<li>Object to the processing of your personal data pursuant to Article 21 of the GDPR.<\/li>\r\n<\/ul>\r\n<p>If you have given your consent for a specific purpose, you have the right to withdraw the consent given at any time, without affecting the lawfulness of the processing based on the consent prior to its withdrawal. To exercise your rights, you can send us a communication to jard.costaflorecida@hotmail.com<\/p>\r\n<p><strong>LEGAL INFORMATION<\/strong><br \/>The requirements of this Policy supplement, and do not replace, any other existing requirements under applicable data protection law, which will prevail in any case.<\/p>\r\n<p>This Policy is subject to periodic review and may be amended by the Company at any time. When this occurs, we will notify you of any changes and ask you to re-read the most recent version of our Policy and confirm your acceptance.<\/p>","protected":false},"excerpt":{"rendered":"<p>INFORMACI\u00d3N AL USUARIO ANTONIO AGUILERA FITZTATRICK, como Responsable del Tratamiento le informa que, seg\u00fan lo dispuesto en el Reglamento (UE) 2016\/679, de 27 de abril de 2016, de protecci\u00f3n de datos personales (RGPD), trataremos su datos tal y como reflejamos en la presente Pol\u00edtica de Privacidad. En esta Pol\u00edtica de Privacidad describimos c\u00f3mo recogemos sus [&hellip;]<\/p>\n","protected":false},"author":10,"featured_media":0,"parent":0,"menu_order":0,"comment_status":"closed","ping_status":"open","template":"","meta":{"_joinchat":[],"footnotes":""},"class_list":["post-3","page","type-page","status-publish","hentry"],"yoast_head":"<!-- This site is optimized with the Yoast SEO plugin v25.6 - https:\/\/yoast.com\/wordpress\/plugins\/seo\/ -->\n<title>Pol\u00edtica de privacidad - Jardines Costa Florecida<\/title>\n<meta name=\"description\" content=\"Nuestra politica de privacidad actualizada para que puedas estar tranquilo y para mantenernos transparentes y ante la legalidad siempre!\" \/>\n<meta name=\"robots\" content=\"index, follow, max-snippet:-1, max-image-preview:large, max-video-preview:-1\" \/>\n<link rel=\"canonical\" href=\"https:\/\/jardinescostaflorecida.com\/en\/privacy-policy\/\" \/>\n<meta property=\"og:locale\" content=\"en_US\" \/>\n<meta property=\"og:type\" content=\"article\" \/>\n<meta property=\"og:title\" content=\"Pol\u00edtica de privacidad - Jardines Costa Florecida\" \/>\n<meta property=\"og:description\" content=\"Nuestra politica de privacidad actualizada para que puedas estar tranquilo y para mantenernos transparentes y ante la legalidad siempre!\" \/>\n<meta property=\"og:url\" content=\"https:\/\/jardinescostaflorecida.com\/en\/privacy-policy\/\" \/>\n<meta property=\"og:site_name\" content=\"Jardines Costa Florecida, empresa de jardiner\u00eda en Mallorca. Jardineros en Mallorca para el dise\u00f1o y mantenimiento de jardines, desbroces de fincas, podas y talas de palmeras, etc. en Mallorca.\" \/>\n<meta property=\"article:modified_time\" content=\"2022-06-07T19:43:16+00:00\" \/>\n<meta name=\"twitter:card\" content=\"summary_large_image\" \/>\n<meta name=\"twitter:label1\" content=\"Est. reading time\" \/>\n\t<meta name=\"twitter:data1\" content=\"4 minutes\" \/>\n<script type=\"application\/ld+json\" class=\"yoast-schema-graph\">{\"@context\":\"https:\/\/schema.org\",\"@graph\":[{\"@type\":\"WebPage\",\"@id\":\"https:\/\/jardinescostaflorecida.com\/politica-privacidad\/\",\"url\":\"https:\/\/jardinescostaflorecida.com\/politica-privacidad\/\",\"name\":\"Pol\u00edtica de privacidad - Jardines Costa Florecida\",\"isPartOf\":{\"@id\":\"https:\/\/jardinescostaflorecida.com\/#website\"},\"datePublished\":\"2019-03-13T10:04:09+00:00\",\"dateModified\":\"2022-06-07T19:43:16+00:00\",\"description\":\"Nuestra politica de privacidad actualizada para que puedas estar tranquilo y para mantenernos transparentes y ante la legalidad siempre!\",\"breadcrumb\":{\"@id\":\"https:\/\/jardinescostaflorecida.com\/politica-privacidad\/#breadcrumb\"},\"inLanguage\":\"en-US\",\"potentialAction\":[{\"@type\":\"ReadAction\",\"target\":[\"https:\/\/jardinescostaflorecida.com\/politica-privacidad\/\"]}]},{\"@type\":\"BreadcrumbList\",\"@id\":\"https:\/\/jardinescostaflorecida.com\/politica-privacidad\/#breadcrumb\",\"itemListElement\":[{\"@type\":\"ListItem\",\"position\":1,\"name\":\"Portada\",\"item\":\"https:\/\/jardinescostaflorecida.com\/inicio\/\"},{\"@type\":\"ListItem\",\"position\":2,\"name\":\"Pol\u00edtica de privacidad\"}]},{\"@type\":\"WebSite\",\"@id\":\"https:\/\/jardinescostaflorecida.com\/#website\",\"url\":\"https:\/\/jardinescostaflorecida.com\/\",\"name\":\"Jardines Costa Florecida, empresa de jardiner\u00eda en Mallorca. Jardineros en Mallorca para el dise\u00f1o y mantenimiento de jardines, desbroces de fincas, podas y talas de palmeras, etc. en Mallorca.\",\"description\":\"Jardines Costa Florecida - Empresa de jardiner\u00eda en Mallorca\",\"publisher\":{\"@id\":\"https:\/\/jardinescostaflorecida.com\/#organization\"},\"potentialAction\":[{\"@type\":\"SearchAction\",\"target\":{\"@type\":\"EntryPoint\",\"urlTemplate\":\"https:\/\/jardinescostaflorecida.com\/?s={search_term_string}\"},\"query-input\":{\"@type\":\"PropertyValueSpecification\",\"valueRequired\":true,\"valueName\":\"search_term_string\"}}],\"inLanguage\":\"en-US\"},{\"@type\":\"Organization\",\"@id\":\"https:\/\/jardinescostaflorecida.com\/#organization\",\"name\":\"Jardines Costa Florecida\",\"url\":\"https:\/\/jardinescostaflorecida.com\/\",\"logo\":{\"@type\":\"ImageObject\",\"inLanguage\":\"en-US\",\"@id\":\"https:\/\/jardinescostaflorecida.com\/#\/schema\/logo\/image\/\",\"url\":\"https:\/\/jardinescostaflorecida.com\/wp-content\/uploads\/2022\/03\/Costa-Florecida-Logo.jpg\",\"contentUrl\":\"https:\/\/jardinescostaflorecida.com\/wp-content\/uploads\/2022\/03\/Costa-Florecida-Logo.jpg\",\"width\":800,\"height\":600,\"caption\":\"Jardines Costa Florecida\"},\"image\":{\"@id\":\"https:\/\/jardinescostaflorecida.com\/#\/schema\/logo\/image\/\"}}]}<\/script>\n<!-- \/ Yoast SEO plugin. -->","yoast_head_json":{"title":"Privacy Policy - Costa Florecida Gardens","description":"Our updated privacy policy so you can rest easy and to always remain transparent and legal!","robots":{"index":"index","follow":"follow","max-snippet":"max-snippet:-1","max-image-preview":"max-image-preview:large","max-video-preview":"max-video-preview:-1"},"canonical":"https:\/\/jardinescostaflorecida.com\/en\/privacy-policy\/","og_locale":"en_US","og_type":"article","og_title":"Pol\u00edtica de privacidad - Jardines Costa Florecida","og_description":"Nuestra politica de privacidad actualizada para que puedas estar tranquilo y para mantenernos transparentes y ante la legalidad siempre!","og_url":"https:\/\/jardinescostaflorecida.com\/en\/privacy-policy\/","og_site_name":"Jardines Costa Florecida, empresa de jardiner\u00eda en Mallorca. Jardineros en Mallorca para el dise\u00f1o y mantenimiento de jardines, desbroces de fincas, podas y talas de palmeras, etc. en Mallorca.","article_modified_time":"2022-06-07T19:43:16+00:00","twitter_card":"summary_large_image","twitter_misc":{"Est. reading time":"4 minutes"},"schema":{"@context":"https:\/\/schema.org","@graph":[{"@type":"WebPage","@id":"https:\/\/jardinescostaflorecida.com\/politica-privacidad\/","url":"https:\/\/jardinescostaflorecida.com\/politica-privacidad\/","name":"Privacy Policy - Costa Florecida Gardens","isPartOf":{"@id":"https:\/\/jardinescostaflorecida.com\/#website"},"datePublished":"2019-03-13T10:04:09+00:00","dateModified":"2022-06-07T19:43:16+00:00","description":"Our updated privacy policy so you can rest easy and to always remain transparent and legal!","breadcrumb":{"@id":"https:\/\/jardinescostaflorecida.com\/politica-privacidad\/#breadcrumb"},"inLanguage":"en-US","potentialAction":[{"@type":"ReadAction","target":["https:\/\/jardinescostaflorecida.com\/politica-privacidad\/"]}]},{"@type":"BreadcrumbList","@id":"https:\/\/jardinescostaflorecida.com\/politica-privacidad\/#breadcrumb","itemListElement":[{"@type":"ListItem","position":1,"name":"Portada","item":"https:\/\/jardinescostaflorecida.com\/inicio\/"},{"@type":"ListItem","position":2,"name":"Pol\u00edtica de privacidad"}]},{"@type":"WebSite","@id":"https:\/\/jardinescostaflorecida.com\/#website","url":"https:\/\/jardinescostaflorecida.com\/","name":"Jardines Costa Florecida, a gardening company in Mallorca. Gardeners in Mallorca for the design and maintenance of gardens, clearing of land, pruning and felling of palm trees, etc. in Mallorca.","description":"Costa Florecida Gardens - Gardening company in Mallorca","publisher":{"@id":"https:\/\/jardinescostaflorecida.com\/#organization"},"potentialAction":[{"@type":"SearchAction","target":{"@type":"EntryPoint","urlTemplate":"https:\/\/jardinescostaflorecida.com\/?s={search_term_string}"},"query-input":{"@type":"PropertyValueSpecification","valueRequired":true,"valueName":"search_term_string"}}],"inLanguage":"en-US"},{"@type":"Organization","@id":"https:\/\/jardinescostaflorecida.com\/#organization","name":"Costa Florecida Gardens","url":"https:\/\/jardinescostaflorecida.com\/","logo":{"@type":"ImageObject","inLanguage":"en-US","@id":"https:\/\/jardinescostaflorecida.com\/#\/schema\/logo\/image\/","url":"https:\/\/jardinescostaflorecida.com\/wp-content\/uploads\/2022\/03\/Costa-Florecida-Logo.jpg","contentUrl":"https:\/\/jardinescostaflorecida.com\/wp-content\/uploads\/2022\/03\/Costa-Florecida-Logo.jpg","width":800,"height":600,"caption":"Jardines Costa Florecida"},"image":{"@id":"https:\/\/jardinescostaflorecida.com\/#\/schema\/logo\/image\/"}}]}},"_links":{"self":[{"href":"https:\/\/jardinescostaflorecida.com\/en\/wp-json\/wp\/v2\/pages\/3"}],"collection":[{"href":"https:\/\/jardinescostaflorecida.com\/en\/wp-json\/wp\/v2\/pages"}],"about":[{"href":"https:\/\/jardinescostaflorecida.com\/en\/wp-json\/wp\/v2\/types\/page"}],"author":[{"embeddable":true,"href":"https:\/\/jardinescostaflorecida.com\/en\/wp-json\/wp\/v2\/users\/10"}],"replies":[{"embeddable":true,"href":"https:\/\/jardinescostaflorecida.com\/en\/wp-json\/wp\/v2\/comments?post=3"}],"version-history":[{"count":2,"href":"https:\/\/jardinescostaflorecida.com\/en\/wp-json\/wp\/v2\/pages\/3\/revisions"}],"predecessor-version":[{"id":118,"href":"https:\/\/jardinescostaflorecida.com\/en\/wp-json\/wp\/v2\/pages\/3\/revisions\/118"}],"wp:attachment":[{"href":"https:\/\/jardinescostaflorecida.com\/en\/wp-json\/wp\/v2\/media?parent=3"}],"curies":[{"name":"wp","href":"https:\/\/api.w.org\/{rel}","templated":true}]}}