{"id":1715,"date":"2022-10-04T10:46:57","date_gmt":"2022-10-04T08:46:57","guid":{"rendered":"https:\/\/jardinescostaflorecida.com\/?page_id=1715"},"modified":"2022-10-04T10:46:57","modified_gmt":"2022-10-04T08:46:57","slug":"mantenimiento-piscinas-mallorca","status":"publish","type":"page","link":"https:\/\/jardinescostaflorecida.com\/en\/pool-maintenance-mallorca\/","title":{"rendered":"Pool Maintenance in Mallorca"},"content":{"rendered":"<p>Owning a pool involves a great responsibility, this is basically because it must be maintained regularly to prevent water contamination. If you do not want your pool to turn green and neither you nor anyone you invite to swim in it, you should opt for a pool maintenance service. Below we will tell you the details.<\/p>\n<h2><strong>Preparations for pool maintenance<\/strong><\/h2>\n<p>Before starting pool maintenance work, it is essential to have certain tools and work on preparations to begin the work. This allows the cleaning and maintenance task to be carried out fully and the result is an impeccable pool with crystal-clear water. These are some of the initial steps that should be followed.<\/p>\n<h3><strong>Checking pool equipment<\/strong><\/h3>\n<p>To begin pool maintenance, the first thing to do is to check the condition of the equipment and implements that allow it to function properly. These include the water pump, filters and valves that keep it clean and in good condition.<\/p>\n<h3><strong>Analysis of pH levels in water<\/strong><\/h3>\n<p>In the same way, it is essential to analyze the pH level of the pool water, which should be between approximately 7.2 and 7.6. This can be done through a pH increaser or decreaser, which is an instrument that is specifically designed for this purpose.<\/p>\n<h3><strong>Setting the water filter time<\/strong><\/h3>\n<p>It is necessary to monitor the time that the pool water filter should operate. Generally, it can be set to operate every eight hours, this way the pool water stays filtered and clean for much longer. Of course, it all depends on the type of climate and the number of times the pool is used during the day.<\/p>\n<h2><strong>How to perform maintenance on a swimming pool?<\/strong><\/h2>\n<p>Once the pool is ready, it is necessary to perform deep maintenance from time to time. To do this, it is necessary to use certain types of products and techniques to keep the water clean and with the pH at adequate levels. These are some of the things that must be taken into account when performing pool maintenance.<\/p>\n<h3><strong>Check the pH of the water<\/strong><\/h3>\n<p>Once you start doing any pool maintenance, the first thing you should do is check the pH of the water. Many people don&#039;t pay attention to this, however, it is important to keep it at a maximum of 7.4 so that the water stays clear and clean.<\/p>\n<h3><strong>Check disinfectant levels<\/strong><\/h3>\n<p>To keep the pool water clean and crystal clear, not only the pH must be adjusted, but also the chemicals used. These are essential to disinfect the pool and keep it in optimal condition. Some of these, such as chlorine, bromine, salt and liquid oxygen, can be adjusted and dosed automatically in the main motor.<\/p>\n<h3><strong>Clean the surface of the water well<\/strong><\/h3>\n<p>Last but not least, it is important to keep the surface of the water clean. This is because dirt usually always falls into it, from leaves to insects or any type of organic material. It can be useful to use a pool cleaner specially made for this type of practice in an easy way.<\/p>\n<h2><strong>What products are necessary to keep the pool clean?<\/strong><\/h2>\n<p>There are several chemicals that are essential to keep any pool spotless. However, you need to consider which ones can be mixed and which ones cannot, as well as the optimal dosage. Here are some of the most important ones:<\/p>\n<ul>\n<li><strong>Chlorine: <\/strong>Chlorine is the most basic and essential product for keeping swimming pools disinfected, as its properties are designed for this. It is one of the cheapest and easiest options to apply, although the correct amount must be known so that it does not cause adverse reactions. Chlorine can be found in various forms, the first of which is liquid chlorine, which is the most commonly used to eliminate microorganisms in water.<\/li>\n<\/ul>\n<p>Then there is slow chlorine, which comes in tablets and is poured into the water to disinfect it. Finally, there is mutilation chlorine, which also comes in tablets and is used to disinfect and maintain the pH of the water.<\/p>\n<ul>\n<li><strong>Bromine: <\/strong>It is a chemical compound that allows water to be treated and kept clean. It usually has disinfectant properties similar to chlorine. A great advantage of this is that it has a balanced pH for the water, so you don&#039;t have to worry about the amount. It helps to eliminate algae effectively and is perfect for any type of environment with hot water, such as hot tubs.<\/li>\n<li><strong>Calcium hypochlorite:<\/strong> A chlorinated compound that comes in granules and tablets, it is usually used for emergency disinfection. This is usually done when the water needs to be clean and disinfected in a short time, something that calcium hypochlorite is capable of achieving. It has up to 70% of active chlorine concentration, so it is equally effective for this task.<\/li>\n<\/ul>\n<p><strong>Anti-algae:<\/strong> It is a chemical product specially designed to control the build-up of algae. It can be used to prevent and to eradicate algae once they have formed in any area of the pool. It is necessary to use a quality anti-algae product to ensure the effective cleaning of any pool.<\/p>\n<p>If you have a swimming pool at home or on a property, you should take into account the great importance of carrying out constant maintenance. Mainly because the water in these pools is usually quite susceptible to pH changes and can easily become contaminated. For this reason, it is important that you know all the chemical products that exist to treat it and keep it always clean. In this way, you will avoid the reproduction of microorganisms or algae that could endanger the health of the people who use it.<\/p>\n<p>&nbsp;<\/p>","protected":false},"excerpt":{"rendered":"<p>Tener una piscina involucra una gran responsabilidad, esto se debe b\u00e1sicamente a que debe hac\u00e9rsele mantenimiento de manera regular para prevenir la contaminaci\u00f3n del agua. Si no quieres que tu piscina se ponga verde y ni t\u00fa ni nadie a quien invites puedan ba\u00f1arse en ella deber\u00edas optar por un servicio de mantenimiento de piscinas. [&hellip;]<\/p>\n","protected":false},"author":10,"featured_media":1727,"parent":0,"menu_order":0,"comment_status":"closed","ping_status":"closed","template":"","meta":{"_joinchat":[],"footnotes":""},"class_list":["post-1715","page","type-page","status-publish","has-post-thumbnail","hentry"],"yoast_head":"<!-- This site is optimized with the Yoast SEO plugin v25.6 - https:\/\/yoast.com\/wordpress\/plugins\/seo\/ -->\n<title>Mantenimiento Piscinas Mallorca - Jardines Costa Florecida<\/title>\n<meta name=\"description\" content=\"\u00bfEst\u00e1s buscando un servicio de mantenimiento de piscinas en Mallorca? \u00a1Jardines Costa Florecida te ofrece servicios de mantenimiento de piscinas en toda Mallorca!\" \/>\n<meta name=\"robots\" content=\"index, follow, max-snippet:-1, max-image-preview:large, max-video-preview:-1\" \/>\n<link rel=\"canonical\" href=\"https:\/\/jardinescostaflorecida.com\/en\/pool-maintenance-mallorca\/\" \/>\n<meta property=\"og:locale\" content=\"en_US\" \/>\n<meta property=\"og:type\" content=\"article\" \/>\n<meta property=\"og:title\" content=\"Mantenimiento Piscinas Mallorca - Jardines Costa Florecida\" \/>\n<meta property=\"og:description\" content=\"\u00bfEst\u00e1s buscando un servicio de mantenimiento de piscinas en Mallorca? \u00a1Jardines Costa Florecida te ofrece servicios de mantenimiento de piscinas en toda Mallorca!\" \/>\n<meta property=\"og:url\" content=\"https:\/\/jardinescostaflorecida.com\/en\/pool-maintenance-mallorca\/\" \/>\n<meta property=\"og:site_name\" content=\"Jardines Costa Florecida, empresa de jardiner\u00eda en Mallorca. Jardineros en Mallorca para el dise\u00f1o y mantenimiento de jardines, desbroces de fincas, podas y talas de palmeras, etc. en Mallorca.\" \/>\n<meta property=\"og:image\" content=\"https:\/\/jardinescostaflorecida.com\/wp-content\/uploads\/2022\/10\/mantenimiento-piscinas-mallorca-1-e1664873149355.jpeg\" \/>\n\t<meta property=\"og:image:width\" content=\"1400\" \/>\n\t<meta property=\"og:image:height\" content=\"931\" \/>\n\t<meta property=\"og:image:type\" content=\"image\/jpeg\" \/>\n<meta name=\"twitter:card\" content=\"summary_large_image\" \/>\n<meta name=\"twitter:label1\" content=\"Est. reading time\" \/>\n\t<meta name=\"twitter:data1\" content=\"5 minutes\" \/>\n<script type=\"application\/ld+json\" class=\"yoast-schema-graph\">{\"@context\":\"https:\/\/schema.org\",\"@graph\":[{\"@type\":\"WebPage\",\"@id\":\"https:\/\/jardinescostaflorecida.com\/mantenimiento-piscinas-mallorca\/\",\"url\":\"https:\/\/jardinescostaflorecida.com\/mantenimiento-piscinas-mallorca\/\",\"name\":\"Mantenimiento Piscinas Mallorca - Jardines Costa Florecida\",\"isPartOf\":{\"@id\":\"https:\/\/jardinescostaflorecida.com\/#website\"},\"primaryImageOfPage\":{\"@id\":\"https:\/\/jardinescostaflorecida.com\/mantenimiento-piscinas-mallorca\/#primaryimage\"},\"image\":{\"@id\":\"https:\/\/jardinescostaflorecida.com\/mantenimiento-piscinas-mallorca\/#primaryimage\"},\"thumbnailUrl\":\"https:\/\/jardinescostaflorecida.com\/wp-content\/uploads\/2022\/10\/mantenimiento-piscinas-mallorca-1-e1664873149355.jpeg\",\"datePublished\":\"2022-10-04T08:46:57+00:00\",\"description\":\"\u00bfEst\u00e1s buscando un servicio de mantenimiento de piscinas en Mallorca? \u00a1Jardines Costa Florecida te ofrece servicios de mantenimiento de piscinas en toda Mallorca!\",\"breadcrumb\":{\"@id\":\"https:\/\/jardinescostaflorecida.com\/mantenimiento-piscinas-mallorca\/#breadcrumb\"},\"inLanguage\":\"en-US\",\"potentialAction\":[{\"@type\":\"ReadAction\",\"target\":[\"https:\/\/jardinescostaflorecida.com\/mantenimiento-piscinas-mallorca\/\"]}]},{\"@type\":\"ImageObject\",\"inLanguage\":\"en-US\",\"@id\":\"https:\/\/jardinescostaflorecida.com\/mantenimiento-piscinas-mallorca\/#primaryimage\",\"url\":\"https:\/\/jardinescostaflorecida.com\/wp-content\/uploads\/2022\/10\/mantenimiento-piscinas-mallorca-1-e1664873149355.jpeg\",\"contentUrl\":\"https:\/\/jardinescostaflorecida.com\/wp-content\/uploads\/2022\/10\/mantenimiento-piscinas-mallorca-1-e1664873149355.jpeg\",\"width\":1400,\"height\":931,\"caption\":\"mantenimiento piscinas mallorca\"},{\"@type\":\"BreadcrumbList\",\"@id\":\"https:\/\/jardinescostaflorecida.com\/mantenimiento-piscinas-mallorca\/#breadcrumb\",\"itemListElement\":[{\"@type\":\"ListItem\",\"position\":1,\"name\":\"Portada\",\"item\":\"https:\/\/jardinescostaflorecida.com\/inicio\/\"},{\"@type\":\"ListItem\",\"position\":2,\"name\":\"Mantenimiento de Piscinas en Mallorca\"}]},{\"@type\":\"WebSite\",\"@id\":\"https:\/\/jardinescostaflorecida.com\/#website\",\"url\":\"https:\/\/jardinescostaflorecida.com\/\",\"name\":\"Jardines Costa Florecida, empresa de jardiner\u00eda en Mallorca. Jardineros en Mallorca para el dise\u00f1o y mantenimiento de jardines, desbroces de fincas, podas y talas de palmeras, etc. en Mallorca.\",\"description\":\"Jardines Costa Florecida - Empresa de jardiner\u00eda en Mallorca\",\"publisher\":{\"@id\":\"https:\/\/jardinescostaflorecida.com\/#organization\"},\"potentialAction\":[{\"@type\":\"SearchAction\",\"target\":{\"@type\":\"EntryPoint\",\"urlTemplate\":\"https:\/\/jardinescostaflorecida.com\/?s={search_term_string}\"},\"query-input\":{\"@type\":\"PropertyValueSpecification\",\"valueRequired\":true,\"valueName\":\"search_term_string\"}}],\"inLanguage\":\"en-US\"},{\"@type\":\"Organization\",\"@id\":\"https:\/\/jardinescostaflorecida.com\/#organization\",\"name\":\"Jardines Costa Florecida\",\"url\":\"https:\/\/jardinescostaflorecida.com\/\",\"logo\":{\"@type\":\"ImageObject\",\"inLanguage\":\"en-US\",\"@id\":\"https:\/\/jardinescostaflorecida.com\/#\/schema\/logo\/image\/\",\"url\":\"https:\/\/jardinescostaflorecida.com\/wp-content\/uploads\/2022\/03\/Costa-Florecida-Logo.jpg\",\"contentUrl\":\"https:\/\/jardinescostaflorecida.com\/wp-content\/uploads\/2022\/03\/Costa-Florecida-Logo.jpg\",\"width\":800,\"height\":600,\"caption\":\"Jardines Costa Florecida\"},\"image\":{\"@id\":\"https:\/\/jardinescostaflorecida.com\/#\/schema\/logo\/image\/\"}}]}<\/script>\n<!-- \/ Yoast SEO plugin. -->","yoast_head_json":{"title":"Pool Maintenance Mallorca - Costa Florecida Gardens","description":"Are you looking for a pool maintenance service in Mallorca? Jardines Costa Florecida offers you pool maintenance services throughout Mallorca!","robots":{"index":"index","follow":"follow","max-snippet":"max-snippet:-1","max-image-preview":"max-image-preview:large","max-video-preview":"max-video-preview:-1"},"canonical":"https:\/\/jardinescostaflorecida.com\/en\/pool-maintenance-mallorca\/","og_locale":"en_US","og_type":"article","og_title":"Mantenimiento Piscinas Mallorca - Jardines Costa Florecida","og_description":"\u00bfEst\u00e1s buscando un servicio de mantenimiento de piscinas en Mallorca? \u00a1Jardines Costa Florecida te ofrece servicios de mantenimiento de piscinas en toda Mallorca!","og_url":"https:\/\/jardinescostaflorecida.com\/en\/pool-maintenance-mallorca\/","og_site_name":"Jardines Costa Florecida, empresa de jardiner\u00eda en Mallorca. Jardineros en Mallorca para el dise\u00f1o y mantenimiento de jardines, desbroces de fincas, podas y talas de palmeras, etc. en Mallorca.","og_image":[{"width":1400,"height":931,"url":"https:\/\/jardinescostaflorecida.com\/wp-content\/uploads\/2022\/10\/mantenimiento-piscinas-mallorca-1-e1664873149355.jpeg","type":"image\/jpeg"}],"twitter_card":"summary_large_image","twitter_misc":{"Est. reading time":"5 minutes"},"schema":{"@context":"https:\/\/schema.org","@graph":[{"@type":"WebPage","@id":"https:\/\/jardinescostaflorecida.com\/mantenimiento-piscinas-mallorca\/","url":"https:\/\/jardinescostaflorecida.com\/mantenimiento-piscinas-mallorca\/","name":"Pool Maintenance Mallorca - Costa Florecida Gardens","isPartOf":{"@id":"https:\/\/jardinescostaflorecida.com\/#website"},"primaryImageOfPage":{"@id":"https:\/\/jardinescostaflorecida.com\/mantenimiento-piscinas-mallorca\/#primaryimage"},"image":{"@id":"https:\/\/jardinescostaflorecida.com\/mantenimiento-piscinas-mallorca\/#primaryimage"},"thumbnailUrl":"https:\/\/jardinescostaflorecida.com\/wp-content\/uploads\/2022\/10\/mantenimiento-piscinas-mallorca-1-e1664873149355.jpeg","datePublished":"2022-10-04T08:46:57+00:00","description":"Are you looking for a pool maintenance service in Mallorca? Jardines Costa Florecida offers you pool maintenance services throughout Mallorca!","breadcrumb":{"@id":"https:\/\/jardinescostaflorecida.com\/mantenimiento-piscinas-mallorca\/#breadcrumb"},"inLanguage":"en-US","potentialAction":[{"@type":"ReadAction","target":["https:\/\/jardinescostaflorecida.com\/mantenimiento-piscinas-mallorca\/"]}]},{"@type":"ImageObject","inLanguage":"en-US","@id":"https:\/\/jardinescostaflorecida.com\/mantenimiento-piscinas-mallorca\/#primaryimage","url":"https:\/\/jardinescostaflorecida.com\/wp-content\/uploads\/2022\/10\/mantenimiento-piscinas-mallorca-1-e1664873149355.jpeg","contentUrl":"https:\/\/jardinescostaflorecida.com\/wp-content\/uploads\/2022\/10\/mantenimiento-piscinas-mallorca-1-e1664873149355.jpeg","width":1400,"height":931,"caption":"mantenimiento piscinas mallorca"},{"@type":"BreadcrumbList","@id":"https:\/\/jardinescostaflorecida.com\/mantenimiento-piscinas-mallorca\/#breadcrumb","itemListElement":[{"@type":"ListItem","position":1,"name":"Portada","item":"https:\/\/jardinescostaflorecida.com\/inicio\/"},{"@type":"ListItem","position":2,"name":"Mantenimiento de Piscinas en Mallorca"}]},{"@type":"WebSite","@id":"https:\/\/jardinescostaflorecida.com\/#website","url":"https:\/\/jardinescostaflorecida.com\/","name":"Jardines Costa Florecida, a gardening company in Mallorca. Gardeners in Mallorca for the design and maintenance of gardens, clearing of land, pruning and felling of palm trees, etc. in Mallorca.","description":"Costa Florecida Gardens - Gardening company in Mallorca","publisher":{"@id":"https:\/\/jardinescostaflorecida.com\/#organization"},"potentialAction":[{"@type":"SearchAction","target":{"@type":"EntryPoint","urlTemplate":"https:\/\/jardinescostaflorecida.com\/?s={search_term_string}"},"query-input":{"@type":"PropertyValueSpecification","valueRequired":true,"valueName":"search_term_string"}}],"inLanguage":"en-US"},{"@type":"Organization","@id":"https:\/\/jardinescostaflorecida.com\/#organization","name":"Costa Florecida Gardens","url":"https:\/\/jardinescostaflorecida.com\/","logo":{"@type":"ImageObject","inLanguage":"en-US","@id":"https:\/\/jardinescostaflorecida.com\/#\/schema\/logo\/image\/","url":"https:\/\/jardinescostaflorecida.com\/wp-content\/uploads\/2022\/03\/Costa-Florecida-Logo.jpg","contentUrl":"https:\/\/jardinescostaflorecida.com\/wp-content\/uploads\/2022\/03\/Costa-Florecida-Logo.jpg","width":800,"height":600,"caption":"Jardines Costa Florecida"},"image":{"@id":"https:\/\/jardinescostaflorecida.com\/#\/schema\/logo\/image\/"}}]}},"_links":{"self":[{"href":"https:\/\/jardinescostaflorecida.com\/en\/wp-json\/wp\/v2\/pages\/1715"}],"collection":[{"href":"https:\/\/jardinescostaflorecida.com\/en\/wp-json\/wp\/v2\/pages"}],"about":[{"href":"https:\/\/jardinescostaflorecida.com\/en\/wp-json\/wp\/v2\/types\/page"}],"author":[{"embeddable":true,"href":"https:\/\/jardinescostaflorecida.com\/en\/wp-json\/wp\/v2\/users\/10"}],"replies":[{"embeddable":true,"href":"https:\/\/jardinescostaflorecida.com\/en\/wp-json\/wp\/v2\/comments?post=1715"}],"version-history":[{"count":2,"href":"https:\/\/jardinescostaflorecida.com\/en\/wp-json\/wp\/v2\/pages\/1715\/revisions"}],"predecessor-version":[{"id":1732,"href":"https:\/\/jardinescostaflorecida.com\/en\/wp-json\/wp\/v2\/pages\/1715\/revisions\/1732"}],"wp:featuredmedia":[{"embeddable":true,"href":"https:\/\/jardinescostaflorecida.com\/en\/wp-json\/wp\/v2\/media\/1727"}],"wp:attachment":[{"href":"https:\/\/jardinescostaflorecida.com\/en\/wp-json\/wp\/v2\/media?parent=1715"}],"curies":[{"name":"wp","href":"https:\/\/api.w.org\/{rel}","templated":true}]}}