{"id":1711,"date":"2022-10-04T10:47:40","date_gmt":"2022-10-04T08:47:40","guid":{"rendered":"https:\/\/jardinescostaflorecida.com\/?page_id=1711"},"modified":"2022-10-04T10:52:11","modified_gmt":"2022-10-04T08:52:11","slug":"mantenimiento-comunidades-mallorca","status":"publish","type":"page","link":"https:\/\/jardinescostaflorecida.com\/en\/maintenance-of-communities-in-mallorca\/","title":{"rendered":"Community Maintenance in Mallorca"},"content":{"rendered":"<h1 style=\"text-align: left;\">Community Maintenance in Mallorca (Calvi\u00e0)<\/h1>\n<p>Community maintenance is an essential part of the activities that must be carried out for its proper functioning.<\/p>\n<p>It mainly consists of cleaning gardens, entrances and swimming pools, as well as other tasks that are carried out to keep everything in optimal conditions.<\/p>\n<p>Today we will tell you everything you need to know about community maintenance, from the tasks involved to the guidelines that must be followed to carry it out, this way you will understand our services before hiring them.<\/p>\n<h2 style=\"text-align: left;\"><strong>What activities does community maintenance encompass?<\/strong><\/h2>\n<p>In order to properly maintain the community where you live, you must take into account all the spaces it encompasses. Depending on the areas and the type of space it has, you can plan the maintenance activities that must be carried out.<\/p>\n<p>In general, the following are the activities that should be executed.<\/p>\n<h3><strong>Cleaning of entrances and stairs<\/strong><\/h3>\n<p>It covers general services that are responsible for keeping the area around the community&#039;s main entrances and stairs clean. In addition, repair services are considered if necessary.<\/p>\n<p>Other services such as furniture, lighting and other maintenance are also provided from here.<\/p>\n<h3><strong>Outdoor cleaning<\/strong><\/h3>\n<p>This corresponds to the maintenance of the outdoor area of any community. It includes the maintenance of outdoor furniture, if any. Outdoor cleaning involves sweeping or blowing leaves, removing weeds, and also cleaning and washing waste bins.<\/p>\n<p>Finally, the waste is evacuated.<\/p>\n<h3><strong>Pest prevention and control<\/strong><\/h3>\n<p>In order to preserve the health of the area, part of community maintenance is related to pest control.<\/p>\n<p>Although it may be the least frequent task, it should be done from time to time to prevent the appearance of insects such as cockroaches and ants.<\/p>\n<p>In this same way, pest control prevents the appearance of rats and mice in the area.<\/p>\n<h3><strong>Pool maintenance<\/strong><\/h3>\n<p>While not all communities have swimming pools, they are also part of the essential basic maintenance that must be done. <a href=\"https:\/\/jardinescostaflorecida.com\/en\/pool-maintenance-mallorca\/\">pool maintenance<\/a> covers purification, hibernation and use of water chemicals.<\/p>\n<p>Special emphasis should be placed on the purification and disinfection of water, in order to prevent the spread of diseases among the people who use it.<\/p>\n<h3><strong>Facade maintenance<\/strong><\/h3>\n<p>It corresponds to the cleaning of the facades of any structure in houses or buildings in the community, this is mainly done by removing graffiti or stains on walls and ceilings with the application of paint or remover.<\/p>\n<p>This promotes the conservation of the site and significantly improves its appearance.<\/p>\n<h3><strong>Cleaning of roofs and garages<\/strong><\/h3>\n<p>Garages are not exempt from maintenance, and neither are rooftops. In these areas, cleaning is also essential, and repairing cracks and leaks is usually included.<\/p>\n<h2><strong>How should the budget for community maintenance be organized?<\/strong><\/h2>\n<p>Community maintenance always involves some kind of expense, which is why it is necessary to know how to manage it properly. For this purpose, a budget is made exclusively for this type of service, whether it be cleaning, pest control or waste removal.<\/p>\n<p>To do this, there must be three main types of expenses, where the eventualities that may arise are considered.<\/p>\n<p>The first are ordinary expenses, which are usually fixed and are where most of the money is spent, then there are extraordinary expenses, which are made for long-term maintenance and for which a savings fund would be worthwhile.<\/p>\n<p>Finally, there are unforeseen expenses, where reserve funds are used under random circumstances.<\/p>\n<p>These can often consume a large part of the capital, so it is necessary to know how to manage resources in order to maintain common spaces.<\/p>\n<h2><strong>Why is it important to perform good maintenance in your community?<\/strong><\/h2>\n<p>Many times people from the same community neglect the maintenance of the same, this happens because they do not know the importance of keeping nearby spaces well cared for.<\/p>\n<p>Some people may be reluctant to pay for maintenance services. However, this is essential to maintaining the common spaces from which everyone benefits.<\/p>\n<p>Investing in community maintenance is always a worthwhile option.<\/p>\n<p>&nbsp;<\/p>","protected":false},"excerpt":{"rendered":"<p>Mantenimiento de Comunidades en Mallorca (Calvi\u00e0) El mantenimiento de comunidades forma parte esencial en las actividades que deben realizarse para su correcto funcionamiento. Consiste principalmente en la limpieza de jardines, portales y piscinas, as\u00ed como tambi\u00e9n otras tareas que se realizan para mantener todo en \u00f3ptimas condiciones. Hoy te contamos todo lo que debes saber [&hellip;]<\/p>\n","protected":false},"author":10,"featured_media":1725,"parent":0,"menu_order":0,"comment_status":"closed","ping_status":"closed","template":"","meta":{"_joinchat":[],"footnotes":""},"class_list":["post-1711","page","type-page","status-publish","has-post-thumbnail","hentry"],"yoast_head":"<!-- This site is optimized with the Yoast SEO plugin v25.6 - https:\/\/yoast.com\/wordpress\/plugins\/seo\/ -->\n<title>Mantenimiento Comunidades Mallorca - Jardines Costa Florecida<\/title>\n<meta name=\"description\" content=\"\u00bfEst\u00e1s buscando una empresa de jardiner\u00eda que te ofrezca un servicio de calidad de mantenimiento de comunidades? \u00a1Jardines Costa Florecida te los ofrece!\" \/>\n<meta name=\"robots\" content=\"index, follow, max-snippet:-1, max-image-preview:large, max-video-preview:-1\" \/>\n<link rel=\"canonical\" href=\"https:\/\/jardinescostaflorecida.com\/en\/maintenance-of-communities-in-mallorca\/\" \/>\n<meta property=\"og:locale\" content=\"en_US\" \/>\n<meta property=\"og:type\" content=\"article\" \/>\n<meta property=\"og:title\" content=\"Mantenimiento Comunidades Mallorca - Jardines Costa Florecida\" \/>\n<meta property=\"og:description\" content=\"\u00bfEst\u00e1s buscando una empresa de jardiner\u00eda que te ofrezca un servicio de calidad de mantenimiento de comunidades? \u00a1Jardines Costa Florecida te los ofrece!\" \/>\n<meta property=\"og:url\" content=\"https:\/\/jardinescostaflorecida.com\/en\/maintenance-of-communities-in-mallorca\/\" \/>\n<meta property=\"og:site_name\" content=\"Jardines Costa Florecida, empresa de jardiner\u00eda en Mallorca. Jardineros en Mallorca para el dise\u00f1o y mantenimiento de jardines, desbroces de fincas, podas y talas de palmeras, etc. en Mallorca.\" \/>\n<meta property=\"article:modified_time\" content=\"2022-10-04T08:52:11+00:00\" \/>\n<meta property=\"og:image\" content=\"https:\/\/jardinescostaflorecida.com\/wp-content\/uploads\/2022\/10\/mantenimiento-comunidades-mallorca-scaled.jpg\" \/>\n\t<meta property=\"og:image:width\" content=\"2560\" \/>\n\t<meta property=\"og:image:height\" content=\"1708\" \/>\n\t<meta property=\"og:image:type\" content=\"image\/jpeg\" \/>\n<meta name=\"twitter:card\" content=\"summary_large_image\" \/>\n<meta name=\"twitter:label1\" content=\"Est. reading time\" \/>\n\t<meta name=\"twitter:data1\" content=\"4 minutes\" \/>\n<script type=\"application\/ld+json\" class=\"yoast-schema-graph\">{\"@context\":\"https:\/\/schema.org\",\"@graph\":[{\"@type\":\"WebPage\",\"@id\":\"https:\/\/jardinescostaflorecida.com\/mantenimiento-comunidades-mallorca\/\",\"url\":\"https:\/\/jardinescostaflorecida.com\/mantenimiento-comunidades-mallorca\/\",\"name\":\"Mantenimiento Comunidades Mallorca - Jardines Costa Florecida\",\"isPartOf\":{\"@id\":\"https:\/\/jardinescostaflorecida.com\/#website\"},\"primaryImageOfPage\":{\"@id\":\"https:\/\/jardinescostaflorecida.com\/mantenimiento-comunidades-mallorca\/#primaryimage\"},\"image\":{\"@id\":\"https:\/\/jardinescostaflorecida.com\/mantenimiento-comunidades-mallorca\/#primaryimage\"},\"thumbnailUrl\":\"https:\/\/jardinescostaflorecida.com\/wp-content\/uploads\/2022\/10\/mantenimiento-comunidades-mallorca-scaled.jpg\",\"datePublished\":\"2022-10-04T08:47:40+00:00\",\"dateModified\":\"2022-10-04T08:52:11+00:00\",\"description\":\"\u00bfEst\u00e1s buscando una empresa de jardiner\u00eda que te ofrezca un servicio de calidad de mantenimiento de comunidades? \u00a1Jardines Costa Florecida te los ofrece!\",\"breadcrumb\":{\"@id\":\"https:\/\/jardinescostaflorecida.com\/mantenimiento-comunidades-mallorca\/#breadcrumb\"},\"inLanguage\":\"en-US\",\"potentialAction\":[{\"@type\":\"ReadAction\",\"target\":[\"https:\/\/jardinescostaflorecida.com\/mantenimiento-comunidades-mallorca\/\"]}]},{\"@type\":\"ImageObject\",\"inLanguage\":\"en-US\",\"@id\":\"https:\/\/jardinescostaflorecida.com\/mantenimiento-comunidades-mallorca\/#primaryimage\",\"url\":\"https:\/\/jardinescostaflorecida.com\/wp-content\/uploads\/2022\/10\/mantenimiento-comunidades-mallorca-scaled.jpg\",\"contentUrl\":\"https:\/\/jardinescostaflorecida.com\/wp-content\/uploads\/2022\/10\/mantenimiento-comunidades-mallorca-scaled.jpg\",\"width\":2560,\"height\":1708,\"caption\":\"mantenimiento comunidades mallorca\"},{\"@type\":\"BreadcrumbList\",\"@id\":\"https:\/\/jardinescostaflorecida.com\/mantenimiento-comunidades-mallorca\/#breadcrumb\",\"itemListElement\":[{\"@type\":\"ListItem\",\"position\":1,\"name\":\"Portada\",\"item\":\"https:\/\/jardinescostaflorecida.com\/inicio\/\"},{\"@type\":\"ListItem\",\"position\":2,\"name\":\"Mantenimiento de Comunidades en Mallorca\"}]},{\"@type\":\"WebSite\",\"@id\":\"https:\/\/jardinescostaflorecida.com\/#website\",\"url\":\"https:\/\/jardinescostaflorecida.com\/\",\"name\":\"Jardines Costa Florecida, empresa de jardiner\u00eda en Mallorca. Jardineros en Mallorca para el dise\u00f1o y mantenimiento de jardines, desbroces de fincas, podas y talas de palmeras, etc. en Mallorca.\",\"description\":\"Jardines Costa Florecida - Empresa de jardiner\u00eda en Mallorca\",\"publisher\":{\"@id\":\"https:\/\/jardinescostaflorecida.com\/#organization\"},\"potentialAction\":[{\"@type\":\"SearchAction\",\"target\":{\"@type\":\"EntryPoint\",\"urlTemplate\":\"https:\/\/jardinescostaflorecida.com\/?s={search_term_string}\"},\"query-input\":{\"@type\":\"PropertyValueSpecification\",\"valueRequired\":true,\"valueName\":\"search_term_string\"}}],\"inLanguage\":\"en-US\"},{\"@type\":\"Organization\",\"@id\":\"https:\/\/jardinescostaflorecida.com\/#organization\",\"name\":\"Jardines Costa Florecida\",\"url\":\"https:\/\/jardinescostaflorecida.com\/\",\"logo\":{\"@type\":\"ImageObject\",\"inLanguage\":\"en-US\",\"@id\":\"https:\/\/jardinescostaflorecida.com\/#\/schema\/logo\/image\/\",\"url\":\"https:\/\/jardinescostaflorecida.com\/wp-content\/uploads\/2022\/03\/Costa-Florecida-Logo.jpg\",\"contentUrl\":\"https:\/\/jardinescostaflorecida.com\/wp-content\/uploads\/2022\/03\/Costa-Florecida-Logo.jpg\",\"width\":800,\"height\":600,\"caption\":\"Jardines Costa Florecida\"},\"image\":{\"@id\":\"https:\/\/jardinescostaflorecida.com\/#\/schema\/logo\/image\/\"}}]}<\/script>\n<!-- \/ Yoast SEO plugin. -->","yoast_head_json":{"title":"Community Maintenance Mallorca - Costa Florecida Gardens","description":"Are you looking for a gardening company that offers you a quality community maintenance service? Jardines Costa Florecida offers it to you!","robots":{"index":"index","follow":"follow","max-snippet":"max-snippet:-1","max-image-preview":"max-image-preview:large","max-video-preview":"max-video-preview:-1"},"canonical":"https:\/\/jardinescostaflorecida.com\/en\/maintenance-of-communities-in-mallorca\/","og_locale":"en_US","og_type":"article","og_title":"Mantenimiento Comunidades Mallorca - Jardines Costa Florecida","og_description":"\u00bfEst\u00e1s buscando una empresa de jardiner\u00eda que te ofrezca un servicio de calidad de mantenimiento de comunidades? \u00a1Jardines Costa Florecida te los ofrece!","og_url":"https:\/\/jardinescostaflorecida.com\/en\/maintenance-of-communities-in-mallorca\/","og_site_name":"Jardines Costa Florecida, empresa de jardiner\u00eda en Mallorca. Jardineros en Mallorca para el dise\u00f1o y mantenimiento de jardines, desbroces de fincas, podas y talas de palmeras, etc. en Mallorca.","article_modified_time":"2022-10-04T08:52:11+00:00","og_image":[{"width":2560,"height":1708,"url":"https:\/\/jardinescostaflorecida.com\/wp-content\/uploads\/2022\/10\/mantenimiento-comunidades-mallorca-scaled.jpg","type":"image\/jpeg"}],"twitter_card":"summary_large_image","twitter_misc":{"Est. reading time":"4 minutes"},"schema":{"@context":"https:\/\/schema.org","@graph":[{"@type":"WebPage","@id":"https:\/\/jardinescostaflorecida.com\/mantenimiento-comunidades-mallorca\/","url":"https:\/\/jardinescostaflorecida.com\/mantenimiento-comunidades-mallorca\/","name":"Community Maintenance Mallorca - Costa Florecida Gardens","isPartOf":{"@id":"https:\/\/jardinescostaflorecida.com\/#website"},"primaryImageOfPage":{"@id":"https:\/\/jardinescostaflorecida.com\/mantenimiento-comunidades-mallorca\/#primaryimage"},"image":{"@id":"https:\/\/jardinescostaflorecida.com\/mantenimiento-comunidades-mallorca\/#primaryimage"},"thumbnailUrl":"https:\/\/jardinescostaflorecida.com\/wp-content\/uploads\/2022\/10\/mantenimiento-comunidades-mallorca-scaled.jpg","datePublished":"2022-10-04T08:47:40+00:00","dateModified":"2022-10-04T08:52:11+00:00","description":"Are you looking for a gardening company that offers you a quality community maintenance service? Jardines Costa Florecida offers it to you!","breadcrumb":{"@id":"https:\/\/jardinescostaflorecida.com\/mantenimiento-comunidades-mallorca\/#breadcrumb"},"inLanguage":"en-US","potentialAction":[{"@type":"ReadAction","target":["https:\/\/jardinescostaflorecida.com\/mantenimiento-comunidades-mallorca\/"]}]},{"@type":"ImageObject","inLanguage":"en-US","@id":"https:\/\/jardinescostaflorecida.com\/mantenimiento-comunidades-mallorca\/#primaryimage","url":"https:\/\/jardinescostaflorecida.com\/wp-content\/uploads\/2022\/10\/mantenimiento-comunidades-mallorca-scaled.jpg","contentUrl":"https:\/\/jardinescostaflorecida.com\/wp-content\/uploads\/2022\/10\/mantenimiento-comunidades-mallorca-scaled.jpg","width":2560,"height":1708,"caption":"mantenimiento comunidades mallorca"},{"@type":"BreadcrumbList","@id":"https:\/\/jardinescostaflorecida.com\/mantenimiento-comunidades-mallorca\/#breadcrumb","itemListElement":[{"@type":"ListItem","position":1,"name":"Portada","item":"https:\/\/jardinescostaflorecida.com\/inicio\/"},{"@type":"ListItem","position":2,"name":"Mantenimiento de Comunidades en Mallorca"}]},{"@type":"WebSite","@id":"https:\/\/jardinescostaflorecida.com\/#website","url":"https:\/\/jardinescostaflorecida.com\/","name":"Jardines Costa Florecida, a gardening company in Mallorca. Gardeners in Mallorca for the design and maintenance of gardens, clearing of land, pruning and felling of palm trees, etc. in Mallorca.","description":"Costa Florecida Gardens - Gardening company in Mallorca","publisher":{"@id":"https:\/\/jardinescostaflorecida.com\/#organization"},"potentialAction":[{"@type":"SearchAction","target":{"@type":"EntryPoint","urlTemplate":"https:\/\/jardinescostaflorecida.com\/?s={search_term_string}"},"query-input":{"@type":"PropertyValueSpecification","valueRequired":true,"valueName":"search_term_string"}}],"inLanguage":"en-US"},{"@type":"Organization","@id":"https:\/\/jardinescostaflorecida.com\/#organization","name":"Costa Florecida Gardens","url":"https:\/\/jardinescostaflorecida.com\/","logo":{"@type":"ImageObject","inLanguage":"en-US","@id":"https:\/\/jardinescostaflorecida.com\/#\/schema\/logo\/image\/","url":"https:\/\/jardinescostaflorecida.com\/wp-content\/uploads\/2022\/03\/Costa-Florecida-Logo.jpg","contentUrl":"https:\/\/jardinescostaflorecida.com\/wp-content\/uploads\/2022\/03\/Costa-Florecida-Logo.jpg","width":800,"height":600,"caption":"Jardines Costa Florecida"},"image":{"@id":"https:\/\/jardinescostaflorecida.com\/#\/schema\/logo\/image\/"}}]}},"_links":{"self":[{"href":"https:\/\/jardinescostaflorecida.com\/en\/wp-json\/wp\/v2\/pages\/1711"}],"collection":[{"href":"https:\/\/jardinescostaflorecida.com\/en\/wp-json\/wp\/v2\/pages"}],"about":[{"href":"https:\/\/jardinescostaflorecida.com\/en\/wp-json\/wp\/v2\/types\/page"}],"author":[{"embeddable":true,"href":"https:\/\/jardinescostaflorecida.com\/en\/wp-json\/wp\/v2\/users\/10"}],"replies":[{"embeddable":true,"href":"https:\/\/jardinescostaflorecida.com\/en\/wp-json\/wp\/v2\/comments?post=1711"}],"version-history":[{"count":6,"href":"https:\/\/jardinescostaflorecida.com\/en\/wp-json\/wp\/v2\/pages\/1711\/revisions"}],"predecessor-version":[{"id":1730,"href":"https:\/\/jardinescostaflorecida.com\/en\/wp-json\/wp\/v2\/pages\/1711\/revisions\/1730"}],"wp:featuredmedia":[{"embeddable":true,"href":"https:\/\/jardinescostaflorecida.com\/en\/wp-json\/wp\/v2\/media\/1725"}],"wp:attachment":[{"href":"https:\/\/jardinescostaflorecida.com\/en\/wp-json\/wp\/v2\/media?parent=1711"}],"curies":[{"name":"wp","href":"https:\/\/api.w.org\/{rel}","templated":true}]}}