{"id":41,"date":"2019-04-12T14:43:08","date_gmt":"2019-04-12T12:43:08","guid":{"rendered":"http:\/\/www.volcadodewebs.com\/?page_id=41"},"modified":"2022-08-14T09:16:21","modified_gmt":"2022-08-14T07:16:21","slug":"contacto","status":"publish","type":"page","link":"https:\/\/jardinescostaflorecida.com\/de\/kontakt\/","title":{"rendered":"Kontakt"},"content":{"rendered":"<style type=\"text\/css\" data-created_by=\"avia_inline_auto\" id=\"style-css-av-6ya7t-fd8dc3b4cbdd835b267a627532a5dcc3\">\n.flex_column.av-6ya7t-fd8dc3b4cbdd835b267a627532a5dcc3{\nborder-radius:0px 0px 0px 0px;\npadding:0px 0px 0px 0px;\n}\n<\/style>\n<div  class='flex_column av-6ya7t-fd8dc3b4cbdd835b267a627532a5dcc3 av_two_third  avia-builder-el-0  el_before_av_one_third  avia-builder-el-first  first flex_column_div av-zero-column-padding'     ><p>\n<style type=\"text\/css\" data-created_by=\"avia_inline_auto\" id=\"style-css-av-l44jxmxy-097fb11d32d4a6537cd2d9fcba5ac9bc\">\n#top .av-special-heading.av-l44jxmxy-097fb11d32d4a6537cd2d9fcba5ac9bc{\npadding-bottom:0;\n}\nbody .av-special-heading.av-l44jxmxy-097fb11d32d4a6537cd2d9fcba5ac9bc .av-special-heading-tag .heading-char{\nfont-size:25px;\n}\n.av-special-heading.av-l44jxmxy-097fb11d32d4a6537cd2d9fcba5ac9bc .av-subheading{\nfont-size:15px;\n}\n<\/style>\n<div  class='av-special-heading av-l44jxmxy-097fb11d32d4a6537cd2d9fcba5ac9bc av-special-heading-h1 blockquote modern-quote  avia-builder-el-1  el_before_av_textblock  avia-builder-el-first'><h1 class='av-special-heading-tag'  itemprop=\"headline\"  >Kontaktieren Sie uns<\/h1><div class=\"special-heading-border\"><div class=\"special-heading-inner-border\"><\/div><\/div><\/div><br \/>\n<section  class='av_textblock_section av-5ln7p-548ec15e85379deb234a82be921236ae'   itemscope=\"itemscope\" itemtype=\"https:\/\/schema.org\/CreativeWork\" ><div class='avia_textblock'  itemprop=\"text\" >\n<div class=\"wpcf7 no-js\" id=\"wpcf7-f108-o1\" lang=\"es-ES\" dir=\"ltr\" data-wpcf7-id=\"108\">\n<div class=\"screen-reader-response\"><p role=\"status\" aria-live=\"polite\" aria-atomic=\"true\"><\/p> <ul><\/ul><\/div>\n<form action=\"\/de\/wp-json\/wp\/v2\/pages\/41#wpcf7-f108-o1\" method=\"post\" class=\"wpcf7-form init\" aria-label=\"Kontaktformular\" novalidate=\"novalidate\" data-status=\"init\" data-trp-original-action=\"\/de\/wp-json\/wp\/v2\/pages\/41#wpcf7-f108-o1\">\n<div style=\"display: none;\">\n<input type=\"hidden\" name=\"_wpcf7\" value=\"108\" \/>\n<input type=\"hidden\" name=\"_wpcf7_version\" value=\"6.0.6\" \/>\n<input type=\"hidden\" name=\"_wpcf7_locale\" value=\"es_ES\" \/>\n<input type=\"hidden\" name=\"_wpcf7_unit_tag\" value=\"wpcf7-f108-o1\" \/>\n<input type=\"hidden\" name=\"_wpcf7_container_post\" value=\"0\" \/>\n<input type=\"hidden\" name=\"_wpcf7_posted_data_hash\" value=\"\" \/>\n<input type=\"hidden\" name=\"_wpcf7_recaptcha_response\" value=\"\" \/>\n<\/div>\n<p><label> Name (erforderlich)<br \/>\n<span class=\"wpcf7-form-control-wrap\" data-name=\"your-name\"><input size=\"40\" maxlength=\"400\" class=\"wpcf7-form-control wpcf7-text wpcf7-validates-as-required\" aria-required=\"true\" aria-invalid=\"false\" value=\"\" type=\"text\" name=\"your-name\" \/><\/span> <\/label>\n<\/p>\n<p><label> Ihre E-Mail (erforderlich)<br \/>\n<span class=\"wpcf7-form-control-wrap\" data-name=\"your-email\"><input size=\"40\" maxlength=\"400\" class=\"wpcf7-form-control wpcf7-email wpcf7-validates-as-required wpcf7-text wpcf7-validates-as-email\" aria-required=\"true\" aria-invalid=\"false\" value=\"\" type=\"email\" name=\"your-email\" \/><\/span> <\/label>\n<\/p>\n<p><label> Telefon (erforderlich)<br \/>\n<span class=\"wpcf7-form-control-wrap\" data-name=\"tel-202\"><input size=\"40\" maxlength=\"400\" class=\"wpcf7-form-control wpcf7-tel wpcf7-validates-as-required wpcf7-text wpcf7-validates-as-tel\" aria-required=\"true\" aria-invalid=\"false\" value=\"\" type=\"tel\" name=\"tel-202\" \/><\/span> <\/label>\n<\/p>\n<p><label> Aff\u00e4re<br \/>\n<span class=\"wpcf7-form-control-wrap\" data-name=\"your-subject\"><input size=\"40\" maxlength=\"400\" class=\"wpcf7-form-control wpcf7-text\" aria-invalid=\"false\" value=\"\" type=\"text\" name=\"your-subject\" \/><\/span> <\/label><br \/>\n<span id=\"wpcf7-69de69618045e-wrapper\" class=\"wpcf7-form-control-wrap honeypot-182-wrap\" style=\"display:none !important; visibility:hidden !important;\"><label for=\"wpcf7-69de69618045e-field\" class=\"hp-message\">Bitte lassen Sie dieses Feld leer.<\/label><input id=\"wpcf7-69de69618045e-field\"  class=\"wpcf7-form-control wpcf7-text\" type=\"text\" name=\"honeypot-182\" value=\"\" size=\"40\" tabindex=\"-1\" autocomplete=\"new-password\" \/><\/span><br \/>\n<label> Nachricht<br \/>\n<span class=\"wpcf7-form-control-wrap\" data-name=\"your-message\"><textarea cols=\"40\" rows=\"10\" maxlength=\"2000\" class=\"wpcf7-form-control wpcf7-textarea\" aria-invalid=\"false\" name=\"your-message\"><\/textarea><\/span> <\/label>\n<\/p>\n<p><span class=\"wpcf7-form-control-wrap\" data-name=\"Acpetar-politica\"><span class=\"wpcf7-form-control wpcf7-acceptance\"><span class=\"wpcf7-list-item\"><label><input type=\"checkbox\" name=\"Acpetar-politica\" value=\"1\" aria-invalid=\"false\" \/><span class=\"wpcf7-list-item-label\">Durch Klicken akzeptieren Sie unsere <a href=\"https:\/\/jardinescostaflorecida.com\/de\/politica-de-privacidad\/\" target=\"_blank\" rel=\"noopener\">Datenschutzrichtlinie<\/a> was Sie hier lesen k\u00f6nnen.<\/span><\/label><\/span><\/span><\/span><br \/>\n<span class=\"wpcf7-form-control-wrap recaptcha\" data-name=\"recaptcha\"><span data-sitekey=\"6LeHwTQbAAAAAJY2CkKj_nmglCe849gnRLZGCZvb\" class=\"wpcf7-form-control wpcf7-recaptcha g-recaptcha\"><\/span>\r\n<noscript>\r\n\t<div class=\"grecaptcha-noscript\">\r\n\t\t<iframe src=\"https:\/\/www.google.com\/recaptcha\/api\/fallback?k=6LeHwTQbAAAAAJY2CkKj_nmglCe849gnRLZGCZvb\" frameborder=\"0\" scrolling=\"no\" width=\"310\" height=\"430\">\r\n\t\t<\/iframe>\r\n\t\t<textarea name=\"g-recaptcha-response\" rows=\"3\" cols=\"40\" placeholder=\"reCaptcha-Antwort hier\">\r\n\t\t<\/textarea>\r\n\t<\/div>\r\n<\/noscript>\r\n<\/span><br \/>\n<input class=\"wpcf7-form-control wpcf7-submit has-spinner\" type=\"submit\" value=\"Schicken\" \/>\n<\/p><div class=\"wpcf7-response-output\" aria-hidden=\"true\"><\/div>\n<input type=\"hidden\" name=\"trp-form-language\" value=\"de\"\/><\/form>\n<\/div>\n\n<\/div><\/section><\/p><\/div>\n\n<style type=\"text\/css\" data-created_by=\"avia_inline_auto\" id=\"style-css-av-4z30t-ba4df37aa201528a87c00a138e1f7e1b\">\n.flex_column.av-4z30t-ba4df37aa201528a87c00a138e1f7e1b{\nborder-radius:0px 0px 0px 0px;\npadding:0px 0px 0px 0px;\n}\n<\/style>\n<div  class='flex_column av-4z30t-ba4df37aa201528a87c00a138e1f7e1b av_one_third  avia-builder-el-3  el_after_av_two_third  el_before_av_textblock  flex_column_div av-zero-column-padding'     ><p>\n<style type=\"text\/css\" data-created_by=\"avia_inline_auto\" id=\"style-css-av-av_heading-df585d6ba81fc261ff8f48b55e7ba07c\">\n#top .av-special-heading.av-av_heading-df585d6ba81fc261ff8f48b55e7ba07c{\npadding-bottom:0;\n}\nbody .av-special-heading.av-av_heading-df585d6ba81fc261ff8f48b55e7ba07c .av-special-heading-tag .heading-char{\nfont-size:25px;\n}\n.av-special-heading.av-av_heading-df585d6ba81fc261ff8f48b55e7ba07c .av-subheading{\nfont-size:15px;\n}\n<\/style>\n<div  class='av-special-heading av-av_heading-df585d6ba81fc261ff8f48b55e7ba07c av-special-heading-h3 blockquote modern-quote  avia-builder-el-4  el_before_av_hr  avia-builder-el-first'><h3 class='av-special-heading-tag'  itemprop=\"headline\"  >Fordern Sie unverbindlich Ihr Angebot an<\/h3><div class=\"special-heading-border\"><div class=\"special-heading-inner-border\"><\/div><\/div><\/div><br \/>\n\n<style type=\"text\/css\" data-created_by=\"avia_inline_auto\" id=\"style-css-av-eoqh-09fa7eee30261bc1ea0b97ec01f5f8b0\">\n#top .hr.av-eoqh-09fa7eee30261bc1ea0b97ec01f5f8b0{\nmargin-top:5px;\nmargin-bottom:35px;\n}\n.hr.av-eoqh-09fa7eee30261bc1ea0b97ec01f5f8b0 .hr-inner{\nwidth:50px;\nborder-color:#bde632;\n}\n<\/style>\n<div  class='hr av-eoqh-09fa7eee30261bc1ea0b97ec01f5f8b0 hr-custom  avia-builder-el-5  el_after_av_heading  el_before_av_textblock  hr-left hr-icon-no'><span class='hr-inner inner-border-av-border-fat'><span class=\"hr-inner-style\"><\/span><\/span><\/div><br \/>\n<section  class='av_textblock_section av-3fqcp-916f5a6d648864e2128a40cc96be90a4'   itemscope=\"itemscope\" itemtype=\"https:\/\/schema.org\/CreativeWork\" ><div class='avia_textblock'  itemprop=\"text\" ><section class=\"av_textblock_section\">\n<div class=\"avia_textblock\">\n<section class=\"av_textblock_section\">\n<div class=\"avia_textblock\">\n<p>Kontaktieren Sie uns \u00fcber unser Formular oder rufen Sie uns an und fordern Sie unverbindlich Ihr Angebot an.<br \/>\nUnser <a href=\"https:\/\/jardinescostaflorecida.com\/de\/\"><strong>Gartenbauunternehmen auf Mallorca<\/strong><\/a> Das Unternehmen verf\u00fcgt \u00fcber einige der besten G\u00e4rtner Mallorcas und steht Ihnen gerne mit Rat und Tat zur Seite.<\/p>\n<p>Wir warten auf Sie!<\/p>\n<\/div>\n<\/section>\n<\/div>\n<\/section>\n<\/div><\/section><br \/>\n\n<style type=\"text\/css\" data-created_by=\"avia_inline_auto\" id=\"style-css-av-2uvfd-987d55b5838ae9ea92b2b01ab3fdb9fa\">\n#top .hr.av-2uvfd-987d55b5838ae9ea92b2b01ab3fdb9fa{\nmargin-top:5px;\nmargin-bottom:35px;\n}\n.hr.av-2uvfd-987d55b5838ae9ea92b2b01ab3fdb9fa .hr-inner{\nwidth:50px;\nborder-color:#bde632;\n}\n<\/style>\n<div  class='hr av-2uvfd-987d55b5838ae9ea92b2b01ab3fdb9fa hr-custom  avia-builder-el-7  el_after_av_textblock  el_before_av_textblock  hr-left hr-icon-no'><span class='hr-inner inner-border-av-border-fat'><span class=\"hr-inner-style\"><\/span><\/span><\/div><br \/>\n<section  class='av_textblock_section av-8ay9-fc847967058992b5c560d12410862a5b'   itemscope=\"itemscope\" itemtype=\"https:\/\/schema.org\/CreativeWork\" ><div class='avia_textblock'  itemprop=\"text\" ><section class=\"av_textblock_section\">\n<div class=\"avia_textblock\">\n<section class=\"av_textblock_section\">\n<div class=\"avia_textblock\">\n<p><strong>Adresse<\/strong><br \/>\n<span class=\"sombra\">Palma de Mallorca<br \/>\n<\/span><\/p>\n<p><strong>E-Mail<\/strong><br \/>\njard.costaflorecida@hotmail.com<\/p>\n<p><strong>Telefon<br \/>\n<\/strong>654 186 935<strong><br \/>\n<\/strong><\/p>\n<\/div>\n<\/section>\n<\/div>\n<\/section>\n<\/div><\/section><\/p><\/div>\n<style type=\"text\/css\" data-created_by=\"avia_inline_auto\" id=\"style-css-av-l44k7oh2-1e64ad4a83f2838525a78530446c2a7a\">\n#top .av_textblock_section.av-l44k7oh2-1e64ad4a83f2838525a78530446c2a7a .avia_textblock{\nfont-size:14px;\n}\n\n@media only screen and (max-width: 479px){ \n#top .av_textblock_section.av-l44k7oh2-1e64ad4a83f2838525a78530446c2a7a .avia_textblock{\nfont-size:14px;\n}\n}\n<\/style>\n<section  class='av_textblock_section av-l44k7oh2-1e64ad4a83f2838525a78530446c2a7a'   itemscope=\"itemscope\" itemtype=\"https:\/\/schema.org\/CreativeWork\" ><div class='avia_textblock'  itemprop=\"text\" ><h2 style=\"text-align: center;\">Standort unseres Gartenbauunternehmens auf Mallorca \u2013 Jardines Costa Florecida<\/h2>\n<\/div><\/section><\/p>\n\n<section  class='av_textblock_section av-l44k6ki2-d9255f740b60691c9cbcc489f62cff50'   itemscope=\"itemscope\" itemtype=\"https:\/\/schema.org\/CreativeWork\" ><div class='avia_textblock'  itemprop=\"text\" ><p>Wenn Sie eine pers\u00f6nlichere Betreuung f\u00fcr die Gestaltung Ihrer G\u00e4rten, die Gartenpflege, das Beschneiden von F\u00e4ll- und Palmenb\u00e4umen, pflanzengesundheitliche Behandlungen und andere Garten- und Wartungsdienstleistungen auf Mallorca suchen, dann\u2026<\/p>\n<p>Z\u00f6gern Sie nicht, uns zu kontaktieren, da wir mit vielen Einzelpersonen wie Ihnen und vielen Gemeinden auf Mallorca in Kontakt stehen, die eine gute Pflege f\u00fcr ihre Gemeinde und ihre G\u00e4rten ben\u00f6tigen.<\/p>\n<p>Wir werden stets versuchen, Sie aus unserer Erfahrung bestm\u00f6glich zu beraten, damit Sie das bekommen, was Sie suchen.<\/p>\n<p>Wir haben neue Gartenger\u00e4te, die j\u00e4hrlich erneuert werden, und Gartenprodukte, die darauf ausgerichtet sind, die beste Gesundheit f\u00fcr Ihren Garten zu erreichen.<\/p>\n<p>Von unserem Gartenteam auf Mallorca \u2013 Jardines Costa Florecida<\/p>\n<\/div><\/section>","protected":false},"excerpt":{"rendered":"","protected":false},"author":10,"featured_media":0,"parent":0,"menu_order":0,"comment_status":"closed","ping_status":"closed","template":"","meta":{"_joinchat":[],"footnotes":""},"class_list":["post-41","page","type-page","status-publish","hentry"],"yoast_head":"<!-- This site is optimized with the Yoast SEO plugin v25.6 - https:\/\/yoast.com\/wordpress\/plugins\/seo\/ -->\n<title>Contacto - Jardines Costa Florecida<\/title>\n<meta name=\"description\" content=\"Contacta con nuestra empresa de jardineria en Mallorca Jardines Costa Florecida para ofrecerte presupuesto y una atenci\u00f3n personalizada.\" \/>\n<meta name=\"robots\" content=\"index, follow, max-snippet:-1, max-image-preview:large, max-video-preview:-1\" \/>\n<link rel=\"canonical\" href=\"https:\/\/jardinescostaflorecida.com\/de\/kontakt\/\" \/>\n<meta property=\"og:locale\" content=\"de_DE\" \/>\n<meta property=\"og:type\" content=\"article\" \/>\n<meta property=\"og:title\" content=\"Contacto - Jardines Costa Florecida\" \/>\n<meta property=\"og:description\" content=\"Contacta con nuestra empresa de jardineria en Mallorca Jardines Costa Florecida para ofrecerte presupuesto y una atenci\u00f3n personalizada.\" \/>\n<meta property=\"og:url\" content=\"https:\/\/jardinescostaflorecida.com\/de\/kontakt\/\" \/>\n<meta property=\"og:site_name\" content=\"Jardines Costa Florecida, empresa de jardiner\u00eda en Mallorca. Jardineros en Mallorca para el dise\u00f1o y mantenimiento de jardines, desbroces de fincas, podas y talas de palmeras, etc. en Mallorca.\" \/>\n<meta property=\"article:modified_time\" content=\"2022-08-14T07:16:21+00:00\" \/>\n<meta name=\"twitter:card\" content=\"summary_large_image\" \/>\n<meta name=\"twitter:label1\" content=\"Est. reading time\" \/>\n\t<meta name=\"twitter:data1\" content=\"2 minutes\" \/>\n<script type=\"application\/ld+json\" class=\"yoast-schema-graph\">{\"@context\":\"https:\/\/schema.org\",\"@graph\":[{\"@type\":\"WebPage\",\"@id\":\"https:\/\/jardinescostaflorecida.com\/contacto\/\",\"url\":\"https:\/\/jardinescostaflorecida.com\/contacto\/\",\"name\":\"Contacto - Jardines Costa Florecida\",\"isPartOf\":{\"@id\":\"https:\/\/jardinescostaflorecida.com\/#website\"},\"datePublished\":\"2019-04-12T12:43:08+00:00\",\"dateModified\":\"2022-08-14T07:16:21+00:00\",\"description\":\"Contacta con nuestra empresa de jardineria en Mallorca Jardines Costa Florecida para ofrecerte presupuesto y una atenci\u00f3n personalizada.\",\"breadcrumb\":{\"@id\":\"https:\/\/jardinescostaflorecida.com\/contacto\/#breadcrumb\"},\"inLanguage\":\"de-DE\",\"potentialAction\":[{\"@type\":\"ReadAction\",\"target\":[\"https:\/\/jardinescostaflorecida.com\/contacto\/\"]}]},{\"@type\":\"BreadcrumbList\",\"@id\":\"https:\/\/jardinescostaflorecida.com\/contacto\/#breadcrumb\",\"itemListElement\":[{\"@type\":\"ListItem\",\"position\":1,\"name\":\"Portada\",\"item\":\"https:\/\/jardinescostaflorecida.com\/inicio\/\"},{\"@type\":\"ListItem\",\"position\":2,\"name\":\"Contacto\"}]},{\"@type\":\"WebSite\",\"@id\":\"https:\/\/jardinescostaflorecida.com\/#website\",\"url\":\"https:\/\/jardinescostaflorecida.com\/\",\"name\":\"Jardines Costa Florecida, empresa de jardiner\u00eda en Mallorca. Jardineros en Mallorca para el dise\u00f1o y mantenimiento de jardines, desbroces de fincas, podas y talas de palmeras, etc. en Mallorca.\",\"description\":\"Jardines Costa Florecida - Empresa de jardiner\u00eda en Mallorca\",\"publisher\":{\"@id\":\"https:\/\/jardinescostaflorecida.com\/#organization\"},\"potentialAction\":[{\"@type\":\"SearchAction\",\"target\":{\"@type\":\"EntryPoint\",\"urlTemplate\":\"https:\/\/jardinescostaflorecida.com\/?s={search_term_string}\"},\"query-input\":{\"@type\":\"PropertyValueSpecification\",\"valueRequired\":true,\"valueName\":\"search_term_string\"}}],\"inLanguage\":\"de-DE\"},{\"@type\":\"Organization\",\"@id\":\"https:\/\/jardinescostaflorecida.com\/#organization\",\"name\":\"Jardines Costa Florecida\",\"url\":\"https:\/\/jardinescostaflorecida.com\/\",\"logo\":{\"@type\":\"ImageObject\",\"inLanguage\":\"de-DE\",\"@id\":\"https:\/\/jardinescostaflorecida.com\/#\/schema\/logo\/image\/\",\"url\":\"https:\/\/jardinescostaflorecida.com\/wp-content\/uploads\/2022\/03\/Costa-Florecida-Logo.jpg\",\"contentUrl\":\"https:\/\/jardinescostaflorecida.com\/wp-content\/uploads\/2022\/03\/Costa-Florecida-Logo.jpg\",\"width\":800,\"height\":600,\"caption\":\"Jardines Costa Florecida\"},\"image\":{\"@id\":\"https:\/\/jardinescostaflorecida.com\/#\/schema\/logo\/image\/\"}}]}<\/script>\n<!-- \/ Yoast SEO plugin. -->","yoast_head_json":{"title":"Kontakt - Costa Florecida Gardens","description":"Kontaktieren Sie unser Gartenbauunternehmen auf Mallorca Jardines Costa Florecida, um Ihnen ein Angebot und eine pers\u00f6nliche Betreuung zu unterbreiten.","robots":{"index":"index","follow":"follow","max-snippet":"max-snippet:-1","max-image-preview":"max-image-preview:large","max-video-preview":"max-video-preview:-1"},"canonical":"https:\/\/jardinescostaflorecida.com\/de\/kontakt\/","og_locale":"de_DE","og_type":"article","og_title":"Contacto - Jardines Costa Florecida","og_description":"Contacta con nuestra empresa de jardineria en Mallorca Jardines Costa Florecida para ofrecerte presupuesto y una atenci\u00f3n personalizada.","og_url":"https:\/\/jardinescostaflorecida.com\/de\/kontakt\/","og_site_name":"Jardines Costa Florecida, empresa de jardiner\u00eda en Mallorca. Jardineros en Mallorca para el dise\u00f1o y mantenimiento de jardines, desbroces de fincas, podas y talas de palmeras, etc. en Mallorca.","article_modified_time":"2022-08-14T07:16:21+00:00","twitter_card":"summary_large_image","twitter_misc":{"Est. reading time":"2 minutes"},"schema":{"@context":"https:\/\/schema.org","@graph":[{"@type":"WebPage","@id":"https:\/\/jardinescostaflorecida.com\/contacto\/","url":"https:\/\/jardinescostaflorecida.com\/contacto\/","name":"Kontakt - Costa Florecida Gardens","isPartOf":{"@id":"https:\/\/jardinescostaflorecida.com\/#website"},"datePublished":"2019-04-12T12:43:08+00:00","dateModified":"2022-08-14T07:16:21+00:00","description":"Kontaktieren Sie unser Gartenbauunternehmen auf Mallorca Jardines Costa Florecida, um Ihnen ein Angebot und eine pers\u00f6nliche Betreuung zu unterbreiten.","breadcrumb":{"@id":"https:\/\/jardinescostaflorecida.com\/contacto\/#breadcrumb"},"inLanguage":"de-DE","potentialAction":[{"@type":"ReadAction","target":["https:\/\/jardinescostaflorecida.com\/contacto\/"]}]},{"@type":"BreadcrumbList","@id":"https:\/\/jardinescostaflorecida.com\/contacto\/#breadcrumb","itemListElement":[{"@type":"ListItem","position":1,"name":"Portada","item":"https:\/\/jardinescostaflorecida.com\/inicio\/"},{"@type":"ListItem","position":2,"name":"Contacto"}]},{"@type":"WebSite","@id":"https:\/\/jardinescostaflorecida.com\/#website","url":"https:\/\/jardinescostaflorecida.com\/","name":"Jardines Costa Florecida, Gartenbauunternehmen auf Mallorca. G\u00e4rtner auf Mallorca f\u00fcr die Gestaltung und Pflege von G\u00e4rten, die Rodung von Grundst\u00fccken, das Beschneiden und F\u00e4llen von Palmen usw. auf Mallorca.","description":"Costa Florecida Gardens \u2013 Gartenbauunternehmen auf Mallorca","publisher":{"@id":"https:\/\/jardinescostaflorecida.com\/#organization"},"potentialAction":[{"@type":"SearchAction","target":{"@type":"EntryPoint","urlTemplate":"https:\/\/jardinescostaflorecida.com\/?s={search_term_string}"},"query-input":{"@type":"PropertyValueSpecification","valueRequired":true,"valueName":"search_term_string"}}],"inLanguage":"de-DE"},{"@type":"Organization","@id":"https:\/\/jardinescostaflorecida.com\/#organization","name":"K\u00fcsteng\u00e4rten von Florecida","url":"https:\/\/jardinescostaflorecida.com\/","logo":{"@type":"ImageObject","inLanguage":"de-DE","@id":"https:\/\/jardinescostaflorecida.com\/#\/schema\/logo\/image\/","url":"https:\/\/jardinescostaflorecida.com\/wp-content\/uploads\/2022\/03\/Costa-Florecida-Logo.jpg","contentUrl":"https:\/\/jardinescostaflorecida.com\/wp-content\/uploads\/2022\/03\/Costa-Florecida-Logo.jpg","width":800,"height":600,"caption":"Jardines Costa Florecida"},"image":{"@id":"https:\/\/jardinescostaflorecida.com\/#\/schema\/logo\/image\/"}}]}},"_links":{"self":[{"href":"https:\/\/jardinescostaflorecida.com\/de\/wp-json\/wp\/v2\/pages\/41"}],"collection":[{"href":"https:\/\/jardinescostaflorecida.com\/de\/wp-json\/wp\/v2\/pages"}],"about":[{"href":"https:\/\/jardinescostaflorecida.com\/de\/wp-json\/wp\/v2\/types\/page"}],"author":[{"embeddable":true,"href":"https:\/\/jardinescostaflorecida.com\/de\/wp-json\/wp\/v2\/users\/10"}],"replies":[{"embeddable":true,"href":"https:\/\/jardinescostaflorecida.com\/de\/wp-json\/wp\/v2\/comments?post=41"}],"version-history":[{"count":12,"href":"https:\/\/jardinescostaflorecida.com\/de\/wp-json\/wp\/v2\/pages\/41\/revisions"}],"predecessor-version":[{"id":1514,"href":"https:\/\/jardinescostaflorecida.com\/de\/wp-json\/wp\/v2\/pages\/41\/revisions\/1514"}],"wp:attachment":[{"href":"https:\/\/jardinescostaflorecida.com\/de\/wp-json\/wp\/v2\/media?parent=41"}],"curies":[{"name":"wp","href":"https:\/\/api.w.org\/{rel}","templated":true}]}}