{"id":36,"date":"2019-04-12T14:29:33","date_gmt":"2019-04-12T12:29:33","guid":{"rendered":"http:\/\/www.volcadodewebs.com\/?page_id=36"},"modified":"2022-08-14T09:27:08","modified_gmt":"2022-08-14T07:27:08","slug":"servicios","status":"publish","type":"page","link":"https:\/\/jardinescostaflorecida.com\/de\/dienstleistungen\/","title":{"rendered":"Dienstleistungen"},"content":{"rendered":"<style type=\"text\/css\" data-created_by=\"avia_inline_auto\" id=\"style-css-av-azij4-92f1607e4a8d26d74714947410a3cd4f\">\n.avia-image-container.av-azij4-92f1607e4a8d26d74714947410a3cd4f img.avia_image{\nbox-shadow:none;\n}\n.avia-image-container.av-azij4-92f1607e4a8d26d74714947410a3cd4f .av-image-caption-overlay-center{\ncolor:#ffffff;\n}\n<\/style>\n<div  class='avia-image-container av-azij4-92f1607e4a8d26d74714947410a3cd4f av-styling- avia-align-center  avia-builder-el-0  el_before_av_heading  avia-builder-el-first'   itemprop=\"image\" itemscope=\"itemscope\" itemtype=\"https:\/\/schema.org\/ImageObject\" ><div class=\"avia-image-container-inner\"><div class=\"avia-image-overlay-wrap\"><img fetchpriority=\"high\" decoding=\"async\" class='wp-image-37 avia-img-lazy-loading-not-37 avia_image' src=\"https:\/\/jardinescostaflorecida.com\/wp-content\/uploads\/2019\/04\/39035407_l-1500x430-1500x430.jpg\" alt='' title='39035407 - Waldb\u00e4ume. Naturgr\u00fcnes Holz, Sonnenlichthintergr\u00fcnde.' height=\"430\" width=\"1500\"  itemprop=\"thumbnailUrl\" srcset=\"https:\/\/jardinescostaflorecida.com\/wp-content\/uploads\/2019\/04\/39035407_l-1500x430.jpg 1500w, https:\/\/jardinescostaflorecida.com\/wp-content\/uploads\/2019\/04\/39035407_l-1500x430-300x86.jpg 300w, https:\/\/jardinescostaflorecida.com\/wp-content\/uploads\/2019\/04\/39035407_l-1500x430-768x220.jpg 768w, https:\/\/jardinescostaflorecida.com\/wp-content\/uploads\/2019\/04\/39035407_l-1500x430-1030x295.jpg 1030w, https:\/\/jardinescostaflorecida.com\/wp-content\/uploads\/2019\/04\/39035407_l-1500x430-705x202.jpg 705w, https:\/\/jardinescostaflorecida.com\/wp-content\/uploads\/2019\/04\/39035407_l-1500x430-450x129.jpg 450w\"  sizes=\"(max-width: 1500px) 100vw, 1500px\" \/><\/div><\/div><\/div>\n\n<style type=\"text\/css\" data-created_by=\"avia_inline_auto\" id=\"style-css-av-l6t0519j-a2aca276c4010c90c76b00b56e2f8458\">\n#top .av-special-heading.av-l6t0519j-a2aca276c4010c90c76b00b56e2f8458{\npadding-bottom:0;\n}\nbody .av-special-heading.av-l6t0519j-a2aca276c4010c90c76b00b56e2f8458 .av-special-heading-tag .heading-char{\nfont-size:25px;\n}\n.av-special-heading.av-l6t0519j-a2aca276c4010c90c76b00b56e2f8458 .av-subheading{\nfont-size:15px;\n}\n<\/style>\n<div  class='av-special-heading av-l6t0519j-a2aca276c4010c90c76b00b56e2f8458 av-special-heading-h1 blockquote modern-quote modern-centered  avia-builder-el-1  el_after_av_image  el_before_av_hr'><h1 class='av-special-heading-tag'  itemprop=\"headline\"  >Unsere Gartendienstleistungen<\/h1><div class=\"special-heading-border\"><div class=\"special-heading-inner-border\"><\/div><\/div><\/div>\n\n<style type=\"text\/css\" data-created_by=\"avia_inline_auto\" id=\"style-css-av-zt84-d19ad90656e75375c28f4f8888a58837\">\n#top .hr.av-zt84-d19ad90656e75375c28f4f8888a58837{\nmargin-top:5px;\nmargin-bottom:35px;\n}\n.hr.av-zt84-d19ad90656e75375c28f4f8888a58837 .hr-inner{\nwidth:50px;\nborder-color:#bde632;\n}\n<\/style>\n<div  class='hr av-zt84-d19ad90656e75375c28f4f8888a58837 hr-custom  avia-builder-el-2  el_after_av_heading  el_before_av_textblock  hr-center hr-icon-no'><span class='hr-inner inner-border-av-border-fat'><span class=\"hr-inner-style\"><\/span><\/span><\/div>\n<section  class='av_textblock_section av-90srw-5819eea087ef5d7e8e69862c9a615f97'   itemscope=\"itemscope\" itemtype=\"https:\/\/schema.org\/CreativeWork\" ><div class='avia_textblock'  itemprop=\"text\" ><p style=\"text-align: center;\">Wenn Sie auf der Suche nach einem Gartendienstleister auf Mallorca sind, der \u00fcber jahrelange Erfahrung im Gartenbau verf\u00fcgt, haben Sie ihn gefunden.<\/p>\n<p style=\"text-align: center;\">In unserem Gartenbauunternehmen Jardines Costa Florecida verf\u00fcgen wir bereits \u00fcber mehr als 20 Jahre Erfahrung im Gartenbereich. <strong><a href=\"https:\/\/jardinescostaflorecida.com\/de\/\">Gartenarbeit auf Mallorca<\/a>.<\/strong><\/p>\n<p style=\"text-align: center;\">Wir verf\u00fcgen \u00fcber ein professionelles und seri\u00f6ses Team, das die Tr\u00e4ume vieler Menschen wie Ihnen wahr werden l\u00e4sst, die unter anderem ihren Garten versch\u00f6nern m\u00f6chten.<\/p>\n<p style=\"text-align: center;\">Unsere Behandlung wird immer individuell und transparent sein, wir verstecken nicht gerne Dinge, wir garantieren den bestm\u00f6glichen Preis und das beste Preis-Leistungs-Verh\u00e4ltnis.<\/p>\n<p style=\"text-align: center;\">Wir verwenden stets die am wenigsten sch\u00e4dlichen Produkte f\u00fcr Ihren Garten oder f\u00fcr die von Ihnen ben\u00f6tigten Dienstleistungen. Wir wissen, wie wichtig dies auf lange Sicht f\u00fcr Sie ist.<\/p>\n<p style=\"text-align: center;\">In unserem Produktportfolio finden Sie:<\/p>\n<\/div><\/section>\n\n<style type=\"text\/css\" data-created_by=\"avia_inline_auto\" id=\"style-css-av-uc2w-729e53761967c10344147bf4396ec65d\">\n.flex_column.av-uc2w-729e53761967c10344147bf4396ec65d{\nborder-radius:0px 0px 0px 0px;\npadding:0px 0px 0px 0px;\n}\n<\/style>\n<div  class='flex_column av-uc2w-729e53761967c10344147bf4396ec65d av_one_third  avia-builder-el-4  el_after_av_textblock  el_before_av_one_third  first flex_column_div av-zero-column-padding  column-top-margin'     ><style type=\"text\/css\" data-created_by=\"avia_inline_auto\" id=\"style-css-av-8bko8-2718f730b7fa64374c49579f74a2e720\">\n#top #wrap_all .avia-icon-list-container.av-8bko8-2718f730b7fa64374c49579f74a2e720 .av_iconlist_title{\nfont-size:15px;\n}\n\n@media only screen and (min-width: 480px) and (max-width: 767px){ \n#top #wrap_all .avia-icon-list-container.av-8bko8-2718f730b7fa64374c49579f74a2e720 .av_iconlist_title{\nfont-size:13px;\n}\n}\n\n@media only screen and (max-width: 479px){ \n#top #wrap_all .avia-icon-list-container.av-8bko8-2718f730b7fa64374c49579f74a2e720 .av_iconlist_title{\nfont-size:13px;\n}\n}\n<\/style>\n<div  class='avia-icon-list-container av-8bko8-2718f730b7fa64374c49579f74a2e720  avia-builder-el-5  avia-builder-el-no-sibling'><ul class='avia-icon-list avia_animate_when_almost_visible avia-icon-list-left av-iconlist-big av-8bko8-2718f730b7fa64374c49579f74a2e720 avia-iconlist-animate'>\n<li><div class='iconlist_icon av-44lso-88fd1b461a97d47b91b8f53672f8c0ed avia-font-entypo-fontello'><span class='iconlist-char' aria-hidden='true' data-av_icon='\ue879' data-av_iconfont='entypo-fontello'><\/span><\/div><article class=\"article-icon-entry av-iconlist-empty\"  itemscope=\"itemscope\" itemtype=\"https:\/\/schema.org\/CreativeWork\" ><div class=\"iconlist_content_wrap\"><header class=\"entry-content-header\" aria-label=\"Symbol: Gartengestaltung\"><h2 class='av_iconlist_title iconlist_title'  itemprop=\"headline\" >Gartengestaltung<\/h2><\/header><div class='iconlist_content'  itemprop=\"text\" ><\/div><\/div><footer class=\"entry-footer\"><\/footer><\/article><div class=\"iconlist-timeline\"><\/div><\/li>\n<li><div class='iconlist_icon av-3i7us-e9f3678c1c98ad8f2839df65470e92f3 avia-font-entypo-fontello'><span class='iconlist-char' aria-hidden='true' data-av_icon='\ue879' data-av_iconfont='entypo-fontello'><\/span><\/div><article class=\"article-icon-entry av-iconlist-empty\"  itemscope=\"itemscope\" itemtype=\"https:\/\/schema.org\/CreativeWork\" ><div class=\"iconlist_content_wrap\"><header class=\"entry-content-header\" aria-label=\"Symbol: Gartenpflege\"><h2 class='av_iconlist_title iconlist_title'  itemprop=\"headline\" >Gartenpflege<\/h2><\/header><div class='iconlist_content'  itemprop=\"text\" ><\/div><\/div><footer class=\"entry-footer\"><\/footer><\/article><div class=\"iconlist-timeline\"><\/div><\/li>\n<\/ul><\/div><\/div>\n\n<style type=\"text\/css\" data-created_by=\"avia_inline_auto\" id=\"style-css-av-673z0-5d0b44f2bf1a37f93c17081f42d5078f\">\n.flex_column.av-673z0-5d0b44f2bf1a37f93c17081f42d5078f{\nborder-radius:0px 0px 0px 0px;\npadding:0px 0px 0px 0px;\n}\n<\/style>\n<div  class='flex_column av-673z0-5d0b44f2bf1a37f93c17081f42d5078f av_one_third  avia-builder-el-6  el_after_av_one_third  el_before_av_one_third  flex_column_div av-zero-column-padding  column-top-margin'     ><style type=\"text\/css\" data-created_by=\"avia_inline_auto\" id=\"style-css-av-5kk38-0509b22026f4dd03c1e4cff768017820\">\n#top #wrap_all .avia-icon-list-container.av-5kk38-0509b22026f4dd03c1e4cff768017820 .av_iconlist_title{\nfont-size:15px;\n}\n\n@media only screen and (min-width: 480px) and (max-width: 767px){ \n#top #wrap_all .avia-icon-list-container.av-5kk38-0509b22026f4dd03c1e4cff768017820 .av_iconlist_title{\nfont-size:13px;\n}\n}\n\n@media only screen and (max-width: 479px){ \n#top #wrap_all .avia-icon-list-container.av-5kk38-0509b22026f4dd03c1e4cff768017820 .av_iconlist_title{\nfont-size:13px;\n}\n}\n<\/style>\n<div  class='avia-icon-list-container av-5kk38-0509b22026f4dd03c1e4cff768017820  avia-builder-el-7  avia-builder-el-no-sibling'><ul class='avia-icon-list avia_animate_when_almost_visible avia-icon-list-left av-iconlist-big av-5kk38-0509b22026f4dd03c1e4cff768017820 avia-iconlist-animate'>\n<li><div class='iconlist_icon av-2t0dc-4bec695d82e9d0cbcf7c472fb69b95c2 avia-font-entypo-fontello'><span class='iconlist-char' aria-hidden='true' data-av_icon='\ue879' data-av_iconfont='entypo-fontello'><\/span><\/div><article class=\"article-icon-entry av-iconlist-empty\"  itemscope=\"itemscope\" itemtype=\"https:\/\/schema.org\/CreativeWork\" ><div class=\"iconlist_content_wrap\"><header class=\"entry-content-header\" aria-label=\"Symbol: Rodung von Bauernh\u00f6fen und Grundst\u00fccken\"><h2 class='av_iconlist_title iconlist_title'  itemprop=\"headline\" >R\u00e4umung von H\u00f6fen und Grundst\u00fccken<\/h2><\/header><div class='iconlist_content'  itemprop=\"text\" ><\/div><\/div><footer class=\"entry-footer\"><\/footer><\/article><div class=\"iconlist-timeline\"><\/div><\/li>\n<li><div class='iconlist_icon av-276c4-61ccace0649d0f74e822f2ebdac385f7 avia-font-entypo-fontello'><span class='iconlist-char' aria-hidden='true' data-av_icon='\ue879' data-av_iconfont='entypo-fontello'><\/span><\/div><article class=\"article-icon-entry av-iconlist-empty\"  itemscope=\"itemscope\" itemtype=\"https:\/\/schema.org\/CreativeWork\" ><div class=\"iconlist_content_wrap\"><header class=\"entry-content-header\" aria-label=\"Symbol: Palmen beschneiden\"><h2 class='av_iconlist_title iconlist_title'  itemprop=\"headline\" >Beschneiden von Palmen<\/h2><\/header><div class='iconlist_content'  itemprop=\"text\" ><\/div><\/div><footer class=\"entry-footer\"><\/footer><\/article><div class=\"iconlist-timeline\"><\/div><\/li>\n<\/ul><\/div><\/div>\n\n<style type=\"text\/css\" data-created_by=\"avia_inline_auto\" id=\"style-css-av-3z2q0-593c98e068e71a88102ef6748052925f\">\n.flex_column.av-3z2q0-593c98e068e71a88102ef6748052925f{\nborder-radius:0px 0px 0px 0px;\npadding:0px 0px 0px 0px;\n}\n<\/style>\n<div  class='flex_column av-3z2q0-593c98e068e71a88102ef6748052925f av_one_third  avia-builder-el-8  el_after_av_one_third  el_before_av_section  avia-builder-el-last  flex_column_div av-zero-column-padding  column-top-margin'     ><style type=\"text\/css\" data-created_by=\"avia_inline_auto\" id=\"style-css-av-36mnc-909b8609ab6fd925d28fec00df2fe089\">\n#top #wrap_all .avia-icon-list-container.av-36mnc-909b8609ab6fd925d28fec00df2fe089 .av_iconlist_title{\nfont-size:15px;\n}\n\n@media only screen and (min-width: 480px) and (max-width: 767px){ \n#top #wrap_all .avia-icon-list-container.av-36mnc-909b8609ab6fd925d28fec00df2fe089 .av_iconlist_title{\nfont-size:13px;\n}\n}\n\n@media only screen and (max-width: 479px){ \n#top #wrap_all .avia-icon-list-container.av-36mnc-909b8609ab6fd925d28fec00df2fe089 .av_iconlist_title{\nfont-size:13px;\n}\n}\n<\/style>\n<div  class='avia-icon-list-container av-36mnc-909b8609ab6fd925d28fec00df2fe089  avia-builder-el-9  avia-builder-el-no-sibling'><ul class='avia-icon-list avia_animate_when_almost_visible avia-icon-list-left av-iconlist-big av-36mnc-909b8609ab6fd925d28fec00df2fe089 avia-iconlist-animate'>\n<li><div class='iconlist_icon av-51l4-d0eb47657e01eb829ddfb1160f49f4c3 avia-font-entypo-fontello'><span class='iconlist-char' aria-hidden='true' data-av_icon='\ue879' data-av_iconfont='entypo-fontello'><\/span><\/div><article class=\"article-icon-entry av-iconlist-empty\"  itemscope=\"itemscope\" itemtype=\"https:\/\/schema.org\/CreativeWork\" ><div class=\"iconlist_content_wrap\"><header class=\"entry-content-header\" aria-label=\"Symbol: Automatische Bew\u00e4sserung\"><h2 class='av_iconlist_title iconlist_title'  itemprop=\"headline\" >Automatische Bew\u00e4sserung<\/h2><\/header><div class='iconlist_content'  itemprop=\"text\" ><\/div><\/div><footer class=\"entry-footer\"><\/footer><\/article><div class=\"iconlist-timeline\"><\/div><\/li>\n<li><div class='iconlist_icon av-3xuk-d83dbede9b0967c66c4ab9bbf695e2ac avia-font-entypo-fontello'><span class='iconlist-char' aria-hidden='true' data-av_icon='\ue879' data-av_iconfont='entypo-fontello'><\/span><\/div><article class=\"article-icon-entry av-iconlist-empty\"  itemscope=\"itemscope\" itemtype=\"https:\/\/schema.org\/CreativeWork\" ><div class=\"iconlist_content_wrap\"><header class=\"entry-content-header\" aria-label=\"Symbol: Pflanzenschutzbehandlungen\"><h2 class='av_iconlist_title iconlist_title'  itemprop=\"headline\" >Pflanzenschutzbehandlungen<\/h2><\/header><div class='iconlist_content'  itemprop=\"text\" ><\/div><\/div><footer class=\"entry-footer\"><\/footer><\/article><div class=\"iconlist-timeline\"><\/div><\/li>\n<\/ul><\/div><\/div>\n<\/div><\/div><\/div><!-- close content main div --><\/div><\/div><div id='av_section_1'  class='avia-section av-1ns9k-df6eda83a605fc96ddffa0ae0fd4f251 main_color avia-section-default avia-no-shadow  avia-builder-el-10  el_after_av_one_third  el_before_av_codeblock  avia-bg-style-scroll container_wrap fullsize'  ><div class='container av-section-cont-open' ><div class='template-page content  av-content-full alpha units'><div class='post-entry post-entry-type-page post-entry-36'><div class='entry-content-wrapper clearfix'>\n<div  class='avia-button-wrap av-rb7g-da4736e3e86b98d13bdcb1c504363552-wrap avia-button-center  avia-builder-el-11  avia-builder-el-no-sibling'><a href='https:\/\/jardinescostaflorecida.com\/de\/kontakt\/'  class='avia-button av-rb7g-da4736e3e86b98d13bdcb1c504363552 av-link-btn avia-icon_select-no avia-size-large avia-position-center avia-color-theme-color'   aria-label=\"Wir beraten Sie individuell\"><span class='avia_iconbox_title' >Wir beraten Sie individuell<\/span><\/a><\/div>\n<\/div><\/div><\/div><!-- close content main div --><\/div><\/div><div id='after_section_1'  class='main_color av_default_container_wrap container_wrap fullsize'  ><div class='container av-section-cont-open' ><div class='template-page content  av-content-full alpha units'><div class='post-entry post-entry-type-page post-entry-36'><div class='entry-content-wrapper clearfix'>","protected":false},"excerpt":{"rendered":"","protected":false},"author":10,"featured_media":0,"parent":0,"menu_order":0,"comment_status":"closed","ping_status":"closed","template":"","meta":{"_joinchat":[],"footnotes":""},"class_list":["post-36","page","type-page","status-publish","hentry"],"yoast_head":"<!-- This site is optimized with the Yoast SEO plugin v25.6 - https:\/\/yoast.com\/wordpress\/plugins\/seo\/ -->\n<title>Nuestros Servicios | Jardines Costa Florecida<\/title>\n<meta name=\"description\" content=\"\u00bfBuscas una empresa de jardiner\u00eda para mejorar tu jard\u00edn?... \u00bfPodar alguna palmera?... \u00bfTratamientos Fitosanitarios?... tenemos de todo!\" \/>\n<meta name=\"robots\" content=\"index, follow, max-snippet:-1, max-image-preview:large, max-video-preview:-1\" \/>\n<link rel=\"canonical\" href=\"https:\/\/jardinescostaflorecida.com\/de\/dienstleistungen\/\" \/>\n<meta property=\"og:locale\" content=\"de_DE\" \/>\n<meta property=\"og:type\" content=\"article\" \/>\n<meta property=\"og:title\" content=\"Nuestros Servicios | Jardines Costa Florecida\" \/>\n<meta property=\"og:description\" content=\"\u00bfBuscas una empresa de jardiner\u00eda para mejorar tu jard\u00edn?... \u00bfPodar alguna palmera?... \u00bfTratamientos Fitosanitarios?... tenemos de todo!\" \/>\n<meta property=\"og:url\" content=\"https:\/\/jardinescostaflorecida.com\/de\/dienstleistungen\/\" \/>\n<meta property=\"og:site_name\" content=\"Jardines Costa Florecida, empresa de jardiner\u00eda en Mallorca. Jardineros en Mallorca para el dise\u00f1o y mantenimiento de jardines, desbroces de fincas, podas y talas de palmeras, etc. en Mallorca.\" \/>\n<meta property=\"article:modified_time\" content=\"2022-08-14T07:27:08+00:00\" \/>\n<meta name=\"twitter:card\" content=\"summary_large_image\" \/>\n<meta name=\"twitter:label1\" content=\"Est. reading time\" \/>\n\t<meta name=\"twitter:data1\" content=\"3 minutes\" \/>\n<script type=\"application\/ld+json\" class=\"yoast-schema-graph\">{\"@context\":\"https:\/\/schema.org\",\"@graph\":[{\"@type\":\"WebPage\",\"@id\":\"https:\/\/jardinescostaflorecida.com\/servicios\/\",\"url\":\"https:\/\/jardinescostaflorecida.com\/servicios\/\",\"name\":\"Nuestros Servicios | Jardines Costa Florecida\",\"isPartOf\":{\"@id\":\"https:\/\/jardinescostaflorecida.com\/#website\"},\"datePublished\":\"2019-04-12T12:29:33+00:00\",\"dateModified\":\"2022-08-14T07:27:08+00:00\",\"description\":\"\u00bfBuscas una empresa de jardiner\u00eda para mejorar tu jard\u00edn?... \u00bfPodar alguna palmera?... \u00bfTratamientos Fitosanitarios?... tenemos de todo!\",\"breadcrumb\":{\"@id\":\"https:\/\/jardinescostaflorecida.com\/servicios\/#breadcrumb\"},\"inLanguage\":\"de-DE\",\"potentialAction\":[{\"@type\":\"ReadAction\",\"target\":[\"https:\/\/jardinescostaflorecida.com\/servicios\/\"]}]},{\"@type\":\"BreadcrumbList\",\"@id\":\"https:\/\/jardinescostaflorecida.com\/servicios\/#breadcrumb\",\"itemListElement\":[{\"@type\":\"ListItem\",\"position\":1,\"name\":\"Portada\",\"item\":\"https:\/\/jardinescostaflorecida.com\/inicio\/\"},{\"@type\":\"ListItem\",\"position\":2,\"name\":\"Servicios\"}]},{\"@type\":\"WebSite\",\"@id\":\"https:\/\/jardinescostaflorecida.com\/#website\",\"url\":\"https:\/\/jardinescostaflorecida.com\/\",\"name\":\"Jardines Costa Florecida, empresa de jardiner\u00eda en Mallorca. Jardineros en Mallorca para el dise\u00f1o y mantenimiento de jardines, desbroces de fincas, podas y talas de palmeras, etc. en Mallorca.\",\"description\":\"Jardines Costa Florecida - Empresa de jardiner\u00eda en Mallorca\",\"publisher\":{\"@id\":\"https:\/\/jardinescostaflorecida.com\/#organization\"},\"potentialAction\":[{\"@type\":\"SearchAction\",\"target\":{\"@type\":\"EntryPoint\",\"urlTemplate\":\"https:\/\/jardinescostaflorecida.com\/?s={search_term_string}\"},\"query-input\":{\"@type\":\"PropertyValueSpecification\",\"valueRequired\":true,\"valueName\":\"search_term_string\"}}],\"inLanguage\":\"de-DE\"},{\"@type\":\"Organization\",\"@id\":\"https:\/\/jardinescostaflorecida.com\/#organization\",\"name\":\"Jardines Costa Florecida\",\"url\":\"https:\/\/jardinescostaflorecida.com\/\",\"logo\":{\"@type\":\"ImageObject\",\"inLanguage\":\"de-DE\",\"@id\":\"https:\/\/jardinescostaflorecida.com\/#\/schema\/logo\/image\/\",\"url\":\"https:\/\/jardinescostaflorecida.com\/wp-content\/uploads\/2022\/03\/Costa-Florecida-Logo.jpg\",\"contentUrl\":\"https:\/\/jardinescostaflorecida.com\/wp-content\/uploads\/2022\/03\/Costa-Florecida-Logo.jpg\",\"width\":800,\"height\":600,\"caption\":\"Jardines Costa Florecida\"},\"image\":{\"@id\":\"https:\/\/jardinescostaflorecida.com\/#\/schema\/logo\/image\/\"}}]}<\/script>\n<!-- \/ Yoast SEO plugin. -->","yoast_head_json":{"title":"Unsere Leistungen | K\u00fcsteng\u00e4rten von Florecida","description":"Suchen Sie ein Gartenbauunternehmen, das Ihren Garten versch\u00f6nert?... Eine Palme beschneiden?... Pflanzenschutzbehandlungen?... wir haben alles!","robots":{"index":"index","follow":"follow","max-snippet":"max-snippet:-1","max-image-preview":"max-image-preview:large","max-video-preview":"max-video-preview:-1"},"canonical":"https:\/\/jardinescostaflorecida.com\/de\/dienstleistungen\/","og_locale":"de_DE","og_type":"article","og_title":"Nuestros Servicios | Jardines Costa Florecida","og_description":"\u00bfBuscas una empresa de jardiner\u00eda para mejorar tu jard\u00edn?... \u00bfPodar alguna palmera?... \u00bfTratamientos Fitosanitarios?... tenemos de todo!","og_url":"https:\/\/jardinescostaflorecida.com\/de\/dienstleistungen\/","og_site_name":"Jardines Costa Florecida, empresa de jardiner\u00eda en Mallorca. Jardineros en Mallorca para el dise\u00f1o y mantenimiento de jardines, desbroces de fincas, podas y talas de palmeras, etc. en Mallorca.","article_modified_time":"2022-08-14T07:27:08+00:00","twitter_card":"summary_large_image","twitter_misc":{"Est. reading time":"3 minutes"},"schema":{"@context":"https:\/\/schema.org","@graph":[{"@type":"WebPage","@id":"https:\/\/jardinescostaflorecida.com\/servicios\/","url":"https:\/\/jardinescostaflorecida.com\/servicios\/","name":"Unsere Leistungen | K\u00fcsteng\u00e4rten von Florecida","isPartOf":{"@id":"https:\/\/jardinescostaflorecida.com\/#website"},"datePublished":"2019-04-12T12:29:33+00:00","dateModified":"2022-08-14T07:27:08+00:00","description":"Suchen Sie ein Gartenbauunternehmen, das Ihren Garten versch\u00f6nert?... Eine Palme beschneiden?... Pflanzenschutzbehandlungen?... wir haben alles!","breadcrumb":{"@id":"https:\/\/jardinescostaflorecida.com\/servicios\/#breadcrumb"},"inLanguage":"de-DE","potentialAction":[{"@type":"ReadAction","target":["https:\/\/jardinescostaflorecida.com\/servicios\/"]}]},{"@type":"BreadcrumbList","@id":"https:\/\/jardinescostaflorecida.com\/servicios\/#breadcrumb","itemListElement":[{"@type":"ListItem","position":1,"name":"Portada","item":"https:\/\/jardinescostaflorecida.com\/inicio\/"},{"@type":"ListItem","position":2,"name":"Servicios"}]},{"@type":"WebSite","@id":"https:\/\/jardinescostaflorecida.com\/#website","url":"https:\/\/jardinescostaflorecida.com\/","name":"Jardines Costa Florecida, Gartenbauunternehmen auf Mallorca. G\u00e4rtner auf Mallorca f\u00fcr die Gestaltung und Pflege von G\u00e4rten, die Rodung von Grundst\u00fccken, das Beschneiden und F\u00e4llen von Palmen usw. auf Mallorca.","description":"Costa Florecida Gardens \u2013 Gartenbauunternehmen auf Mallorca","publisher":{"@id":"https:\/\/jardinescostaflorecida.com\/#organization"},"potentialAction":[{"@type":"SearchAction","target":{"@type":"EntryPoint","urlTemplate":"https:\/\/jardinescostaflorecida.com\/?s={search_term_string}"},"query-input":{"@type":"PropertyValueSpecification","valueRequired":true,"valueName":"search_term_string"}}],"inLanguage":"de-DE"},{"@type":"Organization","@id":"https:\/\/jardinescostaflorecida.com\/#organization","name":"K\u00fcsteng\u00e4rten von Florecida","url":"https:\/\/jardinescostaflorecida.com\/","logo":{"@type":"ImageObject","inLanguage":"de-DE","@id":"https:\/\/jardinescostaflorecida.com\/#\/schema\/logo\/image\/","url":"https:\/\/jardinescostaflorecida.com\/wp-content\/uploads\/2022\/03\/Costa-Florecida-Logo.jpg","contentUrl":"https:\/\/jardinescostaflorecida.com\/wp-content\/uploads\/2022\/03\/Costa-Florecida-Logo.jpg","width":800,"height":600,"caption":"Jardines Costa Florecida"},"image":{"@id":"https:\/\/jardinescostaflorecida.com\/#\/schema\/logo\/image\/"}}]}},"_links":{"self":[{"href":"https:\/\/jardinescostaflorecida.com\/de\/wp-json\/wp\/v2\/pages\/36"}],"collection":[{"href":"https:\/\/jardinescostaflorecida.com\/de\/wp-json\/wp\/v2\/pages"}],"about":[{"href":"https:\/\/jardinescostaflorecida.com\/de\/wp-json\/wp\/v2\/types\/page"}],"author":[{"embeddable":true,"href":"https:\/\/jardinescostaflorecida.com\/de\/wp-json\/wp\/v2\/users\/10"}],"replies":[{"embeddable":true,"href":"https:\/\/jardinescostaflorecida.com\/de\/wp-json\/wp\/v2\/comments?post=36"}],"version-history":[{"count":11,"href":"https:\/\/jardinescostaflorecida.com\/de\/wp-json\/wp\/v2\/pages\/36\/revisions"}],"predecessor-version":[{"id":1517,"href":"https:\/\/jardinescostaflorecida.com\/de\/wp-json\/wp\/v2\/pages\/36\/revisions\/1517"}],"wp:attachment":[{"href":"https:\/\/jardinescostaflorecida.com\/de\/wp-json\/wp\/v2\/media?parent=36"}],"curies":[{"name":"wp","href":"https:\/\/api.w.org\/{rel}","templated":true}]}}