{"id":3,"date":"2019-03-13T11:04:09","date_gmt":"2019-03-13T10:04:09","guid":{"rendered":"http:\/\/volcadodewebs.com\/?page_id=3"},"modified":"2022-06-07T21:43:16","modified_gmt":"2022-06-07T19:43:16","slug":"politica-privacidad","status":"publish","type":"page","link":"https:\/\/jardinescostaflorecida.com\/de\/datenschutzrichtlinie\/","title":{"rendered":"Datenschutzrichtlinie"},"content":{"rendered":"<p><strong>BENUTZERINFORMATIONEN<\/strong><\/p>\r\n<p>ANTONIO AGUILERA FITZTATRICK informiert Sie als Datenverantwortlicher dar\u00fcber, dass wir Ihre Daten gem\u00e4\u00df den Bestimmungen der Verordnung (EU) 2016\/679 vom 27. April 2016 zum Schutz personenbezogener Daten (RGPD) nach eigenem Ermessen verarbeiten in dieser Datenschutzerkl\u00e4rung.<\/p>\r\n<p>In dieser Datenschutzrichtlinie beschreiben wir, wie wir Ihre personenbezogenen Daten erfassen und warum wir sie erfassen, was wir damit machen, mit wem wir sie teilen, wie wir sie sch\u00fctzen und welche M\u00f6glichkeiten Sie hinsichtlich der Verarbeitung Ihrer personenbezogenen Daten haben.<\/p>\r\n<p>Diese Richtlinie gilt f\u00fcr die Verarbeitung Ihrer personenbezogenen Daten, die das Unternehmen zur Erbringung seiner Dienstleistungen erfasst. Wenn Sie die Ma\u00dfnahmen dieser Richtlinie akzeptieren, stimmen Sie der Verarbeitung Ihrer personenbezogenen Daten durch uns gem\u00e4\u00df der Definition dieser Richtlinie zu.<\/p>\r\n<p><strong>KONTAKT<\/strong><\/p>\r\n<p>Handelsname: ANTONIO AGUILERA FITZTATRICK<br \/>CIF: 43096890L<br \/>Eingetragener Sitz: Calle Sanadona 125, 07183, Costa de la Calma, Balearen<br \/>Telefon: 654 186 935<br \/>E-Mail: jard.costaflorecida@hotmail.com<\/p>\r\n<p><strong>SCHL\u00dcSSELGRUNDS\u00c4TZE<\/strong><br \/>Wir sind stets bestrebt, unsere Dienstleistungen auf h\u00f6chstem Qualit\u00e4tsniveau anzubieten, wozu auch der sichere und transparente Umgang mit Ihren Daten geh\u00f6rt. Unsere Grunds\u00e4tze sind:<\/p>\r\n<ul>\r\n<li><strong>Rechtm\u00e4\u00dfigkeit<\/strong>: Wir erfassen Ihre personenbezogenen Daten nur f\u00fcr bestimmte, eindeutige und legitime Zwecke.<\/li>\r\n<\/ul>\r\n<ul>\r\n<li><strong>Datenminimierung<\/strong>: Wir beschr\u00e4nken die Erhebung personenbezogener Daten auf das Ma\u00df, das f\u00fcr die Zwecke, f\u00fcr die sie erhoben wurden, unbedingt relevant und notwendig ist.<\/li>\r\n<\/ul>\r\n<ul>\r\n<li><strong>Zweckbeschr\u00e4nkung<\/strong>Hinweis: Wir erheben Ihre personenbezogenen Daten nur zu den angegebenen Zwecken und nur entsprechend Ihren W\u00fcnschen.<\/li>\r\n<\/ul>\r\n<ul>\r\n<li><strong>Pr\u00e4zision<\/strong>: Wir sorgen daf\u00fcr, dass Ihre personenbezogenen Daten korrekt und aktuell sind.<\/li>\r\n<\/ul>\r\n<ul>\r\n<li><strong>Datensicherheit<\/strong>: Wir ergreifen angemessene technische und organisatorische Ma\u00dfnahmen, die den Risiken angemessen sind, um sicherzustellen, dass Ihre Daten keinen Schaden erleiden, wie z. B. durch unbefugte Offenlegung oder unbefugten Zugriff, versehentliche oder unrechtm\u00e4\u00dfige Zerst\u00f6rung oder versehentlichen Verlust oder \u00c4nderung und jede andere Form der unrechtm\u00e4\u00dfigen Verarbeitung.<\/li>\r\n<\/ul>\r\n<ul>\r\n<li><strong>Zugang und Berichtigung<\/strong>: Wir verf\u00fcgen \u00fcber die M\u00f6glichkeit, dass Sie auf Ihre Daten zugreifen oder diese berichtigen k\u00f6nnen, wenn Sie dies f\u00fcr angemessen halten.<\/li>\r\n<\/ul>\r\n<ul>\r\n<li><strong>Erhaltung<\/strong>: Wir speichern Ihre personenbezogenen Daten rechtm\u00e4\u00dfig und angemessen und nur so lange, wie es f\u00fcr die Zwecke, f\u00fcr die sie erhoben wurden, erforderlich ist.<\/li>\r\n<\/ul>\r\n<ul>\r\n<li><strong>Internationale \u00dcberweisungen<\/strong>: Wenn Ihre Daten au\u00dferhalb der EU\/des EWR \u00fcbertragen werden sollen, werden sie angemessen gesch\u00fctzt.<\/li>\r\n<\/ul>\r\n<ul>\r\n<li><strong>Dritte<\/strong>: Der Zugriff auf und die \u00dcbermittlung personenbezogener Daten an Dritte erfolgen im Einklang mit den geltenden Gesetzen und Vorschriften sowie mit entsprechenden vertraglichen Garantien.<\/li>\r\n<\/ul>\r\n<ul>\r\n<li><strong>Direktmarketing und Cookies<\/strong>: Wir halten uns an die geltenden Gesetze zu Werbung und Cookies.<\/li>\r\n<\/ul>\r\n<p><strong>ERHEBUNG UND VERARBEITUNG IHRER PERSONENBEZOGENEN DATEN<\/strong><br \/>Die Arten von Daten, die angefordert und verarbeitet werden, sind:<\/p>\r\n<ul>\r\n<li>Daten identifizierender Natur, pers\u00f6nliche Merkmale und soziale Umst\u00e4nde.<\/li>\r\n<li>Ggf. Wirtschaftsdaten.<\/li>\r\n<\/ul>\r\n<p>Wir erfassen au\u00dferdem automatisch Daten \u00fcber Ihren Besuch auf unserer Website, wie im Abschnitt \u201eVerwendung von Cookies\u201c weiter unten beschrieben.<\/p>\r\n<p>Wann immer wir Ihre personenbezogenen Daten anfordern, werden wir Sie klar dar\u00fcber informieren, welche personenbezogenen Daten wir zu welchem Zweck erfassen. Im Allgemeinen erheben und verarbeiten wir Ihre personenbezogenen Daten zu folgenden Zwecken:<\/p>\r\n<ul>\r\n<li>Bereitstellung von Informationen zu unseren Produkten und Dienstleistungen.<\/li>\r\n<li>Bieten Sie unsere Dienstleistungen an.<\/li>\r\n<li>Reagieren Sie auf Ihre Fragen und W\u00fcnsche.<\/li>\r\n<\/ul>\r\n<p><strong>LEGITIMIT\u00c4T<\/strong><\/p>\r\n<p>Gem\u00e4\u00df den geltenden Datenschutzbestimmungen k\u00f6nnen Ihre personenbezogenen Daten verarbeitet werden, wenn:<\/p>\r\n<ul>\r\n<li>Sie haben uns f\u00fcr die Zwecke der Behandlung Ihre Einwilligung erteilt. Selbstverst\u00e4ndlich k\u00f6nnen Sie Ihre Einwilligung jederzeit widerrufen.<\/li>\r\n<\/ul>\r\n<ul>\r\n<li>Es ist f\u00fcr die Erbringung unserer Leistungen im Rahmen einer Vertragsbeziehung zwischen Ihnen und uns erforderlich.<\/li>\r\n<\/ul>\r\n<ul>\r\n<li>Mit einer solchen Verarbeitung verfolgen wir ein berechtigtes Interesse, das nicht durch Ihre Datenschutzrechte beeintr\u00e4chtigt wird. Dieses berechtigte Interesse wird Ihnen in der Datenschutzerkl\u00e4rung f\u00fcr die jeweilige Verarbeitung ordnungsgem\u00e4\u00df mitgeteilt.<\/li>\r\n<li>Es ist gesetzlich vorgeschrieben<\/li>\r\n<\/ul>\r\n<p><strong>IHRE RECHTE<\/strong><\/p>\r\n<p>Im Zusammenhang mit der Erhebung und Verarbeitung Ihrer personenbezogenen Daten k\u00f6nnen Sie sich jederzeit an uns wenden, um:<\/p>\r\n<ul>\r\n<li>Erfahren Sie, ob wir Ihre personenbezogenen Daten verarbeiten.<\/li>\r\n<li>Zugriff auf Ihre pers\u00f6nlichen Daten und alle anderen in Artikel 15.1 der DSGVO genannten Informationen.<\/li>\r\n<li>Berichtigung unrichtiger oder unvollst\u00e4ndiger personenbezogener Daten gem\u00e4\u00df Artikel 16 DSGVO.<\/li>\r\n<li>L\u00f6schen Sie Ihre personenbezogenen Daten gem\u00e4\u00df Artikel 17 der DSGVO.<\/li>\r\n<li>Beschr\u00e4nken Sie die Verarbeitung Ihrer personenbezogenen Daten gem\u00e4\u00df Artikel 18 der DSGVO.<\/li>\r\n<li>Fordern Sie die \u00dcbertragbarkeit Ihrer Daten gem\u00e4\u00df Artikel 20 der DSGVO an.<\/li>\r\n<li>Widerspruch gegen die Verarbeitung Ihrer personenbezogenen Daten gem\u00e4\u00df Artikel 21 DSGVO einlegen.<\/li>\r\n<\/ul>\r\n<p>Wenn Sie Ihre Einwilligung f\u00fcr einen bestimmten Zweck erteilt haben, haben Sie das Recht, die erteilte Einwilligung jederzeit zu widerrufen, ohne dass die Rechtm\u00e4\u00dfigkeit der aufgrund der Einwilligung bis zum Widerruf erfolgten Verarbeitung ber\u00fchrt wird. Um Ihre Rechte auszu\u00fcben, k\u00f6nnen Sie uns eine Mitteilung an jard.costaflorecida@hotmail.com senden<\/p>\r\n<p><strong>RECHTLICHE INFORMATIONEN<\/strong><br \/>Die Anforderungen dieser Richtlinie erg\u00e4nzen und ersetzen keine anderen Anforderungen des geltenden Datenschutzrechts, die in jedem Fall Vorrang haben.<\/p>\r\n<p>Diese Richtlinie unterliegt einer regelm\u00e4\u00dfigen \u00dcberpr\u00fcfung und kann vom Unternehmen jederzeit ge\u00e4ndert werden. In diesem Fall werden wir Sie \u00fcber etwaige \u00c4nderungen informieren und Sie bitten, die neueste Version unserer Richtlinie erneut zu lesen und Ihr Einverst\u00e4ndnis zu best\u00e4tigen.<\/p>","protected":false},"excerpt":{"rendered":"<p>INFORMACI\u00d3N AL USUARIO ANTONIO AGUILERA FITZTATRICK, como Responsable del Tratamiento le informa que, seg\u00fan lo dispuesto en el Reglamento (UE) 2016\/679, de 27 de abril de 2016, de protecci\u00f3n de datos personales (RGPD), trataremos su datos tal y como reflejamos en la presente Pol\u00edtica de Privacidad. En esta Pol\u00edtica de Privacidad describimos c\u00f3mo recogemos sus [&hellip;]<\/p>\n","protected":false},"author":10,"featured_media":0,"parent":0,"menu_order":0,"comment_status":"closed","ping_status":"open","template":"","meta":{"_joinchat":[],"footnotes":""},"class_list":["post-3","page","type-page","status-publish","hentry"],"yoast_head":"<!-- This site is optimized with the Yoast SEO plugin v25.6 - https:\/\/yoast.com\/wordpress\/plugins\/seo\/ -->\n<title>Pol\u00edtica de privacidad - Jardines Costa Florecida<\/title>\n<meta name=\"description\" content=\"Nuestra politica de privacidad actualizada para que puedas estar tranquilo y para mantenernos transparentes y ante la legalidad siempre!\" \/>\n<meta name=\"robots\" content=\"index, follow, max-snippet:-1, max-image-preview:large, max-video-preview:-1\" \/>\n<link rel=\"canonical\" href=\"https:\/\/jardinescostaflorecida.com\/de\/datenschutzrichtlinie\/\" \/>\n<meta property=\"og:locale\" content=\"de_DE\" \/>\n<meta property=\"og:type\" content=\"article\" \/>\n<meta property=\"og:title\" content=\"Pol\u00edtica de privacidad - Jardines Costa Florecida\" \/>\n<meta property=\"og:description\" content=\"Nuestra politica de privacidad actualizada para que puedas estar tranquilo y para mantenernos transparentes y ante la legalidad siempre!\" \/>\n<meta property=\"og:url\" content=\"https:\/\/jardinescostaflorecida.com\/de\/datenschutzrichtlinie\/\" \/>\n<meta property=\"og:site_name\" content=\"Jardines Costa Florecida, empresa de jardiner\u00eda en Mallorca. Jardineros en Mallorca para el dise\u00f1o y mantenimiento de jardines, desbroces de fincas, podas y talas de palmeras, etc. en Mallorca.\" \/>\n<meta property=\"article:modified_time\" content=\"2022-06-07T19:43:16+00:00\" \/>\n<meta name=\"twitter:card\" content=\"summary_large_image\" \/>\n<meta name=\"twitter:label1\" content=\"Est. reading time\" \/>\n\t<meta name=\"twitter:data1\" content=\"4 minutes\" \/>\n<script type=\"application\/ld+json\" class=\"yoast-schema-graph\">{\"@context\":\"https:\/\/schema.org\",\"@graph\":[{\"@type\":\"WebPage\",\"@id\":\"https:\/\/jardinescostaflorecida.com\/politica-privacidad\/\",\"url\":\"https:\/\/jardinescostaflorecida.com\/politica-privacidad\/\",\"name\":\"Pol\u00edtica de privacidad - Jardines Costa Florecida\",\"isPartOf\":{\"@id\":\"https:\/\/jardinescostaflorecida.com\/#website\"},\"datePublished\":\"2019-03-13T10:04:09+00:00\",\"dateModified\":\"2022-06-07T19:43:16+00:00\",\"description\":\"Nuestra politica de privacidad actualizada para que puedas estar tranquilo y para mantenernos transparentes y ante la legalidad siempre!\",\"breadcrumb\":{\"@id\":\"https:\/\/jardinescostaflorecida.com\/politica-privacidad\/#breadcrumb\"},\"inLanguage\":\"de-DE\",\"potentialAction\":[{\"@type\":\"ReadAction\",\"target\":[\"https:\/\/jardinescostaflorecida.com\/politica-privacidad\/\"]}]},{\"@type\":\"BreadcrumbList\",\"@id\":\"https:\/\/jardinescostaflorecida.com\/politica-privacidad\/#breadcrumb\",\"itemListElement\":[{\"@type\":\"ListItem\",\"position\":1,\"name\":\"Portada\",\"item\":\"https:\/\/jardinescostaflorecida.com\/inicio\/\"},{\"@type\":\"ListItem\",\"position\":2,\"name\":\"Pol\u00edtica de privacidad\"}]},{\"@type\":\"WebSite\",\"@id\":\"https:\/\/jardinescostaflorecida.com\/#website\",\"url\":\"https:\/\/jardinescostaflorecida.com\/\",\"name\":\"Jardines Costa Florecida, empresa de jardiner\u00eda en Mallorca. Jardineros en Mallorca para el dise\u00f1o y mantenimiento de jardines, desbroces de fincas, podas y talas de palmeras, etc. en Mallorca.\",\"description\":\"Jardines Costa Florecida - Empresa de jardiner\u00eda en Mallorca\",\"publisher\":{\"@id\":\"https:\/\/jardinescostaflorecida.com\/#organization\"},\"potentialAction\":[{\"@type\":\"SearchAction\",\"target\":{\"@type\":\"EntryPoint\",\"urlTemplate\":\"https:\/\/jardinescostaflorecida.com\/?s={search_term_string}\"},\"query-input\":{\"@type\":\"PropertyValueSpecification\",\"valueRequired\":true,\"valueName\":\"search_term_string\"}}],\"inLanguage\":\"de-DE\"},{\"@type\":\"Organization\",\"@id\":\"https:\/\/jardinescostaflorecida.com\/#organization\",\"name\":\"Jardines Costa Florecida\",\"url\":\"https:\/\/jardinescostaflorecida.com\/\",\"logo\":{\"@type\":\"ImageObject\",\"inLanguage\":\"de-DE\",\"@id\":\"https:\/\/jardinescostaflorecida.com\/#\/schema\/logo\/image\/\",\"url\":\"https:\/\/jardinescostaflorecida.com\/wp-content\/uploads\/2022\/03\/Costa-Florecida-Logo.jpg\",\"contentUrl\":\"https:\/\/jardinescostaflorecida.com\/wp-content\/uploads\/2022\/03\/Costa-Florecida-Logo.jpg\",\"width\":800,\"height\":600,\"caption\":\"Jardines Costa Florecida\"},\"image\":{\"@id\":\"https:\/\/jardinescostaflorecida.com\/#\/schema\/logo\/image\/\"}}]}<\/script>\n<!-- \/ Yoast SEO plugin. -->","yoast_head_json":{"title":"Datenschutzrichtlinie - Costa Florecida Gardens","description":"Unsere aktualisierten Datenschutzbestimmungen, damit Sie beruhigt sein k\u00f6nnen und uns stets transparent und rechtssicher halten!","robots":{"index":"index","follow":"follow","max-snippet":"max-snippet:-1","max-image-preview":"max-image-preview:large","max-video-preview":"max-video-preview:-1"},"canonical":"https:\/\/jardinescostaflorecida.com\/de\/datenschutzrichtlinie\/","og_locale":"de_DE","og_type":"article","og_title":"Pol\u00edtica de privacidad - Jardines Costa Florecida","og_description":"Nuestra politica de privacidad actualizada para que puedas estar tranquilo y para mantenernos transparentes y ante la legalidad siempre!","og_url":"https:\/\/jardinescostaflorecida.com\/de\/datenschutzrichtlinie\/","og_site_name":"Jardines Costa Florecida, empresa de jardiner\u00eda en Mallorca. Jardineros en Mallorca para el dise\u00f1o y mantenimiento de jardines, desbroces de fincas, podas y talas de palmeras, etc. en Mallorca.","article_modified_time":"2022-06-07T19:43:16+00:00","twitter_card":"summary_large_image","twitter_misc":{"Est. reading time":"4 minutes"},"schema":{"@context":"https:\/\/schema.org","@graph":[{"@type":"WebPage","@id":"https:\/\/jardinescostaflorecida.com\/politica-privacidad\/","url":"https:\/\/jardinescostaflorecida.com\/politica-privacidad\/","name":"Datenschutzrichtlinie - Costa Florecida Gardens","isPartOf":{"@id":"https:\/\/jardinescostaflorecida.com\/#website"},"datePublished":"2019-03-13T10:04:09+00:00","dateModified":"2022-06-07T19:43:16+00:00","description":"Unsere aktualisierten Datenschutzbestimmungen, damit Sie beruhigt sein k\u00f6nnen und uns stets transparent und rechtssicher halten!","breadcrumb":{"@id":"https:\/\/jardinescostaflorecida.com\/politica-privacidad\/#breadcrumb"},"inLanguage":"de-DE","potentialAction":[{"@type":"ReadAction","target":["https:\/\/jardinescostaflorecida.com\/politica-privacidad\/"]}]},{"@type":"BreadcrumbList","@id":"https:\/\/jardinescostaflorecida.com\/politica-privacidad\/#breadcrumb","itemListElement":[{"@type":"ListItem","position":1,"name":"Portada","item":"https:\/\/jardinescostaflorecida.com\/inicio\/"},{"@type":"ListItem","position":2,"name":"Pol\u00edtica de privacidad"}]},{"@type":"WebSite","@id":"https:\/\/jardinescostaflorecida.com\/#website","url":"https:\/\/jardinescostaflorecida.com\/","name":"Jardines Costa Florecida, Gartenbauunternehmen auf Mallorca. G\u00e4rtner auf Mallorca f\u00fcr die Gestaltung und Pflege von G\u00e4rten, die Rodung von Grundst\u00fccken, das Beschneiden und F\u00e4llen von Palmen usw. auf Mallorca.","description":"Costa Florecida Gardens \u2013 Gartenbauunternehmen auf Mallorca","publisher":{"@id":"https:\/\/jardinescostaflorecida.com\/#organization"},"potentialAction":[{"@type":"SearchAction","target":{"@type":"EntryPoint","urlTemplate":"https:\/\/jardinescostaflorecida.com\/?s={search_term_string}"},"query-input":{"@type":"PropertyValueSpecification","valueRequired":true,"valueName":"search_term_string"}}],"inLanguage":"de-DE"},{"@type":"Organization","@id":"https:\/\/jardinescostaflorecida.com\/#organization","name":"K\u00fcsteng\u00e4rten von Florecida","url":"https:\/\/jardinescostaflorecida.com\/","logo":{"@type":"ImageObject","inLanguage":"de-DE","@id":"https:\/\/jardinescostaflorecida.com\/#\/schema\/logo\/image\/","url":"https:\/\/jardinescostaflorecida.com\/wp-content\/uploads\/2022\/03\/Costa-Florecida-Logo.jpg","contentUrl":"https:\/\/jardinescostaflorecida.com\/wp-content\/uploads\/2022\/03\/Costa-Florecida-Logo.jpg","width":800,"height":600,"caption":"Jardines Costa Florecida"},"image":{"@id":"https:\/\/jardinescostaflorecida.com\/#\/schema\/logo\/image\/"}}]}},"_links":{"self":[{"href":"https:\/\/jardinescostaflorecida.com\/de\/wp-json\/wp\/v2\/pages\/3"}],"collection":[{"href":"https:\/\/jardinescostaflorecida.com\/de\/wp-json\/wp\/v2\/pages"}],"about":[{"href":"https:\/\/jardinescostaflorecida.com\/de\/wp-json\/wp\/v2\/types\/page"}],"author":[{"embeddable":true,"href":"https:\/\/jardinescostaflorecida.com\/de\/wp-json\/wp\/v2\/users\/10"}],"replies":[{"embeddable":true,"href":"https:\/\/jardinescostaflorecida.com\/de\/wp-json\/wp\/v2\/comments?post=3"}],"version-history":[{"count":2,"href":"https:\/\/jardinescostaflorecida.com\/de\/wp-json\/wp\/v2\/pages\/3\/revisions"}],"predecessor-version":[{"id":118,"href":"https:\/\/jardinescostaflorecida.com\/de\/wp-json\/wp\/v2\/pages\/3\/revisions\/118"}],"wp:attachment":[{"href":"https:\/\/jardinescostaflorecida.com\/de\/wp-json\/wp\/v2\/media?parent=3"}],"curies":[{"name":"wp","href":"https:\/\/api.w.org\/{rel}","templated":true}]}}