{"id":1715,"date":"2022-10-04T10:46:57","date_gmt":"2022-10-04T08:46:57","guid":{"rendered":"https:\/\/jardinescostaflorecida.com\/?page_id=1715"},"modified":"2022-10-04T10:46:57","modified_gmt":"2022-10-04T08:46:57","slug":"mantenimiento-piscinas-mallorca","status":"publish","type":"page","link":"https:\/\/jardinescostaflorecida.com\/de\/poolpflege-auf-mallorca\/","title":{"rendered":"Poolwartung auf Mallorca"},"content":{"rendered":"<p>Der Besitz eines Schwimmbades bringt eine gro\u00dfe Verantwortung mit sich, denn es muss regelm\u00e4\u00dfig gewartet werden, um eine Wasserverschmutzung zu verhindern. Wenn Sie nicht m\u00f6chten, dass Ihr Pool gr\u00fcn wird und weder Sie noch jemand, den Sie einladen, darin schwimmen k\u00f6nnen, sollten Sie sich f\u00fcr einen Poolwartungsdienst entscheiden. Nachfolgend verraten wir Ihnen die Details.<\/p>\n<h2><strong>Vorbereitungen f\u00fcr die Poolpflege<\/strong><\/h2>\n<p>Vor Beginn der Poolwartungsarbeiten ist es wichtig, \u00fcber bestimmte Werkzeuge zu verf\u00fcgen und Vorbereitungen f\u00fcr den Beginn der Arbeiten zu treffen. Dadurch k\u00f6nnen die Reinigungs- und Wartungsarbeiten vollst\u00e4ndig durchgef\u00fchrt werden und das Ergebnis ist ein makelloser Pool mit kristallklarem Wasser. Dies sind einige der ersten Schritte, die Sie befolgen sollten.<\/p>\n<h3><strong>\u00dcberpr\u00fcfung der Poolausr\u00fcstung<\/strong><\/h3>\n<p>Um mit der Poolwartung zu beginnen, m\u00fcssen Sie zun\u00e4chst den Zustand der Ger\u00e4te und Ger\u00e4te \u00fcberpr\u00fcfen, die eine ordnungsgem\u00e4\u00dfe Funktion erm\u00f6glichen. Dazu geh\u00f6ren die Wasserpumpe, Filter und Ventile, die das Wasser sauber und in gutem Zustand halten.<\/p>\n<h3><strong>Analyse des pH-Wertes im Wasser<\/strong><\/h3>\n<p>Ebenso ist es wichtig, den pH-Wert des Poolwassers zu analysieren, der zwischen etwa 7,2 und 7,6 liegen sollte. Dies kann durch einen pH-Wert-Erh\u00f6her oder -Senker erfolgen, bei dem es sich um ein speziell f\u00fcr diesen Zweck entwickeltes Instrument handelt.<\/p>\n<h3><strong>Einstellung der Wasserfiltrationszeit<\/strong><\/h3>\n<p>Es ist notwendig, dass eine Kontrolle zu dem Zeitpunkt durchgef\u00fchrt wird, in dem der Poolwasserfilter funktionieren muss. Normalerweise k\u00f6nnen Sie ihn so einstellen, dass er alle acht Stunden l\u00e4uft, so bleibt das Poolwasser viel l\u00e4nger gefiltert und sauber. Nat\u00fcrlich h\u00e4ngt alles vom Wetter und der H\u00e4ufigkeit der Nutzung des Pools im Laufe des Tages ab.<\/p>\n<h2><strong>Wie f\u00fchrt man die Wartung eines Schwimmbades durch?<\/strong><\/h2>\n<p>Nachdem der Pool fertig ist, ist es notwendig, von Zeit zu Zeit eine gr\u00fcndliche Wartung durchzuf\u00fchren. Hierzu ist es notwendig, bestimmte Arten von Produkten und Techniken zu verwenden, um das Wasser sauber und auf einem angemessenen pH-Wert zu halten. Dies sind einige der Dinge, die bei der Poolwartung ber\u00fccksichtigt werden sollten.<\/p>\n<h3><strong>\u00dcberpr\u00fcfen Sie den pH-Wert des Wassers<\/strong><\/h3>\n<p>Sobald Sie mit der Pflege eines Pools beginnen, m\u00fcssen Sie zun\u00e4chst den pH-Wert des Wassers \u00fcberpr\u00fcfen. Viele Menschen achten nicht darauf, jedoch ist es wichtig, ihn bei maximal 7,4 zu halten, damit das Wasser klar und sauber bleibt.<\/p>\n<h3><strong>\u00dcberpr\u00fcfen Sie den Desinfektionsmittelstand<\/strong><\/h3>\n<p>Damit das Poolwasser sauber und kristallin bleibt, muss nicht nur der pH-Wert angepasst werden, sondern auch die eingesetzten Chemikalien. Diese sind unerl\u00e4sslich, um es zu desinfizieren und in optimalem Zustand zu halten. Einige davon, wie Chlor, Brom, Salz und fl\u00fcssiger Sauerstoff, k\u00f6nnen im Hauptmotor automatisch eingestellt und richtig dosiert werden.<\/p>\n<h3><strong>Reinigen Sie die Wasseroberfl\u00e4che gut<\/strong><\/h3>\n<p>Zu guter Letzt gilt es, die Wasseroberfl\u00e4che sauber zu halten. Dies liegt daran, dass normalerweise immer Schmutz hineinf\u00e4llt, von Bl\u00e4ttern \u00fcber Insekten bis hin zu organischem Material jeglicher Art. Es kann sinnvoll sein, auf einfache Weise einen speziell f\u00fcr diese Art von Praxis hergestellten Poolreiniger zu verwenden.<\/p>\n<h2><strong>Welche Produkte sind notwendig, um den Pool sauber zu halten?<\/strong><\/h2>\n<p>Es gibt mehrere chemische Produkte, die unerl\u00e4sslich sind, um jeden Pool makellos zu halten. Allerdings m\u00fcssen Sie ber\u00fccksichtigen, welche mischbar sind und welche nicht, sowie die optimale Dosierung. Dies sind einige der wichtigsten:<\/p>\n<ul>\n<li><strong>Chlor: <\/strong>Chlor ist das grundlegendste und wichtigste Produkt zur Desinfektion von Schwimmb\u00e4dern, da seine Eigenschaften darauf ausgelegt sind. Es ist eine der kosteng\u00fcnstigsten und am einfachsten anzuwendenden Optionen, allerdings muss die richtige Menge bekannt sein, damit keine Nebenwirkungen hervorgerufen werden. Chlor gibt es in verschiedenen Darreichungsformen. Die erste davon ist fl\u00fcssiges Chlor, das am h\u00e4ufigsten zur Beseitigung von Mikroorganismen im Wasser verwendet wird.<\/li>\n<\/ul>\n<p>Dann gibt es langsames Chlor in Tablettenform, das ins Wasser gegossen wird und es desinfiziert. Schlie\u00dflich gibt es noch Verst\u00fcmmelungschlor, das ebenfalls in Tablettenform erh\u00e4ltlich ist und zur Desinfektion und Aufrechterhaltung des pH-Werts des Wassers dient.<\/p>\n<ul>\n<li><strong>Brom: <\/strong>Es handelt sich um eine chemische Verbindung, mit der Sie Wasser aufbereiten und sauber halten k\u00f6nnen; es hat normalerweise die gleichen desinfizierenden Eigenschaften wie Chlor. Ein gro\u00dfer Vorteil davon ist, dass der pH-Wert des Wassers ausgeglichen ist, sodass Sie sich keine Gedanken \u00fcber die Menge machen m\u00fcssen. Es hilft, Algen wirksam zu beseitigen und ist perfekt f\u00fcr jede Art von Warmwasserumgebung, wie zum Beispiel Whirlpools.<\/li>\n<li><strong>Calciumhypochlorit:<\/strong> Eine chlorierte Verbindung, die in Granulat- und Tablettenform erh\u00e4ltlich ist und normalerweise zur Notfalldesinfektion verwendet wird. Dies geschieht in der Regel dann, wenn das Wasser in kurzer Zeit gereinigt und desinfiziert werden muss, was mit Calciumhypochlorit erreicht werden kann. Es verf\u00fcgt \u00fcber eine Aktivchlorkonzentration von bis zu 70% und ist daher f\u00fcr diese Aufgabe ebenso effektiv.<\/li>\n<\/ul>\n<p><strong>Anti-Algen:<\/strong> Es handelt sich um ein chemisches Produkt, das speziell zur Bek\u00e4mpfung der Algenansammlung entwickelt wurde. Es kann verwendet werden, um sie zu verhindern und zu beseitigen, wenn sie sich bereits in einem beliebigen Bereich des Beckens gebildet haben. Um eine wirksame Reinigung jedes Pools zu gew\u00e4hrleisten, ist die Verwendung eines hochwertigen Algenschutzmittels erforderlich.<\/p>\n<p>Wenn Sie zu Hause oder auf einem Grundst\u00fcck einen Pool haben, m\u00fcssen Sie die gro\u00dfe Bedeutung einer st\u00e4ndigen Wartung ber\u00fccksichtigen. Vor allem, weil ihr Wasser normalerweise sehr anf\u00e4llig f\u00fcr pH-Wert-\u00c4nderungen ist und leicht verunreinigt wird. Aus diesem Grund ist es wichtig, dass Sie alle verf\u00fcgbaren chemischen Produkte zur Behandlung kennen und es stets sauber halten. Auf diese Weise verhindern Sie die Vermehrung von Mikroorganismen oder Algen, die die Gesundheit der Benutzer gef\u00e4hrden k\u00f6nnten.<\/p>\n<p>&nbsp;<\/p>","protected":false},"excerpt":{"rendered":"<p>Tener una piscina involucra una gran responsabilidad, esto se debe b\u00e1sicamente a que debe hac\u00e9rsele mantenimiento de manera regular para prevenir la contaminaci\u00f3n del agua. Si no quieres que tu piscina se ponga verde y ni t\u00fa ni nadie a quien invites puedan ba\u00f1arse en ella deber\u00edas optar por un servicio de mantenimiento de piscinas. [&hellip;]<\/p>\n","protected":false},"author":10,"featured_media":1727,"parent":0,"menu_order":0,"comment_status":"closed","ping_status":"closed","template":"","meta":{"_joinchat":[],"footnotes":""},"class_list":["post-1715","page","type-page","status-publish","has-post-thumbnail","hentry"],"yoast_head":"<!-- This site is optimized with the Yoast SEO plugin v25.6 - https:\/\/yoast.com\/wordpress\/plugins\/seo\/ -->\n<title>Mantenimiento Piscinas Mallorca - Jardines Costa Florecida<\/title>\n<meta name=\"description\" content=\"\u00bfEst\u00e1s buscando un servicio de mantenimiento de piscinas en Mallorca? \u00a1Jardines Costa Florecida te ofrece servicios de mantenimiento de piscinas en toda Mallorca!\" \/>\n<meta name=\"robots\" content=\"index, follow, max-snippet:-1, max-image-preview:large, max-video-preview:-1\" \/>\n<link rel=\"canonical\" href=\"https:\/\/jardinescostaflorecida.com\/de\/poolpflege-auf-mallorca\/\" \/>\n<meta property=\"og:locale\" content=\"de_DE\" \/>\n<meta property=\"og:type\" content=\"article\" \/>\n<meta property=\"og:title\" content=\"Mantenimiento Piscinas Mallorca - Jardines Costa Florecida\" \/>\n<meta property=\"og:description\" content=\"\u00bfEst\u00e1s buscando un servicio de mantenimiento de piscinas en Mallorca? \u00a1Jardines Costa Florecida te ofrece servicios de mantenimiento de piscinas en toda Mallorca!\" \/>\n<meta property=\"og:url\" content=\"https:\/\/jardinescostaflorecida.com\/de\/poolpflege-auf-mallorca\/\" \/>\n<meta property=\"og:site_name\" content=\"Jardines Costa Florecida, empresa de jardiner\u00eda en Mallorca. Jardineros en Mallorca para el dise\u00f1o y mantenimiento de jardines, desbroces de fincas, podas y talas de palmeras, etc. en Mallorca.\" \/>\n<meta property=\"og:image\" content=\"https:\/\/jardinescostaflorecida.com\/wp-content\/uploads\/2022\/10\/mantenimiento-piscinas-mallorca-1-e1664873149355.jpeg\" \/>\n\t<meta property=\"og:image:width\" content=\"1400\" \/>\n\t<meta property=\"og:image:height\" content=\"931\" \/>\n\t<meta property=\"og:image:type\" content=\"image\/jpeg\" \/>\n<meta name=\"twitter:card\" content=\"summary_large_image\" \/>\n<meta name=\"twitter:label1\" content=\"Est. reading time\" \/>\n\t<meta name=\"twitter:data1\" content=\"5 minutes\" \/>\n<script type=\"application\/ld+json\" class=\"yoast-schema-graph\">{\"@context\":\"https:\/\/schema.org\",\"@graph\":[{\"@type\":\"WebPage\",\"@id\":\"https:\/\/jardinescostaflorecida.com\/mantenimiento-piscinas-mallorca\/\",\"url\":\"https:\/\/jardinescostaflorecida.com\/mantenimiento-piscinas-mallorca\/\",\"name\":\"Mantenimiento Piscinas Mallorca - Jardines Costa Florecida\",\"isPartOf\":{\"@id\":\"https:\/\/jardinescostaflorecida.com\/#website\"},\"primaryImageOfPage\":{\"@id\":\"https:\/\/jardinescostaflorecida.com\/mantenimiento-piscinas-mallorca\/#primaryimage\"},\"image\":{\"@id\":\"https:\/\/jardinescostaflorecida.com\/mantenimiento-piscinas-mallorca\/#primaryimage\"},\"thumbnailUrl\":\"https:\/\/jardinescostaflorecida.com\/wp-content\/uploads\/2022\/10\/mantenimiento-piscinas-mallorca-1-e1664873149355.jpeg\",\"datePublished\":\"2022-10-04T08:46:57+00:00\",\"description\":\"\u00bfEst\u00e1s buscando un servicio de mantenimiento de piscinas en Mallorca? \u00a1Jardines Costa Florecida te ofrece servicios de mantenimiento de piscinas en toda Mallorca!\",\"breadcrumb\":{\"@id\":\"https:\/\/jardinescostaflorecida.com\/mantenimiento-piscinas-mallorca\/#breadcrumb\"},\"inLanguage\":\"de-DE\",\"potentialAction\":[{\"@type\":\"ReadAction\",\"target\":[\"https:\/\/jardinescostaflorecida.com\/mantenimiento-piscinas-mallorca\/\"]}]},{\"@type\":\"ImageObject\",\"inLanguage\":\"de-DE\",\"@id\":\"https:\/\/jardinescostaflorecida.com\/mantenimiento-piscinas-mallorca\/#primaryimage\",\"url\":\"https:\/\/jardinescostaflorecida.com\/wp-content\/uploads\/2022\/10\/mantenimiento-piscinas-mallorca-1-e1664873149355.jpeg\",\"contentUrl\":\"https:\/\/jardinescostaflorecida.com\/wp-content\/uploads\/2022\/10\/mantenimiento-piscinas-mallorca-1-e1664873149355.jpeg\",\"width\":1400,\"height\":931,\"caption\":\"mantenimiento piscinas mallorca\"},{\"@type\":\"BreadcrumbList\",\"@id\":\"https:\/\/jardinescostaflorecida.com\/mantenimiento-piscinas-mallorca\/#breadcrumb\",\"itemListElement\":[{\"@type\":\"ListItem\",\"position\":1,\"name\":\"Portada\",\"item\":\"https:\/\/jardinescostaflorecida.com\/inicio\/\"},{\"@type\":\"ListItem\",\"position\":2,\"name\":\"Mantenimiento de Piscinas en Mallorca\"}]},{\"@type\":\"WebSite\",\"@id\":\"https:\/\/jardinescostaflorecida.com\/#website\",\"url\":\"https:\/\/jardinescostaflorecida.com\/\",\"name\":\"Jardines Costa Florecida, empresa de jardiner\u00eda en Mallorca. Jardineros en Mallorca para el dise\u00f1o y mantenimiento de jardines, desbroces de fincas, podas y talas de palmeras, etc. en Mallorca.\",\"description\":\"Jardines Costa Florecida - Empresa de jardiner\u00eda en Mallorca\",\"publisher\":{\"@id\":\"https:\/\/jardinescostaflorecida.com\/#organization\"},\"potentialAction\":[{\"@type\":\"SearchAction\",\"target\":{\"@type\":\"EntryPoint\",\"urlTemplate\":\"https:\/\/jardinescostaflorecida.com\/?s={search_term_string}\"},\"query-input\":{\"@type\":\"PropertyValueSpecification\",\"valueRequired\":true,\"valueName\":\"search_term_string\"}}],\"inLanguage\":\"de-DE\"},{\"@type\":\"Organization\",\"@id\":\"https:\/\/jardinescostaflorecida.com\/#organization\",\"name\":\"Jardines Costa Florecida\",\"url\":\"https:\/\/jardinescostaflorecida.com\/\",\"logo\":{\"@type\":\"ImageObject\",\"inLanguage\":\"de-DE\",\"@id\":\"https:\/\/jardinescostaflorecida.com\/#\/schema\/logo\/image\/\",\"url\":\"https:\/\/jardinescostaflorecida.com\/wp-content\/uploads\/2022\/03\/Costa-Florecida-Logo.jpg\",\"contentUrl\":\"https:\/\/jardinescostaflorecida.com\/wp-content\/uploads\/2022\/03\/Costa-Florecida-Logo.jpg\",\"width\":800,\"height\":600,\"caption\":\"Jardines Costa Florecida\"},\"image\":{\"@id\":\"https:\/\/jardinescostaflorecida.com\/#\/schema\/logo\/image\/\"}}]}<\/script>\n<!-- \/ Yoast SEO plugin. -->","yoast_head_json":{"title":"Poolwartung Mallorca - Costa Florecida Gardens","description":"Suchen Sie einen Poolwartungsservice auf Mallorca? Jardines Costa Florecida bietet Ihnen Poolwartungsdienste auf ganz Mallorca!","robots":{"index":"index","follow":"follow","max-snippet":"max-snippet:-1","max-image-preview":"max-image-preview:large","max-video-preview":"max-video-preview:-1"},"canonical":"https:\/\/jardinescostaflorecida.com\/de\/poolpflege-auf-mallorca\/","og_locale":"de_DE","og_type":"article","og_title":"Mantenimiento Piscinas Mallorca - Jardines Costa Florecida","og_description":"\u00bfEst\u00e1s buscando un servicio de mantenimiento de piscinas en Mallorca? \u00a1Jardines Costa Florecida te ofrece servicios de mantenimiento de piscinas en toda Mallorca!","og_url":"https:\/\/jardinescostaflorecida.com\/de\/poolpflege-auf-mallorca\/","og_site_name":"Jardines Costa Florecida, empresa de jardiner\u00eda en Mallorca. Jardineros en Mallorca para el dise\u00f1o y mantenimiento de jardines, desbroces de fincas, podas y talas de palmeras, etc. en Mallorca.","og_image":[{"width":1400,"height":931,"url":"https:\/\/jardinescostaflorecida.com\/wp-content\/uploads\/2022\/10\/mantenimiento-piscinas-mallorca-1-e1664873149355.jpeg","type":"image\/jpeg"}],"twitter_card":"summary_large_image","twitter_misc":{"Est. reading time":"5 minutes"},"schema":{"@context":"https:\/\/schema.org","@graph":[{"@type":"WebPage","@id":"https:\/\/jardinescostaflorecida.com\/mantenimiento-piscinas-mallorca\/","url":"https:\/\/jardinescostaflorecida.com\/mantenimiento-piscinas-mallorca\/","name":"Poolwartung Mallorca - Costa Florecida Gardens","isPartOf":{"@id":"https:\/\/jardinescostaflorecida.com\/#website"},"primaryImageOfPage":{"@id":"https:\/\/jardinescostaflorecida.com\/mantenimiento-piscinas-mallorca\/#primaryimage"},"image":{"@id":"https:\/\/jardinescostaflorecida.com\/mantenimiento-piscinas-mallorca\/#primaryimage"},"thumbnailUrl":"https:\/\/jardinescostaflorecida.com\/wp-content\/uploads\/2022\/10\/mantenimiento-piscinas-mallorca-1-e1664873149355.jpeg","datePublished":"2022-10-04T08:46:57+00:00","description":"Suchen Sie einen Poolwartungsservice auf Mallorca? Jardines Costa Florecida bietet Ihnen Poolwartungsdienste auf ganz Mallorca!","breadcrumb":{"@id":"https:\/\/jardinescostaflorecida.com\/mantenimiento-piscinas-mallorca\/#breadcrumb"},"inLanguage":"de-DE","potentialAction":[{"@type":"ReadAction","target":["https:\/\/jardinescostaflorecida.com\/mantenimiento-piscinas-mallorca\/"]}]},{"@type":"ImageObject","inLanguage":"de-DE","@id":"https:\/\/jardinescostaflorecida.com\/mantenimiento-piscinas-mallorca\/#primaryimage","url":"https:\/\/jardinescostaflorecida.com\/wp-content\/uploads\/2022\/10\/mantenimiento-piscinas-mallorca-1-e1664873149355.jpeg","contentUrl":"https:\/\/jardinescostaflorecida.com\/wp-content\/uploads\/2022\/10\/mantenimiento-piscinas-mallorca-1-e1664873149355.jpeg","width":1400,"height":931,"caption":"mantenimiento piscinas mallorca"},{"@type":"BreadcrumbList","@id":"https:\/\/jardinescostaflorecida.com\/mantenimiento-piscinas-mallorca\/#breadcrumb","itemListElement":[{"@type":"ListItem","position":1,"name":"Portada","item":"https:\/\/jardinescostaflorecida.com\/inicio\/"},{"@type":"ListItem","position":2,"name":"Mantenimiento de Piscinas en Mallorca"}]},{"@type":"WebSite","@id":"https:\/\/jardinescostaflorecida.com\/#website","url":"https:\/\/jardinescostaflorecida.com\/","name":"Jardines Costa Florecida, Gartenbauunternehmen auf Mallorca. G\u00e4rtner auf Mallorca f\u00fcr die Gestaltung und Pflege von G\u00e4rten, die Rodung von Grundst\u00fccken, das Beschneiden und F\u00e4llen von Palmen usw. auf Mallorca.","description":"Costa Florecida Gardens \u2013 Gartenbauunternehmen auf Mallorca","publisher":{"@id":"https:\/\/jardinescostaflorecida.com\/#organization"},"potentialAction":[{"@type":"SearchAction","target":{"@type":"EntryPoint","urlTemplate":"https:\/\/jardinescostaflorecida.com\/?s={search_term_string}"},"query-input":{"@type":"PropertyValueSpecification","valueRequired":true,"valueName":"search_term_string"}}],"inLanguage":"de-DE"},{"@type":"Organization","@id":"https:\/\/jardinescostaflorecida.com\/#organization","name":"K\u00fcsteng\u00e4rten von Florecida","url":"https:\/\/jardinescostaflorecida.com\/","logo":{"@type":"ImageObject","inLanguage":"de-DE","@id":"https:\/\/jardinescostaflorecida.com\/#\/schema\/logo\/image\/","url":"https:\/\/jardinescostaflorecida.com\/wp-content\/uploads\/2022\/03\/Costa-Florecida-Logo.jpg","contentUrl":"https:\/\/jardinescostaflorecida.com\/wp-content\/uploads\/2022\/03\/Costa-Florecida-Logo.jpg","width":800,"height":600,"caption":"Jardines Costa Florecida"},"image":{"@id":"https:\/\/jardinescostaflorecida.com\/#\/schema\/logo\/image\/"}}]}},"_links":{"self":[{"href":"https:\/\/jardinescostaflorecida.com\/de\/wp-json\/wp\/v2\/pages\/1715"}],"collection":[{"href":"https:\/\/jardinescostaflorecida.com\/de\/wp-json\/wp\/v2\/pages"}],"about":[{"href":"https:\/\/jardinescostaflorecida.com\/de\/wp-json\/wp\/v2\/types\/page"}],"author":[{"embeddable":true,"href":"https:\/\/jardinescostaflorecida.com\/de\/wp-json\/wp\/v2\/users\/10"}],"replies":[{"embeddable":true,"href":"https:\/\/jardinescostaflorecida.com\/de\/wp-json\/wp\/v2\/comments?post=1715"}],"version-history":[{"count":2,"href":"https:\/\/jardinescostaflorecida.com\/de\/wp-json\/wp\/v2\/pages\/1715\/revisions"}],"predecessor-version":[{"id":1732,"href":"https:\/\/jardinescostaflorecida.com\/de\/wp-json\/wp\/v2\/pages\/1715\/revisions\/1732"}],"wp:featuredmedia":[{"embeddable":true,"href":"https:\/\/jardinescostaflorecida.com\/de\/wp-json\/wp\/v2\/media\/1727"}],"wp:attachment":[{"href":"https:\/\/jardinescostaflorecida.com\/de\/wp-json\/wp\/v2\/media?parent=1715"}],"curies":[{"name":"wp","href":"https:\/\/api.w.org\/{rel}","templated":true}]}}