{"id":1711,"date":"2022-10-04T10:47:40","date_gmt":"2022-10-04T08:47:40","guid":{"rendered":"https:\/\/jardinescostaflorecida.com\/?page_id=1711"},"modified":"2022-10-04T10:52:11","modified_gmt":"2022-10-04T08:52:11","slug":"mantenimiento-comunidades-mallorca","status":"publish","type":"page","link":"https:\/\/jardinescostaflorecida.com\/de\/gemeindepflege-auf-mallorca\/","title":{"rendered":"Gemeinschaftsunterhaltung auf Mallorca"},"content":{"rendered":"<h1 style=\"text-align: left;\">Gemeinschaftsunterhaltung auf Mallorca (Calvi\u00e0)<\/h1>\n<p>Die Aufrechterhaltung von Gemeinschaften ist ein wesentlicher Teil der Aktivit\u00e4ten, die f\u00fcr ihr ordnungsgem\u00e4\u00dfes Funktionieren durchgef\u00fchrt werden m\u00fcssen.<\/p>\n<p>Es besteht haupts\u00e4chlich aus der Reinigung von G\u00e4rten, Veranden und Schwimmb\u00e4dern sowie anderen Aufgaben, die ausgef\u00fchrt werden, um alles in optimalem Zustand zu halten.<\/p>\n<p>Heute erz\u00e4hlen wir Ihnen alles, was Sie \u00fcber die Instandhaltung von Wohnanlagen wissen m\u00fcssen, von den damit verbundenen Aufgaben bis hin zu den Richtlinien, die bei der Durchf\u00fchrung befolgt werden m\u00fcssen. Auf diese Weise werden Sie unsere Dienstleistungen verstehen, bevor Sie sie beauftragen.<\/p>\n<h2 style=\"text-align: left;\"><strong>Welche T\u00e4tigkeiten umfasst die Gemeindepflege?<\/strong><\/h2>\n<p>Um die Gemeinschaft, in der Sie leben, ordnungsgem\u00e4\u00df zu erhalten, m\u00fcssen alle darin enthaltenen R\u00e4ume ber\u00fccksichtigt werden. Abh\u00e4ngig von der Fl\u00e4che und der Art Ihrer R\u00e4umlichkeiten k\u00f6nnen die durchzuf\u00fchrenden Wartungsarbeiten geplant werden.<\/p>\n<p>Im Allgemeinen sind die folgenden Aktivit\u00e4ten aufgef\u00fchrt, die ausgef\u00fchrt werden m\u00fcssen.<\/p>\n<h3><strong>Reinigung von T\u00fcren und Treppen<\/strong><\/h3>\n<p>Darunter fallen die allgemeinen Leistungen, die f\u00fcr die Reinhaltung des Bereichs der Portale und Haupttreppen der Gemeinde zust\u00e4ndig sind. Dar\u00fcber hinaus werden bei Bedarf auch Reparaturleistungen in Betracht gezogen.<\/p>\n<p>Auch andere Dienstleistungen wie die Wartung von M\u00f6beln, Leuchten und anderem werden von hier \u00fcbernommen.<\/p>\n<h3><strong>Au\u00dfenreinigung<\/strong><\/h3>\n<p>Es entspricht der Pflege des Au\u00dfenbereichs einer jeden Gemeinde. Die Wartung von Gartenm\u00f6beln (falls vorhanden) ist im Preis inbegriffen. Zur Au\u00dfenreinigung geh\u00f6rt das Fegen oder Blasen von Laub, das Entfernen von Unkraut sowie das Reinigen und Waschen von M\u00fclleimern.<\/p>\n<p>Abschlie\u00dfend erfolgt die M\u00fcllabfuhr.<\/p>\n<h3><strong>Sch\u00e4dlingspr\u00e4vention und -bek\u00e4mpfung<\/strong><\/h3>\n<p>Um die Gesundheit des Gebiets zu erhalten, ist ein Teil der Gemeindepflege mit der Sch\u00e4dlingsbek\u00e4mpfung verbunden.<\/p>\n<p>Auch wenn dies die seltenste Aufgabe ist, sollte sie von Zeit zu Zeit durchgef\u00fchrt werden, um das Auftreten von Insekten wie Kakerlaken und Ameisen zu verhindern.<\/p>\n<p>Auf die gleiche Weise verhindert die Sch\u00e4dlingsbek\u00e4mpfung das Auftreten von Ratten und M\u00e4usen in der Umgebung.<\/p>\n<h3><strong>Poolpflege<\/strong><\/h3>\n<p>Obwohl nicht alle Gemeinden \u00fcber Schwimmb\u00e4der verf\u00fcgen, fallen auch diese unter die wesentliche Grundwartung, die durchgef\u00fchrt werden muss. Er <a href=\"https:\/\/jardinescostaflorecida.com\/de\/poolpflege-auf-mallorca\/\">Poolpflege<\/a> Es umfasst die Reinigung, den Winterschlaf und die Verwendung von Chemikalien f\u00fcr Wasser.<\/p>\n<p>Besonderes Augenmerk sollte auf die Reinigung und Desinfektion des Wassers gelegt werden, um die Ausbreitung von Krankheiten bei den Menschen, die es nutzen, zu verhindern.<\/p>\n<h3><strong>Fassadenpflege<\/strong><\/h3>\n<p>Dabei handelt es sich um die Reinigung der Fassaden jeglicher Struktur in H\u00e4usern oder Geb\u00e4uden in der Gemeinde. Dies erfolgt haupts\u00e4chlich durch die Entfernung von Graffiti oder Flecken an W\u00e4nden und Decken durch Auftragen von Farbe oder Entferner.<\/p>\n<p>Dies f\u00f6rdert die Erhaltung des Ortes und verbessert sein Erscheinungsbild erheblich.<\/p>\n<h3><strong>Dach- und Garagenreinigung<\/strong><\/h3>\n<p>Garagen und D\u00e4cher sind nicht von der Wartung ausgenommen. Auch in diesen Bereichen ist eine Reinigung unerl\u00e4sslich und umfasst in der Regel die Reparatur von Rissen und Undichtigkeiten.<\/p>\n<h2><strong>Wie soll das Budget f\u00fcr den Gemeindeunterhalt organisiert werden?<\/strong><\/h2>\n<p>Die Instandhaltung einer Gemeinde ist immer mit Kosten verbunden, weshalb Sie wissen m\u00fcssen, wie Sie diese angemessen verwalten. Daf\u00fcr wird ein Budget ausschlie\u00dflich f\u00fcr diese Art von Dienstleistungen erstellt, sei es Reinigung, Sch\u00e4dlingsbek\u00e4mpfung oder M\u00fcllentsorgung.<\/p>\n<p>Hierzu muss es drei Hauptarten von Ausgaben geben, bei denen die eventuell auftretenden Eventualit\u00e4ten ber\u00fccksichtigt werden.<\/p>\n<p>Zum einen handelt es sich um die gew\u00f6hnlichen Ausgaben, die in der Regel fix sind und f\u00fcr die das meiste Geld ausgegeben wird. Dann gibt es die au\u00dfergew\u00f6hnlichen Ausgaben, die f\u00fcr den langfristigen Unterhalt anfallen und f\u00fcr die sich ein Sparfonds lohnen w\u00fcrde.<\/p>\n<p>Schlie\u00dflich gibt es unvorhergesehene Ausgaben, bei denen Reservemittel unter zuf\u00e4lligen Umst\u00e4nden verwendet werden.<\/p>\n<p>Diese k\u00f6nnen oft einen gro\u00dfen Teil des Kapitals verschlingen, daher ist es notwendig zu wissen, wie man mit den Ressourcen umgeht, um Gemeinschaftsr\u00e4ume erhalten zu k\u00f6nnen.<\/p>\n<h2><strong>Warum ist es wichtig, in Ihrer Gemeinde eine gute Instandhaltung durchzuf\u00fchren?<\/strong><\/h2>\n<p>Oft vernachl\u00e4ssigen Menschen aus derselben Gemeinde die Instandhaltung, weil sie sich nicht bewusst sind, wie wichtig es ist, die umliegenden R\u00e4ume gut zu pflegen.<\/p>\n<p>Manche Menschen z\u00f6gern m\u00f6glicherweise weiterhin, f\u00fcr Wartungsleistungen zu bezahlen. Dies ist jedoch unerl\u00e4sslich, um die Gemeinschaftsr\u00e4ume zu erhalten, von denen alle profitieren.<\/p>\n<p>Investitionen in die Instandhaltung der Gemeinde sind immer eine lohnende Option.<\/p>\n<p>&nbsp;<\/p>","protected":false},"excerpt":{"rendered":"<p>Mantenimiento de Comunidades en Mallorca (Calvi\u00e0) El mantenimiento de comunidades forma parte esencial en las actividades que deben realizarse para su correcto funcionamiento. Consiste principalmente en la limpieza de jardines, portales y piscinas, as\u00ed como tambi\u00e9n otras tareas que se realizan para mantener todo en \u00f3ptimas condiciones. Hoy te contamos todo lo que debes saber [&hellip;]<\/p>\n","protected":false},"author":10,"featured_media":1725,"parent":0,"menu_order":0,"comment_status":"closed","ping_status":"closed","template":"","meta":{"_joinchat":[],"footnotes":""},"class_list":["post-1711","page","type-page","status-publish","has-post-thumbnail","hentry"],"yoast_head":"<!-- This site is optimized with the Yoast SEO plugin v25.6 - https:\/\/yoast.com\/wordpress\/plugins\/seo\/ -->\n<title>Mantenimiento Comunidades Mallorca - Jardines Costa Florecida<\/title>\n<meta name=\"description\" content=\"\u00bfEst\u00e1s buscando una empresa de jardiner\u00eda que te ofrezca un servicio de calidad de mantenimiento de comunidades? \u00a1Jardines Costa Florecida te los ofrece!\" \/>\n<meta name=\"robots\" content=\"index, follow, max-snippet:-1, max-image-preview:large, max-video-preview:-1\" \/>\n<link rel=\"canonical\" href=\"https:\/\/jardinescostaflorecida.com\/de\/gemeindepflege-auf-mallorca\/\" \/>\n<meta property=\"og:locale\" content=\"de_DE\" \/>\n<meta property=\"og:type\" content=\"article\" \/>\n<meta property=\"og:title\" content=\"Mantenimiento Comunidades Mallorca - Jardines Costa Florecida\" \/>\n<meta property=\"og:description\" content=\"\u00bfEst\u00e1s buscando una empresa de jardiner\u00eda que te ofrezca un servicio de calidad de mantenimiento de comunidades? \u00a1Jardines Costa Florecida te los ofrece!\" \/>\n<meta property=\"og:url\" content=\"https:\/\/jardinescostaflorecida.com\/de\/gemeindepflege-auf-mallorca\/\" \/>\n<meta property=\"og:site_name\" content=\"Jardines Costa Florecida, empresa de jardiner\u00eda en Mallorca. Jardineros en Mallorca para el dise\u00f1o y mantenimiento de jardines, desbroces de fincas, podas y talas de palmeras, etc. en Mallorca.\" \/>\n<meta property=\"article:modified_time\" content=\"2022-10-04T08:52:11+00:00\" \/>\n<meta property=\"og:image\" content=\"https:\/\/jardinescostaflorecida.com\/wp-content\/uploads\/2022\/10\/mantenimiento-comunidades-mallorca-scaled.jpg\" \/>\n\t<meta property=\"og:image:width\" content=\"2560\" \/>\n\t<meta property=\"og:image:height\" content=\"1708\" \/>\n\t<meta property=\"og:image:type\" content=\"image\/jpeg\" \/>\n<meta name=\"twitter:card\" content=\"summary_large_image\" \/>\n<meta name=\"twitter:label1\" content=\"Est. reading time\" \/>\n\t<meta name=\"twitter:data1\" content=\"4 minutes\" \/>\n<script type=\"application\/ld+json\" class=\"yoast-schema-graph\">{\"@context\":\"https:\/\/schema.org\",\"@graph\":[{\"@type\":\"WebPage\",\"@id\":\"https:\/\/jardinescostaflorecida.com\/mantenimiento-comunidades-mallorca\/\",\"url\":\"https:\/\/jardinescostaflorecida.com\/mantenimiento-comunidades-mallorca\/\",\"name\":\"Mantenimiento Comunidades Mallorca - Jardines Costa Florecida\",\"isPartOf\":{\"@id\":\"https:\/\/jardinescostaflorecida.com\/#website\"},\"primaryImageOfPage\":{\"@id\":\"https:\/\/jardinescostaflorecida.com\/mantenimiento-comunidades-mallorca\/#primaryimage\"},\"image\":{\"@id\":\"https:\/\/jardinescostaflorecida.com\/mantenimiento-comunidades-mallorca\/#primaryimage\"},\"thumbnailUrl\":\"https:\/\/jardinescostaflorecida.com\/wp-content\/uploads\/2022\/10\/mantenimiento-comunidades-mallorca-scaled.jpg\",\"datePublished\":\"2022-10-04T08:47:40+00:00\",\"dateModified\":\"2022-10-04T08:52:11+00:00\",\"description\":\"\u00bfEst\u00e1s buscando una empresa de jardiner\u00eda que te ofrezca un servicio de calidad de mantenimiento de comunidades? \u00a1Jardines Costa Florecida te los ofrece!\",\"breadcrumb\":{\"@id\":\"https:\/\/jardinescostaflorecida.com\/mantenimiento-comunidades-mallorca\/#breadcrumb\"},\"inLanguage\":\"de-DE\",\"potentialAction\":[{\"@type\":\"ReadAction\",\"target\":[\"https:\/\/jardinescostaflorecida.com\/mantenimiento-comunidades-mallorca\/\"]}]},{\"@type\":\"ImageObject\",\"inLanguage\":\"de-DE\",\"@id\":\"https:\/\/jardinescostaflorecida.com\/mantenimiento-comunidades-mallorca\/#primaryimage\",\"url\":\"https:\/\/jardinescostaflorecida.com\/wp-content\/uploads\/2022\/10\/mantenimiento-comunidades-mallorca-scaled.jpg\",\"contentUrl\":\"https:\/\/jardinescostaflorecida.com\/wp-content\/uploads\/2022\/10\/mantenimiento-comunidades-mallorca-scaled.jpg\",\"width\":2560,\"height\":1708,\"caption\":\"mantenimiento comunidades mallorca\"},{\"@type\":\"BreadcrumbList\",\"@id\":\"https:\/\/jardinescostaflorecida.com\/mantenimiento-comunidades-mallorca\/#breadcrumb\",\"itemListElement\":[{\"@type\":\"ListItem\",\"position\":1,\"name\":\"Portada\",\"item\":\"https:\/\/jardinescostaflorecida.com\/inicio\/\"},{\"@type\":\"ListItem\",\"position\":2,\"name\":\"Mantenimiento de Comunidades en Mallorca\"}]},{\"@type\":\"WebSite\",\"@id\":\"https:\/\/jardinescostaflorecida.com\/#website\",\"url\":\"https:\/\/jardinescostaflorecida.com\/\",\"name\":\"Jardines Costa Florecida, empresa de jardiner\u00eda en Mallorca. Jardineros en Mallorca para el dise\u00f1o y mantenimiento de jardines, desbroces de fincas, podas y talas de palmeras, etc. en Mallorca.\",\"description\":\"Jardines Costa Florecida - Empresa de jardiner\u00eda en Mallorca\",\"publisher\":{\"@id\":\"https:\/\/jardinescostaflorecida.com\/#organization\"},\"potentialAction\":[{\"@type\":\"SearchAction\",\"target\":{\"@type\":\"EntryPoint\",\"urlTemplate\":\"https:\/\/jardinescostaflorecida.com\/?s={search_term_string}\"},\"query-input\":{\"@type\":\"PropertyValueSpecification\",\"valueRequired\":true,\"valueName\":\"search_term_string\"}}],\"inLanguage\":\"de-DE\"},{\"@type\":\"Organization\",\"@id\":\"https:\/\/jardinescostaflorecida.com\/#organization\",\"name\":\"Jardines Costa Florecida\",\"url\":\"https:\/\/jardinescostaflorecida.com\/\",\"logo\":{\"@type\":\"ImageObject\",\"inLanguage\":\"de-DE\",\"@id\":\"https:\/\/jardinescostaflorecida.com\/#\/schema\/logo\/image\/\",\"url\":\"https:\/\/jardinescostaflorecida.com\/wp-content\/uploads\/2022\/03\/Costa-Florecida-Logo.jpg\",\"contentUrl\":\"https:\/\/jardinescostaflorecida.com\/wp-content\/uploads\/2022\/03\/Costa-Florecida-Logo.jpg\",\"width\":800,\"height\":600,\"caption\":\"Jardines Costa Florecida\"},\"image\":{\"@id\":\"https:\/\/jardinescostaflorecida.com\/#\/schema\/logo\/image\/\"}}]}<\/script>\n<!-- \/ Yoast SEO plugin. -->","yoast_head_json":{"title":"Gemeinschaftspflege Mallorca - Costa Florecida Gardens","description":"Sind Sie auf der Suche nach einem Gartenbauunternehmen, das Ihnen einen hochwertigen Gemeinschaftspflegedienst bietet? Jardines Costa Florecida bietet sie Ihnen!","robots":{"index":"index","follow":"follow","max-snippet":"max-snippet:-1","max-image-preview":"max-image-preview:large","max-video-preview":"max-video-preview:-1"},"canonical":"https:\/\/jardinescostaflorecida.com\/de\/gemeindepflege-auf-mallorca\/","og_locale":"de_DE","og_type":"article","og_title":"Mantenimiento Comunidades Mallorca - Jardines Costa Florecida","og_description":"\u00bfEst\u00e1s buscando una empresa de jardiner\u00eda que te ofrezca un servicio de calidad de mantenimiento de comunidades? \u00a1Jardines Costa Florecida te los ofrece!","og_url":"https:\/\/jardinescostaflorecida.com\/de\/gemeindepflege-auf-mallorca\/","og_site_name":"Jardines Costa Florecida, empresa de jardiner\u00eda en Mallorca. Jardineros en Mallorca para el dise\u00f1o y mantenimiento de jardines, desbroces de fincas, podas y talas de palmeras, etc. en Mallorca.","article_modified_time":"2022-10-04T08:52:11+00:00","og_image":[{"width":2560,"height":1708,"url":"https:\/\/jardinescostaflorecida.com\/wp-content\/uploads\/2022\/10\/mantenimiento-comunidades-mallorca-scaled.jpg","type":"image\/jpeg"}],"twitter_card":"summary_large_image","twitter_misc":{"Est. reading time":"4 minutes"},"schema":{"@context":"https:\/\/schema.org","@graph":[{"@type":"WebPage","@id":"https:\/\/jardinescostaflorecida.com\/mantenimiento-comunidades-mallorca\/","url":"https:\/\/jardinescostaflorecida.com\/mantenimiento-comunidades-mallorca\/","name":"Gemeinschaftspflege Mallorca - Costa Florecida Gardens","isPartOf":{"@id":"https:\/\/jardinescostaflorecida.com\/#website"},"primaryImageOfPage":{"@id":"https:\/\/jardinescostaflorecida.com\/mantenimiento-comunidades-mallorca\/#primaryimage"},"image":{"@id":"https:\/\/jardinescostaflorecida.com\/mantenimiento-comunidades-mallorca\/#primaryimage"},"thumbnailUrl":"https:\/\/jardinescostaflorecida.com\/wp-content\/uploads\/2022\/10\/mantenimiento-comunidades-mallorca-scaled.jpg","datePublished":"2022-10-04T08:47:40+00:00","dateModified":"2022-10-04T08:52:11+00:00","description":"Sind Sie auf der Suche nach einem Gartenbauunternehmen, das Ihnen einen hochwertigen Gemeinschaftspflegedienst bietet? Jardines Costa Florecida bietet sie Ihnen!","breadcrumb":{"@id":"https:\/\/jardinescostaflorecida.com\/mantenimiento-comunidades-mallorca\/#breadcrumb"},"inLanguage":"de-DE","potentialAction":[{"@type":"ReadAction","target":["https:\/\/jardinescostaflorecida.com\/mantenimiento-comunidades-mallorca\/"]}]},{"@type":"ImageObject","inLanguage":"de-DE","@id":"https:\/\/jardinescostaflorecida.com\/mantenimiento-comunidades-mallorca\/#primaryimage","url":"https:\/\/jardinescostaflorecida.com\/wp-content\/uploads\/2022\/10\/mantenimiento-comunidades-mallorca-scaled.jpg","contentUrl":"https:\/\/jardinescostaflorecida.com\/wp-content\/uploads\/2022\/10\/mantenimiento-comunidades-mallorca-scaled.jpg","width":2560,"height":1708,"caption":"mantenimiento comunidades mallorca"},{"@type":"BreadcrumbList","@id":"https:\/\/jardinescostaflorecida.com\/mantenimiento-comunidades-mallorca\/#breadcrumb","itemListElement":[{"@type":"ListItem","position":1,"name":"Portada","item":"https:\/\/jardinescostaflorecida.com\/inicio\/"},{"@type":"ListItem","position":2,"name":"Mantenimiento de Comunidades en Mallorca"}]},{"@type":"WebSite","@id":"https:\/\/jardinescostaflorecida.com\/#website","url":"https:\/\/jardinescostaflorecida.com\/","name":"Jardines Costa Florecida, Gartenbauunternehmen auf Mallorca. G\u00e4rtner auf Mallorca f\u00fcr die Gestaltung und Pflege von G\u00e4rten, die Rodung von Grundst\u00fccken, das Beschneiden und F\u00e4llen von Palmen usw. auf Mallorca.","description":"Costa Florecida Gardens \u2013 Gartenbauunternehmen auf Mallorca","publisher":{"@id":"https:\/\/jardinescostaflorecida.com\/#organization"},"potentialAction":[{"@type":"SearchAction","target":{"@type":"EntryPoint","urlTemplate":"https:\/\/jardinescostaflorecida.com\/?s={search_term_string}"},"query-input":{"@type":"PropertyValueSpecification","valueRequired":true,"valueName":"search_term_string"}}],"inLanguage":"de-DE"},{"@type":"Organization","@id":"https:\/\/jardinescostaflorecida.com\/#organization","name":"K\u00fcsteng\u00e4rten von Florecida","url":"https:\/\/jardinescostaflorecida.com\/","logo":{"@type":"ImageObject","inLanguage":"de-DE","@id":"https:\/\/jardinescostaflorecida.com\/#\/schema\/logo\/image\/","url":"https:\/\/jardinescostaflorecida.com\/wp-content\/uploads\/2022\/03\/Costa-Florecida-Logo.jpg","contentUrl":"https:\/\/jardinescostaflorecida.com\/wp-content\/uploads\/2022\/03\/Costa-Florecida-Logo.jpg","width":800,"height":600,"caption":"Jardines Costa Florecida"},"image":{"@id":"https:\/\/jardinescostaflorecida.com\/#\/schema\/logo\/image\/"}}]}},"_links":{"self":[{"href":"https:\/\/jardinescostaflorecida.com\/de\/wp-json\/wp\/v2\/pages\/1711"}],"collection":[{"href":"https:\/\/jardinescostaflorecida.com\/de\/wp-json\/wp\/v2\/pages"}],"about":[{"href":"https:\/\/jardinescostaflorecida.com\/de\/wp-json\/wp\/v2\/types\/page"}],"author":[{"embeddable":true,"href":"https:\/\/jardinescostaflorecida.com\/de\/wp-json\/wp\/v2\/users\/10"}],"replies":[{"embeddable":true,"href":"https:\/\/jardinescostaflorecida.com\/de\/wp-json\/wp\/v2\/comments?post=1711"}],"version-history":[{"count":6,"href":"https:\/\/jardinescostaflorecida.com\/de\/wp-json\/wp\/v2\/pages\/1711\/revisions"}],"predecessor-version":[{"id":1730,"href":"https:\/\/jardinescostaflorecida.com\/de\/wp-json\/wp\/v2\/pages\/1711\/revisions\/1730"}],"wp:featuredmedia":[{"embeddable":true,"href":"https:\/\/jardinescostaflorecida.com\/de\/wp-json\/wp\/v2\/media\/1725"}],"wp:attachment":[{"href":"https:\/\/jardinescostaflorecida.com\/de\/wp-json\/wp\/v2\/media?parent=1711"}],"curies":[{"name":"wp","href":"https:\/\/api.w.org\/{rel}","templated":true}]}}