{"id":1493,"date":"2022-08-11T21:48:01","date_gmt":"2022-08-11T19:48:01","guid":{"rendered":"https:\/\/jardinescostaflorecida.com\/?page_id=1493"},"modified":"2022-08-14T09:20:59","modified_gmt":"2022-08-14T07:20:59","slug":"lugares-bonitos-para-ver-en-magaluf","status":"publish","type":"page","link":"https:\/\/jardinescostaflorecida.com\/de\/lugares-bonitos-para-ver-en-magaluf\/","title":{"rendered":"Lugares Bonitos Para ver en Magaluf"},"content":{"rendered":"<p>Hoy vamos a escribir sobre algunos lugares bonitos para ver en Magaluf.<\/p>\n<p>Si estas en Magaluf y quieres salir a caminar un poco para ver algunos de los sitios mas bonitos que esconde Magaluf en Calvi\u00e0 este es la lectura que necesitas.<\/p>\n<p>Si es as\u00ed, sigue leyendo porque aqu\u00ed te mostraremos algunos de los mejores lugares!<\/p>\n<h2>Parr\u00f3quia de Santa Maria Stella Maris<\/h2>\n<p>Si te gustan las iglesias y te consideras una persona que es cat\u00f3lica la iglesia de Santa Maria Stella Maris en Cam\u00ed Porrassa es un sitios muy bonito que te va a encantar, adem\u00e1s de poder conocer un poco m\u00e1s sobre la cultura de esta iglesia.<\/p>\n<h2>Pirates Adventure Dinner Show<\/h2>\n<p>Este lugar es una plaza en donde se montan shows piratas para el entretenimiento de los ni\u00f1os y las personas mayores, tambi\u00e9n esta ubicado en Cam\u00ed Porrasa, al lado de Salles Hotel Marina Portal.<\/p>\n<h2>Magaluf Beach<\/h2>\n<p>Si te gusta la playa y lo que buscas es simplemente pasar un rato relajado, tomando el sol y tomando algun refresco, Magaluf beach ubicado al lado de la calle Av. Notari Alemany te va a encantar.<\/p>\n<h3>Conclusi\u00f3n<\/h3>\n<p>Estos son los lugares bonitos para ver en Magaluf que pensamos que te pueden gustar.<\/p>\n<p>Si quieres vistar Magaluf en Mallorca y quieres encontrar algunos lugares bonitos para visitar ya no tienes escusa, porque te hemos dado 3 buenas razones para que salgas a explorar Magaluf!<\/p>\n<p>Este art\u00edculo ha sido ofrecido por parte de Jardines Costa Florecida, una empresa de jardiner\u00eda en Mallorca.<\/p>\n<p>Si buscas servicios de jardiner\u00eda en Mallorca visita nuestra web &gt; <a href=\"https:\/\/jardinescostaflorecida.com\/de\/\"><strong>Empresa de Jardiner\u00eda en Magaluf<\/strong><\/a><\/p>\n<p><a href=\"https:\/\/www.google.com\/maps\/place\/Jardines+Costa+Florecida\/@39.5084106,2.5186307,17z\/data=!3m1!4b1!4m5!3m4!1s0xab075118a7074791:0x68ef3131744e36f7!8m2!3d39.5084065!4d2.5208194\">Como llegar a nuestra empresa de jardiner\u00eda en Magaluf<\/a><\/p>\n<p>Art\u00edculo que trata sobre <a href=\"https:\/\/en.wikipedia.org\/wiki\/Magaluf\">Magaluf<\/a><\/p>\n<p>&nbsp;<\/p>","protected":false},"excerpt":{"rendered":"<p>Hoy vamos a escribir sobre algunos lugares bonitos para ver en Magaluf. Si estas en Magaluf y quieres salir a caminar un poco para ver algunos de los sitios mas bonitos que esconde Magaluf en Calvi\u00e0 este es la lectura que necesitas. Si es as\u00ed, sigue leyendo porque aqu\u00ed te mostraremos algunos de los mejores [&hellip;]<\/p>\n","protected":false},"author":10,"featured_media":1496,"parent":0,"menu_order":0,"comment_status":"closed","ping_status":"closed","template":"","meta":{"_joinchat":[],"footnotes":""},"class_list":["post-1493","page","type-page","status-publish","has-post-thumbnail","hentry"],"yoast_head":"<!-- This site is optimized with the Yoast SEO plugin v25.6 - https:\/\/yoast.com\/wordpress\/plugins\/seo\/ -->\n<title>Lugares Bonitos para ver en Magaluf | Jardines Costa Florecida<\/title>\n<meta name=\"description\" content=\"\u00bfEst\u00e1s en Magaluf y quieres pasear pero no sabes a donde ir? Esta peque\u00f1a gu\u00eda de Magaluf y los lugares bonitos que puedes ver es para ti!\" \/>\n<meta name=\"robots\" content=\"index, follow, max-snippet:-1, max-image-preview:large, max-video-preview:-1\" \/>\n<link rel=\"canonical\" href=\"https:\/\/jardinescostaflorecida.com\/de\/lugares-bonitos-para-ver-en-magaluf\/\" \/>\n<meta property=\"og:locale\" content=\"de_DE\" \/>\n<meta property=\"og:type\" content=\"article\" \/>\n<meta property=\"og:title\" content=\"Lugares Bonitos para ver en Magaluf | Jardines Costa Florecida\" \/>\n<meta property=\"og:description\" content=\"\u00bfEst\u00e1s en Magaluf y quieres pasear pero no sabes a donde ir? Esta peque\u00f1a gu\u00eda de Magaluf y los lugares bonitos que puedes ver es para ti!\" \/>\n<meta property=\"og:url\" content=\"https:\/\/jardinescostaflorecida.com\/de\/lugares-bonitos-para-ver-en-magaluf\/\" \/>\n<meta property=\"og:site_name\" content=\"Jardines Costa Florecida, empresa de jardiner\u00eda en Mallorca. Jardineros en Mallorca para el dise\u00f1o y mantenimiento de jardines, desbroces de fincas, podas y talas de palmeras, etc. en Mallorca.\" \/>\n<meta property=\"article:modified_time\" content=\"2022-08-14T07:20:59+00:00\" \/>\n<meta property=\"og:image\" content=\"https:\/\/jardinescostaflorecida.com\/wp-content\/uploads\/2022\/08\/lugares-bonitos-para-ver-en-magaluf.jpg\" \/>\n\t<meta property=\"og:image:width\" content=\"640\" \/>\n\t<meta property=\"og:image:height\" content=\"480\" \/>\n\t<meta property=\"og:image:type\" content=\"image\/jpeg\" \/>\n<meta name=\"twitter:card\" content=\"summary_large_image\" \/>\n<meta name=\"twitter:label1\" content=\"Est. reading time\" \/>\n\t<meta name=\"twitter:data1\" content=\"2 minutes\" \/>\n<script type=\"application\/ld+json\" class=\"yoast-schema-graph\">{\"@context\":\"https:\/\/schema.org\",\"@graph\":[{\"@type\":\"WebPage\",\"@id\":\"https:\/\/jardinescostaflorecida.com\/lugares-bonitos-para-ver-en-magaluf\/\",\"url\":\"https:\/\/jardinescostaflorecida.com\/lugares-bonitos-para-ver-en-magaluf\/\",\"name\":\"Lugares Bonitos para ver en Magaluf | Jardines Costa Florecida\",\"isPartOf\":{\"@id\":\"https:\/\/jardinescostaflorecida.com\/#website\"},\"primaryImageOfPage\":{\"@id\":\"https:\/\/jardinescostaflorecida.com\/lugares-bonitos-para-ver-en-magaluf\/#primaryimage\"},\"image\":{\"@id\":\"https:\/\/jardinescostaflorecida.com\/lugares-bonitos-para-ver-en-magaluf\/#primaryimage\"},\"thumbnailUrl\":\"https:\/\/jardinescostaflorecida.com\/wp-content\/uploads\/2022\/08\/lugares-bonitos-para-ver-en-magaluf.jpg\",\"datePublished\":\"2022-08-11T19:48:01+00:00\",\"dateModified\":\"2022-08-14T07:20:59+00:00\",\"description\":\"\u00bfEst\u00e1s en Magaluf y quieres pasear pero no sabes a donde ir? Esta peque\u00f1a gu\u00eda de Magaluf y los lugares bonitos que puedes ver es para ti!\",\"breadcrumb\":{\"@id\":\"https:\/\/jardinescostaflorecida.com\/lugares-bonitos-para-ver-en-magaluf\/#breadcrumb\"},\"inLanguage\":\"de-DE\",\"potentialAction\":[{\"@type\":\"ReadAction\",\"target\":[\"https:\/\/jardinescostaflorecida.com\/lugares-bonitos-para-ver-en-magaluf\/\"]}]},{\"@type\":\"ImageObject\",\"inLanguage\":\"de-DE\",\"@id\":\"https:\/\/jardinescostaflorecida.com\/lugares-bonitos-para-ver-en-magaluf\/#primaryimage\",\"url\":\"https:\/\/jardinescostaflorecida.com\/wp-content\/uploads\/2022\/08\/lugares-bonitos-para-ver-en-magaluf.jpg\",\"contentUrl\":\"https:\/\/jardinescostaflorecida.com\/wp-content\/uploads\/2022\/08\/lugares-bonitos-para-ver-en-magaluf.jpg\",\"width\":640,\"height\":480,\"caption\":\"algunos sitios bonitos que visitar en Magaluf en Mallorca\"},{\"@type\":\"BreadcrumbList\",\"@id\":\"https:\/\/jardinescostaflorecida.com\/lugares-bonitos-para-ver-en-magaluf\/#breadcrumb\",\"itemListElement\":[{\"@type\":\"ListItem\",\"position\":1,\"name\":\"Portada\",\"item\":\"https:\/\/jardinescostaflorecida.com\/inicio\/\"},{\"@type\":\"ListItem\",\"position\":2,\"name\":\"Lugares Bonitos Para ver en Magaluf\"}]},{\"@type\":\"WebSite\",\"@id\":\"https:\/\/jardinescostaflorecida.com\/#website\",\"url\":\"https:\/\/jardinescostaflorecida.com\/\",\"name\":\"Jardines Costa Florecida, empresa de jardiner\u00eda en Mallorca. Jardineros en Mallorca para el dise\u00f1o y mantenimiento de jardines, desbroces de fincas, podas y talas de palmeras, etc. en Mallorca.\",\"description\":\"Jardines Costa Florecida - Empresa de jardiner\u00eda en Mallorca\",\"publisher\":{\"@id\":\"https:\/\/jardinescostaflorecida.com\/#organization\"},\"potentialAction\":[{\"@type\":\"SearchAction\",\"target\":{\"@type\":\"EntryPoint\",\"urlTemplate\":\"https:\/\/jardinescostaflorecida.com\/?s={search_term_string}\"},\"query-input\":{\"@type\":\"PropertyValueSpecification\",\"valueRequired\":true,\"valueName\":\"search_term_string\"}}],\"inLanguage\":\"de-DE\"},{\"@type\":\"Organization\",\"@id\":\"https:\/\/jardinescostaflorecida.com\/#organization\",\"name\":\"Jardines Costa Florecida\",\"url\":\"https:\/\/jardinescostaflorecida.com\/\",\"logo\":{\"@type\":\"ImageObject\",\"inLanguage\":\"de-DE\",\"@id\":\"https:\/\/jardinescostaflorecida.com\/#\/schema\/logo\/image\/\",\"url\":\"https:\/\/jardinescostaflorecida.com\/wp-content\/uploads\/2022\/03\/Costa-Florecida-Logo.jpg\",\"contentUrl\":\"https:\/\/jardinescostaflorecida.com\/wp-content\/uploads\/2022\/03\/Costa-Florecida-Logo.jpg\",\"width\":800,\"height\":600,\"caption\":\"Jardines Costa Florecida\"},\"image\":{\"@id\":\"https:\/\/jardinescostaflorecida.com\/#\/schema\/logo\/image\/\"}}]}<\/script>\n<!-- \/ Yoast SEO plugin. -->","yoast_head_json":{"title":"Lugares Bonitos para ver en Magaluf | Jardines Costa Florecida","description":"\u00bfEst\u00e1s en Magaluf y quieres pasear pero no sabes a donde ir? Esta peque\u00f1a gu\u00eda de Magaluf y los lugares bonitos que puedes ver es para ti!","robots":{"index":"index","follow":"follow","max-snippet":"max-snippet:-1","max-image-preview":"max-image-preview:large","max-video-preview":"max-video-preview:-1"},"canonical":"https:\/\/jardinescostaflorecida.com\/de\/lugares-bonitos-para-ver-en-magaluf\/","og_locale":"de_DE","og_type":"article","og_title":"Lugares Bonitos para ver en Magaluf | Jardines Costa Florecida","og_description":"\u00bfEst\u00e1s en Magaluf y quieres pasear pero no sabes a donde ir? Esta peque\u00f1a gu\u00eda de Magaluf y los lugares bonitos que puedes ver es para ti!","og_url":"https:\/\/jardinescostaflorecida.com\/de\/lugares-bonitos-para-ver-en-magaluf\/","og_site_name":"Jardines Costa Florecida, empresa de jardiner\u00eda en Mallorca. Jardineros en Mallorca para el dise\u00f1o y mantenimiento de jardines, desbroces de fincas, podas y talas de palmeras, etc. en Mallorca.","article_modified_time":"2022-08-14T07:20:59+00:00","og_image":[{"width":640,"height":480,"url":"https:\/\/jardinescostaflorecida.com\/wp-content\/uploads\/2022\/08\/lugares-bonitos-para-ver-en-magaluf.jpg","type":"image\/jpeg"}],"twitter_card":"summary_large_image","twitter_misc":{"Est. reading time":"2 minutes"},"schema":{"@context":"https:\/\/schema.org","@graph":[{"@type":"WebPage","@id":"https:\/\/jardinescostaflorecida.com\/lugares-bonitos-para-ver-en-magaluf\/","url":"https:\/\/jardinescostaflorecida.com\/lugares-bonitos-para-ver-en-magaluf\/","name":"Lugares Bonitos para ver en Magaluf | Jardines Costa Florecida","isPartOf":{"@id":"https:\/\/jardinescostaflorecida.com\/#website"},"primaryImageOfPage":{"@id":"https:\/\/jardinescostaflorecida.com\/lugares-bonitos-para-ver-en-magaluf\/#primaryimage"},"image":{"@id":"https:\/\/jardinescostaflorecida.com\/lugares-bonitos-para-ver-en-magaluf\/#primaryimage"},"thumbnailUrl":"https:\/\/jardinescostaflorecida.com\/wp-content\/uploads\/2022\/08\/lugares-bonitos-para-ver-en-magaluf.jpg","datePublished":"2022-08-11T19:48:01+00:00","dateModified":"2022-08-14T07:20:59+00:00","description":"\u00bfEst\u00e1s en Magaluf y quieres pasear pero no sabes a donde ir? Esta peque\u00f1a gu\u00eda de Magaluf y los lugares bonitos que puedes ver es para ti!","breadcrumb":{"@id":"https:\/\/jardinescostaflorecida.com\/lugares-bonitos-para-ver-en-magaluf\/#breadcrumb"},"inLanguage":"de-DE","potentialAction":[{"@type":"ReadAction","target":["https:\/\/jardinescostaflorecida.com\/lugares-bonitos-para-ver-en-magaluf\/"]}]},{"@type":"ImageObject","inLanguage":"de-DE","@id":"https:\/\/jardinescostaflorecida.com\/lugares-bonitos-para-ver-en-magaluf\/#primaryimage","url":"https:\/\/jardinescostaflorecida.com\/wp-content\/uploads\/2022\/08\/lugares-bonitos-para-ver-en-magaluf.jpg","contentUrl":"https:\/\/jardinescostaflorecida.com\/wp-content\/uploads\/2022\/08\/lugares-bonitos-para-ver-en-magaluf.jpg","width":640,"height":480,"caption":"algunos sitios bonitos que visitar en Magaluf en Mallorca"},{"@type":"BreadcrumbList","@id":"https:\/\/jardinescostaflorecida.com\/lugares-bonitos-para-ver-en-magaluf\/#breadcrumb","itemListElement":[{"@type":"ListItem","position":1,"name":"Portada","item":"https:\/\/jardinescostaflorecida.com\/inicio\/"},{"@type":"ListItem","position":2,"name":"Lugares Bonitos Para ver en Magaluf"}]},{"@type":"WebSite","@id":"https:\/\/jardinescostaflorecida.com\/#website","url":"https:\/\/jardinescostaflorecida.com\/","name":"Jardines Costa Florecida, Gartenbauunternehmen auf Mallorca. G\u00e4rtner auf Mallorca f\u00fcr die Gestaltung und Pflege von G\u00e4rten, die Rodung von Grundst\u00fccken, das Beschneiden und F\u00e4llen von Palmen usw. auf Mallorca.","description":"Costa Florecida Gardens \u2013 Gartenbauunternehmen auf Mallorca","publisher":{"@id":"https:\/\/jardinescostaflorecida.com\/#organization"},"potentialAction":[{"@type":"SearchAction","target":{"@type":"EntryPoint","urlTemplate":"https:\/\/jardinescostaflorecida.com\/?s={search_term_string}"},"query-input":{"@type":"PropertyValueSpecification","valueRequired":true,"valueName":"search_term_string"}}],"inLanguage":"de-DE"},{"@type":"Organization","@id":"https:\/\/jardinescostaflorecida.com\/#organization","name":"K\u00fcsteng\u00e4rten von Florecida","url":"https:\/\/jardinescostaflorecida.com\/","logo":{"@type":"ImageObject","inLanguage":"de-DE","@id":"https:\/\/jardinescostaflorecida.com\/#\/schema\/logo\/image\/","url":"https:\/\/jardinescostaflorecida.com\/wp-content\/uploads\/2022\/03\/Costa-Florecida-Logo.jpg","contentUrl":"https:\/\/jardinescostaflorecida.com\/wp-content\/uploads\/2022\/03\/Costa-Florecida-Logo.jpg","width":800,"height":600,"caption":"Jardines Costa Florecida"},"image":{"@id":"https:\/\/jardinescostaflorecida.com\/#\/schema\/logo\/image\/"}}]}},"_links":{"self":[{"href":"https:\/\/jardinescostaflorecida.com\/de\/wp-json\/wp\/v2\/pages\/1493"}],"collection":[{"href":"https:\/\/jardinescostaflorecida.com\/de\/wp-json\/wp\/v2\/pages"}],"about":[{"href":"https:\/\/jardinescostaflorecida.com\/de\/wp-json\/wp\/v2\/types\/page"}],"author":[{"embeddable":true,"href":"https:\/\/jardinescostaflorecida.com\/de\/wp-json\/wp\/v2\/users\/10"}],"replies":[{"embeddable":true,"href":"https:\/\/jardinescostaflorecida.com\/de\/wp-json\/wp\/v2\/comments?post=1493"}],"version-history":[{"count":4,"href":"https:\/\/jardinescostaflorecida.com\/de\/wp-json\/wp\/v2\/pages\/1493\/revisions"}],"predecessor-version":[{"id":1516,"href":"https:\/\/jardinescostaflorecida.com\/de\/wp-json\/wp\/v2\/pages\/1493\/revisions\/1516"}],"wp:featuredmedia":[{"embeddable":true,"href":"https:\/\/jardinescostaflorecida.com\/de\/wp-json\/wp\/v2\/media\/1496"}],"wp:attachment":[{"href":"https:\/\/jardinescostaflorecida.com\/de\/wp-json\/wp\/v2\/media?parent=1493"}],"curies":[{"name":"wp","href":"https:\/\/api.w.org\/{rel}","templated":true}]}}