{"id":1283,"date":"2022-08-01T20:28:14","date_gmt":"2022-08-01T18:28:14","guid":{"rendered":"https:\/\/jardinescostaflorecida.com\/?page_id=1283"},"modified":"2022-08-01T20:39:48","modified_gmt":"2022-08-01T18:39:48","slug":"tratamiento-fitosanitario","status":"publish","type":"page","link":"https:\/\/jardinescostaflorecida.com\/de\/pflanzenschutzbehandlung\/","title":{"rendered":"Phytosanit\u00e4re Behandlungen auf Mallorca \u2013 beseitigt Sch\u00e4dlinge und Krankheiten"},"content":{"rendered":"<style type=\"text\/css\" data-created_by=\"avia_inline_auto\" id=\"style-css-av-l5uy3jt0-57fe8eba66ebd89fe2c5eab65a7a6161\">\n.avia-image-container.av-l5uy3jt0-57fe8eba66ebd89fe2c5eab65a7a6161 img.avia_image{\nbox-shadow:none;\n}\n.avia-image-container.av-l5uy3jt0-57fe8eba66ebd89fe2c5eab65a7a6161 .av-image-caption-overlay-center{\ncolor:#ffffff;\n}\n<\/style>\n<div  class='avia-image-container av-l5uy3jt0-57fe8eba66ebd89fe2c5eab65a7a6161 av-styling- avia-align-center  avia-builder-el-0  el_before_av_textblock  avia-builder-el-first'   itemprop=\"image\" itemscope=\"itemscope\" itemtype=\"https:\/\/schema.org\/ImageObject\" ><div class=\"avia-image-container-inner\"><div class=\"avia-image-overlay-wrap\"><img fetchpriority=\"high\" decoding=\"async\" class='wp-image-1286 avia-img-lazy-loading-not-1286 avia_image' src=\"https:\/\/jardinescostaflorecida.com\/wp-content\/uploads\/2022\/07\/tratamientos-fitosanitarios-mallorca-1030x687.jpg\" alt='Pflanzenschutzbehandlung an B\u00e4umen und Pflanzen' title='Pflanzenschutzbehandlungen-Mallorca' height=\"687\" width=\"1030\"  itemprop=\"thumbnailUrl\" srcset=\"https:\/\/jardinescostaflorecida.com\/wp-content\/uploads\/2022\/07\/tratamientos-fitosanitarios-mallorca-1030x687.jpg 1030w, https:\/\/jardinescostaflorecida.com\/wp-content\/uploads\/2022\/07\/tratamientos-fitosanitarios-mallorca-300x200.jpg 300w, https:\/\/jardinescostaflorecida.com\/wp-content\/uploads\/2022\/07\/tratamientos-fitosanitarios-mallorca-768x512.jpg 768w, https:\/\/jardinescostaflorecida.com\/wp-content\/uploads\/2022\/07\/tratamientos-fitosanitarios-mallorca-1536x1024.jpg 1536w, https:\/\/jardinescostaflorecida.com\/wp-content\/uploads\/2022\/07\/tratamientos-fitosanitarios-mallorca-2048x1365.jpg 2048w, https:\/\/jardinescostaflorecida.com\/wp-content\/uploads\/2022\/07\/tratamientos-fitosanitarios-mallorca-1500x1000.jpg 1500w, https:\/\/jardinescostaflorecida.com\/wp-content\/uploads\/2022\/07\/tratamientos-fitosanitarios-mallorca-705x470.jpg 705w\"  sizes=\"(max-width: 1030px) 100vw, 1030px\" \/><\/div><\/div><\/div>\n\n<style type=\"text\/css\" data-created_by=\"avia_inline_auto\" id=\"style-css-av-l5uxuw6x-e99e9ffdcdc239a5569584d166f02cb8\">\n\n@media only screen and (min-width: 480px) and (max-width: 767px){ \n#top .av_textblock_section.av-l5uxuw6x-e99e9ffdcdc239a5569584d166f02cb8 .avia_textblock{\nfont-size:14px;\n}\n}\n\n@media only screen and (max-width: 479px){ \n#top .av_textblock_section.av-l5uxuw6x-e99e9ffdcdc239a5569584d166f02cb8 .avia_textblock{\nfont-size:14px;\n}\n}\n<\/style>\n<section  class='av_textblock_section av-l5uxuw6x-e99e9ffdcdc239a5569584d166f02cb8'   itemscope=\"itemscope\" itemtype=\"https:\/\/schema.org\/CreativeWork\" ><div class='avia_textblock'  itemprop=\"text\" ><h1 style=\"text-align: center;\"><span style=\"font-size: 18pt;\">Pflanzenschutzbehandlungen auf Mallorca<br \/>\nBeseitigt Sch\u00e4dlinge und Krankheiten<\/span><\/h1>\n<\/div><\/section>\n<section  class='av_textblock_section av-l6b1y2v9-28e572e2a8c038a1eaeb96e6cd0b6ea2'   itemscope=\"itemscope\" itemtype=\"https:\/\/schema.org\/CreativeWork\" ><div class='avia_textblock'  itemprop=\"text\" ><p>Haben Sie es satt, dass Ihre Pflanzen und B\u00e4ume krank werden?\u2026<\/p>\n<p>Die pflanzengesundheitliche Behandlung, die wir Ihnen auf Mallorca anbieten, wird all Ihren Sorgen ein Ende bereiten, da wir in der Lage sind, alle Krankheiten, an denen Sie m\u00f6glicherweise gelitten haben, zu verhindern und\/oder vollst\u00e4ndig zu beseitigen.<\/p>\n<p>Dank der pflanzengesundheitlichen Behandlung auf Mallorca gelingt es Pflanzen und B\u00e4umen, Resistenzen gegen Krankheiten zu entwickeln und so das Risiko k\u00fcnftiger Krankheiten zu minimieren.<\/p>\n<\/div><\/section>\n\n<style type=\"text\/css\" data-created_by=\"avia_inline_auto\" id=\"style-css-av-l5uxuw6x-e99e9ffdcdc239a5569584d166f02cb8\">\n\n@media only screen and (min-width: 480px) and (max-width: 767px){ \n#top .av_textblock_section.av-l5uxuw6x-e99e9ffdcdc239a5569584d166f02cb8 .avia_textblock{\nfont-size:14px;\n}\n}\n\n@media only screen and (max-width: 479px){ \n#top .av_textblock_section.av-l5uxuw6x-e99e9ffdcdc239a5569584d166f02cb8 .avia_textblock{\nfont-size:14px;\n}\n}\n<\/style>\n<section  class='av_textblock_section av-l5uxuw6x-e99e9ffdcdc239a5569584d166f02cb8'   itemscope=\"itemscope\" itemtype=\"https:\/\/schema.org\/CreativeWork\" ><div class='avia_textblock'  itemprop=\"text\" ><h2 style=\"text-align: center;\"><span style=\"font-size: 18pt;\">Wann wird eine pflanzengesundheitliche Behandlung durchgef\u00fchrt?<\/span><\/h2>\n<\/div><\/section>\n<section  class='av_textblock_section av-l6b1y2v9-28e572e2a8c038a1eaeb96e6cd0b6ea2'   itemscope=\"itemscope\" itemtype=\"https:\/\/schema.org\/CreativeWork\" ><div class='avia_textblock'  itemprop=\"text\" ><p>Eine pflanzengesundheitliche Behandlung wird normalerweise dann durchgef\u00fchrt, wenn sich Ihr Baum oder die Pflanzen in Ihrem Garten aus einem ungew\u00f6hnlichen Grund verschlechtern, beispielsweise durch einen Insektenbefall, wie eine der beliebtesten... pflanzengesundheitliche Behandlung gegen den Roten R\u00fcsselk\u00e4fer in Palmen Es ist wichtig zu wissen, wie man den R\u00fcsselk\u00e4fer bek\u00e4mpft, wenn Ihnen das passiert, neben vielen anderen Arten von Sch\u00e4dlingen wie Bettwanzen und Krankheiten, unter denen Ihr Garten leiden kann, wenn Sie nicht rechtzeitig die notwendigen Vorsichtsma\u00dfnahmen treffen.<\/p>\n<p>In diesen F\u00e4llen ist es immer besser, ein gutes Unternehmen zu haben, das Ihnen die M\u00f6glichkeit einer Pflanzenschutzbehandlung f\u00fcr Ihren Garten oder Ihre B\u00e4ume bietet.<\/p>\n<\/div><\/section>\n\n<style type=\"text\/css\" data-created_by=\"avia_inline_auto\" id=\"style-css-av-l5uxuw6x-e99e9ffdcdc239a5569584d166f02cb8\">\n\n@media only screen and (min-width: 480px) and (max-width: 767px){ \n#top .av_textblock_section.av-l5uxuw6x-e99e9ffdcdc239a5569584d166f02cb8 .avia_textblock{\nfont-size:14px;\n}\n}\n\n@media only screen and (max-width: 479px){ \n#top .av_textblock_section.av-l5uxuw6x-e99e9ffdcdc239a5569584d166f02cb8 .avia_textblock{\nfont-size:14px;\n}\n}\n<\/style>\n<section  class='av_textblock_section av-l5uxuw6x-e99e9ffdcdc239a5569584d166f02cb8'   itemscope=\"itemscope\" itemtype=\"https:\/\/schema.org\/CreativeWork\" ><div class='avia_textblock'  itemprop=\"text\" ><h2 style=\"text-align: center;\"><span style=\"font-size: 18pt;\">Wer kann sich bewerben?<br \/>\nPflanzenschutzbehandlungen?<\/span><\/h2>\n<\/div><\/section>\n<section  class='av_textblock_section av-l6b1y2v9-28e572e2a8c038a1eaeb96e6cd0b6ea2'   itemscope=\"itemscope\" itemtype=\"https:\/\/schema.org\/CreativeWork\" ><div class='avia_textblock'  itemprop=\"text\" ><p>Da es sich um gef\u00e4hrliche Produkte handelt, d\u00fcrfen Pflanzenschutzmittel nur von Inhabern verwendet werden, die \u00fcber eine entsprechende Ausbildung und eine Lizenz verf\u00fcgen.<\/p>\n<p>Die Durchf\u00fchrung einer unsachgem\u00e4\u00dfen Pflanzenschutzbehandlung kann Ihre Pflanzen und B\u00e4ume zerst\u00f6ren und sie au\u00dferdem dauerhaft sch\u00e4digen, da es sich um chemische Gemische handelt. Dar\u00fcber hinaus kann es vorkommen, dass Sie nicht \u00fcber die erforderliche Ausr\u00fcstung verf\u00fcgen und Ihre Haut mit einigen der Pflanzenschutzmittel in Kontakt kommt Es kann zu irreversiblen Hautsch\u00e4den kommen.<\/p>\n<p>Aus demselben Grund wird immer empfohlen, dass Sie ein Unternehmen beauftragen, das sich mit pflanzengesundheitlichen Behandlungen und deren Folgen auskennt.<\/p>\n<p>Wenn Sie sich noch heute einen farbenfrohen und sch\u00f6nen Garten w\u00fcnschen und Ihre Palmen und alle Ihre B\u00e4ume richtig pflegen m\u00f6chten, rufen Sie uns einfach an oder senden Sie uns eine Nachricht \u00fcber Whats App.<\/p>\n<\/div><\/section>\n\n<style type=\"text\/css\" data-created_by=\"avia_inline_auto\" id=\"style-css-av-l5uxuw6x-e99e9ffdcdc239a5569584d166f02cb8\">\n\n@media only screen and (min-width: 480px) and (max-width: 767px){ \n#top .av_textblock_section.av-l5uxuw6x-e99e9ffdcdc239a5569584d166f02cb8 .avia_textblock{\nfont-size:14px;\n}\n}\n\n@media only screen and (max-width: 479px){ \n#top .av_textblock_section.av-l5uxuw6x-e99e9ffdcdc239a5569584d166f02cb8 .avia_textblock{\nfont-size:14px;\n}\n}\n<\/style>\n<section  class='av_textblock_section av-l5uxuw6x-e99e9ffdcdc239a5569584d166f02cb8'   itemscope=\"itemscope\" itemtype=\"https:\/\/schema.org\/CreativeWork\" ><div class='avia_textblock'  itemprop=\"text\" ><h2 style=\"text-align: center;\"><span style=\"font-size: 15pt;\">Unser Unternehmen befindet sich in Calvi\u00e0, Magaluf<br \/>\n(Mallorca)<\/span><\/h2>\n<div style=\"text-align: center;\"><iframe style=\"border: 0;\" src=\"https:\/\/www.google.com\/maps\/embed?pb=!1m18!1m12!1m3!1d3078.269329467516!2d2.5186307148647513!3d39.50841061830187!2m3!1f0!2f0!3f0!3m2!1i1024!2i768!4f13.1!3m3!1m2!1s0xab075118a7074791%3A0x68ef3131744e36f7!2sJardines%20Costa%20Florecida!5e0!3m2!1sen!2ses!4v1659353015849!5m2!1sen!2ses\" width=\"600\" height=\"450\" allowfullscreen=\"allowfullscreen\"><\/iframe><\/div>\n<\/div><\/section>","protected":false},"excerpt":{"rendered":"","protected":false},"author":10,"featured_media":1286,"parent":0,"menu_order":0,"comment_status":"closed","ping_status":"closed","template":"","meta":{"_joinchat":[],"footnotes":""},"class_list":["post-1283","page","type-page","status-publish","has-post-thumbnail","hentry"],"yoast_head":"<!-- This site is optimized with the Yoast SEO plugin v25.6 - https:\/\/yoast.com\/wordpress\/plugins\/seo\/ -->\n<title>Tratamiento Fitosanitario en Mallorca - Control de Plagas y Enfermedades | Jardines Costa Florecida<\/title>\n<meta name=\"description\" content=\"\u00bfTe gustar\u00eda conseguir hoy un jard\u00edn saludable y libre de insectos? Hoy puedes conseguirlo, nuestro tratamiento fitosanitario lo hace posible, contactanos!\" \/>\n<meta name=\"robots\" content=\"index, follow, max-snippet:-1, max-image-preview:large, max-video-preview:-1\" \/>\n<link rel=\"canonical\" href=\"https:\/\/jardinescostaflorecida.com\/de\/pflanzenschutzbehandlung\/\" \/>\n<meta property=\"og:locale\" content=\"de_DE\" \/>\n<meta property=\"og:type\" content=\"article\" \/>\n<meta property=\"og:title\" content=\"Tratamiento Fitosanitario en Mallorca - Control de Plagas y Enfermedades | Jardines Costa Florecida\" \/>\n<meta property=\"og:description\" content=\"\u00bfTe gustar\u00eda conseguir hoy un jard\u00edn saludable y libre de insectos? Hoy puedes conseguirlo, nuestro tratamiento fitosanitario lo hace posible, contactanos!\" \/>\n<meta property=\"og:url\" content=\"https:\/\/jardinescostaflorecida.com\/de\/pflanzenschutzbehandlung\/\" \/>\n<meta property=\"og:site_name\" content=\"Jardines Costa Florecida, empresa de jardiner\u00eda en Mallorca. Jardineros en Mallorca para el dise\u00f1o y mantenimiento de jardines, desbroces de fincas, podas y talas de palmeras, etc. en Mallorca.\" \/>\n<meta property=\"article:modified_time\" content=\"2022-08-01T18:39:48+00:00\" \/>\n<meta property=\"og:image\" content=\"https:\/\/jardinescostaflorecida.com\/wp-content\/uploads\/2022\/07\/tratamientos-fitosanitarios-mallorca-1030x687.jpg\" \/>\n\t<meta property=\"og:image:width\" content=\"1030\" \/>\n\t<meta property=\"og:image:height\" content=\"687\" \/>\n\t<meta property=\"og:image:type\" content=\"image\/jpeg\" \/>\n<meta name=\"twitter:card\" content=\"summary_large_image\" \/>\n<meta name=\"twitter:label1\" content=\"Est. reading time\" \/>\n\t<meta name=\"twitter:data1\" content=\"2 minutes\" \/>\n<script type=\"application\/ld+json\" class=\"yoast-schema-graph\">{\"@context\":\"https:\/\/schema.org\",\"@graph\":[{\"@type\":\"WebPage\",\"@id\":\"https:\/\/jardinescostaflorecida.com\/tratamiento-fitosanitario\/\",\"url\":\"https:\/\/jardinescostaflorecida.com\/tratamiento-fitosanitario\/\",\"name\":\"Tratamiento Fitosanitario en Mallorca - Control de Plagas y Enfermedades | Jardines Costa Florecida\",\"isPartOf\":{\"@id\":\"https:\/\/jardinescostaflorecida.com\/#website\"},\"primaryImageOfPage\":{\"@id\":\"https:\/\/jardinescostaflorecida.com\/tratamiento-fitosanitario\/#primaryimage\"},\"image\":{\"@id\":\"https:\/\/jardinescostaflorecida.com\/tratamiento-fitosanitario\/#primaryimage\"},\"thumbnailUrl\":\"https:\/\/jardinescostaflorecida.com\/wp-content\/uploads\/2022\/07\/tratamientos-fitosanitarios-mallorca-scaled.jpg\",\"datePublished\":\"2022-08-01T18:28:14+00:00\",\"dateModified\":\"2022-08-01T18:39:48+00:00\",\"description\":\"\u00bfTe gustar\u00eda conseguir hoy un jard\u00edn saludable y libre de insectos? Hoy puedes conseguirlo, nuestro tratamiento fitosanitario lo hace posible, contactanos!\",\"breadcrumb\":{\"@id\":\"https:\/\/jardinescostaflorecida.com\/tratamiento-fitosanitario\/#breadcrumb\"},\"inLanguage\":\"de-DE\",\"potentialAction\":[{\"@type\":\"ReadAction\",\"target\":[\"https:\/\/jardinescostaflorecida.com\/tratamiento-fitosanitario\/\"]}]},{\"@type\":\"ImageObject\",\"inLanguage\":\"de-DE\",\"@id\":\"https:\/\/jardinescostaflorecida.com\/tratamiento-fitosanitario\/#primaryimage\",\"url\":\"https:\/\/jardinescostaflorecida.com\/wp-content\/uploads\/2022\/07\/tratamientos-fitosanitarios-mallorca-scaled.jpg\",\"contentUrl\":\"https:\/\/jardinescostaflorecida.com\/wp-content\/uploads\/2022\/07\/tratamientos-fitosanitarios-mallorca-scaled.jpg\",\"width\":2560,\"height\":1707,\"caption\":\"tratamiento fitosanitario en arboles y plantas\"},{\"@type\":\"BreadcrumbList\",\"@id\":\"https:\/\/jardinescostaflorecida.com\/tratamiento-fitosanitario\/#breadcrumb\",\"itemListElement\":[{\"@type\":\"ListItem\",\"position\":1,\"name\":\"Portada\",\"item\":\"https:\/\/jardinescostaflorecida.com\/inicio\/\"},{\"@type\":\"ListItem\",\"position\":2,\"name\":\"Tratamientos Fitosanitarios en Mallorca &#8211; Elimina Plagas y Enfermedades\"}]},{\"@type\":\"WebSite\",\"@id\":\"https:\/\/jardinescostaflorecida.com\/#website\",\"url\":\"https:\/\/jardinescostaflorecida.com\/\",\"name\":\"Jardines Costa Florecida, empresa de jardiner\u00eda en Mallorca. Jardineros en Mallorca para el dise\u00f1o y mantenimiento de jardines, desbroces de fincas, podas y talas de palmeras, etc. en Mallorca.\",\"description\":\"Jardines Costa Florecida - Empresa de jardiner\u00eda en Mallorca\",\"publisher\":{\"@id\":\"https:\/\/jardinescostaflorecida.com\/#organization\"},\"potentialAction\":[{\"@type\":\"SearchAction\",\"target\":{\"@type\":\"EntryPoint\",\"urlTemplate\":\"https:\/\/jardinescostaflorecida.com\/?s={search_term_string}\"},\"query-input\":{\"@type\":\"PropertyValueSpecification\",\"valueRequired\":true,\"valueName\":\"search_term_string\"}}],\"inLanguage\":\"de-DE\"},{\"@type\":\"Organization\",\"@id\":\"https:\/\/jardinescostaflorecida.com\/#organization\",\"name\":\"Jardines Costa Florecida\",\"url\":\"https:\/\/jardinescostaflorecida.com\/\",\"logo\":{\"@type\":\"ImageObject\",\"inLanguage\":\"de-DE\",\"@id\":\"https:\/\/jardinescostaflorecida.com\/#\/schema\/logo\/image\/\",\"url\":\"https:\/\/jardinescostaflorecida.com\/wp-content\/uploads\/2022\/03\/Costa-Florecida-Logo.jpg\",\"contentUrl\":\"https:\/\/jardinescostaflorecida.com\/wp-content\/uploads\/2022\/03\/Costa-Florecida-Logo.jpg\",\"width\":800,\"height\":600,\"caption\":\"Jardines Costa Florecida\"},\"image\":{\"@id\":\"https:\/\/jardinescostaflorecida.com\/#\/schema\/logo\/image\/\"}}]}<\/script>\n<!-- \/ Yoast SEO plugin. -->","yoast_head_json":{"title":"Pflanzenschutzbehandlung auf Mallorca \u2013 Sch\u00e4dlings- und Krankheitsbek\u00e4mpfung | K\u00fcsteng\u00e4rten von Florecida","description":"M\u00f6chten Sie noch heute einen gesunden, insektenfreien Garten haben? Heute k\u00f6nnen Sie es bekommen, unsere Pflanzenschutzbehandlung macht es m\u00f6glich, kontaktieren Sie uns!","robots":{"index":"index","follow":"follow","max-snippet":"max-snippet:-1","max-image-preview":"max-image-preview:large","max-video-preview":"max-video-preview:-1"},"canonical":"https:\/\/jardinescostaflorecida.com\/de\/pflanzenschutzbehandlung\/","og_locale":"de_DE","og_type":"article","og_title":"Tratamiento Fitosanitario en Mallorca - Control de Plagas y Enfermedades | Jardines Costa Florecida","og_description":"\u00bfTe gustar\u00eda conseguir hoy un jard\u00edn saludable y libre de insectos? Hoy puedes conseguirlo, nuestro tratamiento fitosanitario lo hace posible, contactanos!","og_url":"https:\/\/jardinescostaflorecida.com\/de\/pflanzenschutzbehandlung\/","og_site_name":"Jardines Costa Florecida, empresa de jardiner\u00eda en Mallorca. Jardineros en Mallorca para el dise\u00f1o y mantenimiento de jardines, desbroces de fincas, podas y talas de palmeras, etc. en Mallorca.","article_modified_time":"2022-08-01T18:39:48+00:00","og_image":[{"width":1030,"height":687,"url":"https:\/\/jardinescostaflorecida.com\/wp-content\/uploads\/2022\/07\/tratamientos-fitosanitarios-mallorca-1030x687.jpg","type":"image\/jpeg"}],"twitter_card":"summary_large_image","twitter_misc":{"Est. reading time":"2 minutes"},"schema":{"@context":"https:\/\/schema.org","@graph":[{"@type":"WebPage","@id":"https:\/\/jardinescostaflorecida.com\/tratamiento-fitosanitario\/","url":"https:\/\/jardinescostaflorecida.com\/tratamiento-fitosanitario\/","name":"Pflanzenschutzbehandlung auf Mallorca \u2013 Sch\u00e4dlings- und Krankheitsbek\u00e4mpfung | K\u00fcsteng\u00e4rten von Florecida","isPartOf":{"@id":"https:\/\/jardinescostaflorecida.com\/#website"},"primaryImageOfPage":{"@id":"https:\/\/jardinescostaflorecida.com\/tratamiento-fitosanitario\/#primaryimage"},"image":{"@id":"https:\/\/jardinescostaflorecida.com\/tratamiento-fitosanitario\/#primaryimage"},"thumbnailUrl":"https:\/\/jardinescostaflorecida.com\/wp-content\/uploads\/2022\/07\/tratamientos-fitosanitarios-mallorca-scaled.jpg","datePublished":"2022-08-01T18:28:14+00:00","dateModified":"2022-08-01T18:39:48+00:00","description":"M\u00f6chten Sie noch heute einen gesunden, insektenfreien Garten haben? Heute k\u00f6nnen Sie es bekommen, unsere Pflanzenschutzbehandlung macht es m\u00f6glich, kontaktieren Sie uns!","breadcrumb":{"@id":"https:\/\/jardinescostaflorecida.com\/tratamiento-fitosanitario\/#breadcrumb"},"inLanguage":"de-DE","potentialAction":[{"@type":"ReadAction","target":["https:\/\/jardinescostaflorecida.com\/tratamiento-fitosanitario\/"]}]},{"@type":"ImageObject","inLanguage":"de-DE","@id":"https:\/\/jardinescostaflorecida.com\/tratamiento-fitosanitario\/#primaryimage","url":"https:\/\/jardinescostaflorecida.com\/wp-content\/uploads\/2022\/07\/tratamientos-fitosanitarios-mallorca-scaled.jpg","contentUrl":"https:\/\/jardinescostaflorecida.com\/wp-content\/uploads\/2022\/07\/tratamientos-fitosanitarios-mallorca-scaled.jpg","width":2560,"height":1707,"caption":"tratamiento fitosanitario en arboles y plantas"},{"@type":"BreadcrumbList","@id":"https:\/\/jardinescostaflorecida.com\/tratamiento-fitosanitario\/#breadcrumb","itemListElement":[{"@type":"ListItem","position":1,"name":"Portada","item":"https:\/\/jardinescostaflorecida.com\/inicio\/"},{"@type":"ListItem","position":2,"name":"Tratamientos Fitosanitarios en Mallorca &#8211; Elimina Plagas y Enfermedades"}]},{"@type":"WebSite","@id":"https:\/\/jardinescostaflorecida.com\/#website","url":"https:\/\/jardinescostaflorecida.com\/","name":"Jardines Costa Florecida, Gartenbauunternehmen auf Mallorca. G\u00e4rtner auf Mallorca f\u00fcr die Gestaltung und Pflege von G\u00e4rten, die Rodung von Grundst\u00fccken, das Beschneiden und F\u00e4llen von Palmen usw. auf Mallorca.","description":"Costa Florecida Gardens \u2013 Gartenbauunternehmen auf Mallorca","publisher":{"@id":"https:\/\/jardinescostaflorecida.com\/#organization"},"potentialAction":[{"@type":"SearchAction","target":{"@type":"EntryPoint","urlTemplate":"https:\/\/jardinescostaflorecida.com\/?s={search_term_string}"},"query-input":{"@type":"PropertyValueSpecification","valueRequired":true,"valueName":"search_term_string"}}],"inLanguage":"de-DE"},{"@type":"Organization","@id":"https:\/\/jardinescostaflorecida.com\/#organization","name":"K\u00fcsteng\u00e4rten von Florecida","url":"https:\/\/jardinescostaflorecida.com\/","logo":{"@type":"ImageObject","inLanguage":"de-DE","@id":"https:\/\/jardinescostaflorecida.com\/#\/schema\/logo\/image\/","url":"https:\/\/jardinescostaflorecida.com\/wp-content\/uploads\/2022\/03\/Costa-Florecida-Logo.jpg","contentUrl":"https:\/\/jardinescostaflorecida.com\/wp-content\/uploads\/2022\/03\/Costa-Florecida-Logo.jpg","width":800,"height":600,"caption":"Jardines Costa Florecida"},"image":{"@id":"https:\/\/jardinescostaflorecida.com\/#\/schema\/logo\/image\/"}}]}},"_links":{"self":[{"href":"https:\/\/jardinescostaflorecida.com\/de\/wp-json\/wp\/v2\/pages\/1283"}],"collection":[{"href":"https:\/\/jardinescostaflorecida.com\/de\/wp-json\/wp\/v2\/pages"}],"about":[{"href":"https:\/\/jardinescostaflorecida.com\/de\/wp-json\/wp\/v2\/types\/page"}],"author":[{"embeddable":true,"href":"https:\/\/jardinescostaflorecida.com\/de\/wp-json\/wp\/v2\/users\/10"}],"replies":[{"embeddable":true,"href":"https:\/\/jardinescostaflorecida.com\/de\/wp-json\/wp\/v2\/comments?post=1283"}],"version-history":[{"count":20,"href":"https:\/\/jardinescostaflorecida.com\/de\/wp-json\/wp\/v2\/pages\/1283\/revisions"}],"predecessor-version":[{"id":1492,"href":"https:\/\/jardinescostaflorecida.com\/de\/wp-json\/wp\/v2\/pages\/1283\/revisions\/1492"}],"wp:featuredmedia":[{"embeddable":true,"href":"https:\/\/jardinescostaflorecida.com\/de\/wp-json\/wp\/v2\/media\/1286"}],"wp:attachment":[{"href":"https:\/\/jardinescostaflorecida.com\/de\/wp-json\/wp\/v2\/media?parent=1283"}],"curies":[{"name":"wp","href":"https:\/\/api.w.org\/{rel}","templated":true}]}}